{"id":1023,"date":"2013-03-16T11:50:47","date_gmt":"2013-03-16T09:50:47","guid":{"rendered":"https:\/\/filoxeneskatoikies.com\/?page_id=1023"},"modified":"2017-06-18T12:06:49","modified_gmt":"2017-06-18T10:06:49","slug":"attractions","status":"publish","type":"page","link":"https:\/\/filoxeneskatoikies.com\/de\/kythera\/attractions\/","title":{"rendered":"Sehenswertes"},"content":{"rendered":"<p><\/p>\n<h2>Die H\u00f6hle Agia Sofia<\/h2>\n<p style=\"text-align: justify;\"><a href=\"https:\/\/i0.wp.com\/www.filoxeneskatoikies.com\/wp-content\/uploads\/caves.jpg?ssl=1\" rel=\"fancybox[1023]\"><img data-recalc-dims=\"1\" loading=\"lazy\" decoding=\"async\" alt=\"caves, kythera, kithira, \u03c3\u03c0\u03ae\u03bb\u03b1\u03b9\u03b1, \u03ba\u03cd\u03b8\u03b7\u03c1\u03b1\" src=\"https:\/\/i0.wp.com\/www.filoxeneskatoikies.com\/wp-content\/uploads\/caves-1024x512.jpg?resize=640%2C320&#038;ssl=1\" width=\"640\" height=\"320\" \/><\/a><\/p>\n<p style=\"text-align: justify;\">Die H\u00f6hle der Agia (Heiligen) Sofia ist eine der drei bekannten H\u00f6hlen in der Umgebung von Kythera. Die beiden anderen, die auch als H\u00f6hlen von Agia Sofia bekannt sind, sind in Kalamos und Agia Pelagia. Doch diese H\u00f6hle ist viel interessanter und die einzige erschlossene H\u00f6hle. Die H\u00f6hle von Agia \u00a0Sofia fungierte als Kirche seit \u00fcber 800 Jahren. Laut der Mythologie und neuere Forschungen sollen sich Paris und die sch\u00f6ne Helene von Troja hier versteckt haben. Der Mythologie zufolge heirateten sie im Eingangsbereich der H\u00f6hle. Die H\u00f6hle der Agia Sofia ist heute allgemein als eine der mythologischen H\u00f6hlen in der Welt bekannt. Viele Wissenschaftler haben versucht die H\u00f6hle zu erforschen. Im Jahr 1930 unternahm der kytherianische H\u00f6hlenforscher, Ioannis Petrochilos \u00a0den ersten systematischen Versuch, in das Innere der H\u00f6hle vorzudringen. Im Jahr 1970 schlie\u00dflich , seine Frau Anna Petrochilou machte eine analytische Abbildung \u00fcber das Innere der H\u00f6hle. Die Gr\u00f6\u00dfe der H\u00f6hle betr\u00e4gt 2200 Quadratmeter und der Abstand vom Anfang bis zum Ende ist 500 Meter, w\u00e4hrend die touristische Route 200 Meter ist. Die H\u00f6hle ist 60 Meter \u00fcber dem Meeresspiegel und 20 Meter tief im den Boden. In dieser H\u00f6hle k\u00f6nnen wir verschiedene Formationen von Stalaktiten und Stalagmiten sehen, in Farben von wei\u00df bis schwarz und verschiedene Rott\u00f6ne. Die verschiedenen Farben sind ein Ergebnis der metallischen Bestandteile und chemischer Konstitution der Region.<\/p>\n<h2>Der Leuchtturm von Moudari<\/h2>\n<p style=\"text-align: justify;\">Es ist der Leuchtturm am n\u00f6rdlichsten Punkt der Insel, am Kap Spathi. Er ist gr\u00f6\u00dfte Leuchtturm, der unter der englischen Herrschaft erbaut wurde.. Er wurde 1857 gebaut und hat eine H\u00f6he von 25 Metern. Der Blick auf die Meerenge vom Leuchtturm ist \u00fcberw\u00e4ltigend.<\/p>\n<h2>Die H\u00f6hle\u00a0von Housti<\/h2>\n<p>Die H\u00f6hle\u00a0von \u00a0Housti wurde erst vor kurzem ausgegraben. Die Arch\u00e4ologen entdeckten Keramik und menschliche Fossilien aus der Mittelsteinzeit, etwa 3000 v. Chr.. Es wird angenommen, dass die H\u00f6hle als Unterschlupf benutzt wurde. Sie liegt nahe Diakofti.<\/p>\n<h2>Das Kloster von Myrtidia<\/h2>\n<p style=\"text-align: justify;\"><a href=\"https:\/\/i0.wp.com\/www.filoxeneskatoikies.com\/wp-content\/uploads\/mirtidia.jpg?ssl=1\" rel=\"fancybox[1023]\"><img data-recalc-dims=\"1\" loading=\"lazy\" decoding=\"async\" alt=\"kythera, virgin, mary, panayia\" src=\"https:\/\/i0.wp.com\/www.filoxeneskatoikies.com\/wp-content\/uploads\/mirtidia-1024x512.jpg?resize=640%2C320&#038;ssl=1\" width=\"640\" height=\"320\" \/><\/a><\/p>\n<p style=\"text-align: justify;\">Im s\u00fcdwestlichen Teil von Kythera gelegen, das Kloster der Panagia Myrtidiotissa, der religi\u00f6se Mittelpunkt der Insel. Zweimal im Jahr, am 15. August und am 24. September wird die Mutter Gottes verehrt, von Einheimischen und von vielen Besuchern der Insel. Die Stra\u00dfe zum Kloster f\u00fchrt \u00fcber eine Steinbr\u00fccke aus dem Jahre 1821 und durch eine imposante Fels\u00f6ffnung langsam zum Meer hinab. Von dem gro\u00dfen Kreuz kurz vor dem Kloster er\u00f6ffnet sich dem Besucher ein wunderbarer Blick auf das Kloster und dem dahinter liegenden Meer.<\/p>\n<h2>Die Br\u00fccke von Katouni<\/h2>\n<p style=\"text-align: justify;\"><a href=\"https:\/\/i0.wp.com\/www.filoxeneskatoikies.com\/wp-content\/uploads\/livadi.jpg?ssl=1\" rel=\"fancybox[1023]\"><img data-recalc-dims=\"1\" loading=\"lazy\" decoding=\"async\" alt=\"\u03bb\u03b9\u03b2\u03ac\u03b4\u03b9, kythira, kithira, livadi\" src=\"https:\/\/i0.wp.com\/www.filoxeneskatoikies.com\/wp-content\/uploads\/livadi-1024x512.jpg?resize=640%2C320&#038;ssl=1\" width=\"640\" height=\"320\" \/><\/a><\/p>\n<p style=\"text-align: justify;\">Erbaut im Jahre 1826, es ist die gr\u00f6\u00dfte Steinbr\u00fccke die auf dem Balkan die von den Engl\u00e4ndern erbaut \u00a0wurde (110m lang, 6m breit, 15m maximale H\u00f6he und von 13 B\u00f6gen und 12 symmetrischen Galerien getragen). Der Legende nach war der britische Kommissar Mackwell der Liebe, zu einer jungen lokalen \u00a0Zauberin, verfallen und \u00a0so hatte er diese Br\u00fccke erbaut um sie einfacher besuchen zu k\u00f6nnen.<\/p>\n<h2>Die H\u00f6hle von Chytra<\/h2>\n<p style=\"text-align: justify;\">Wenige Seemeilen au\u00dferhalb der Bucht von Kapsali befindet sich die Felseninsel Chytra, eine fast unzug\u00e4ngliche Insel, eine ideale Brutst\u00e4tte f\u00fcr V\u00f6gel. Auf der S\u00fcdseite der Insel gibt eine H\u00f6hle, die mit dem Ausflugsboot von Kapit\u00e4n Spiros besucht werden kann. Die kleine blaue Grotte von Kythira, der Besuch ist ein Muss ! An den Steilh\u00e4ngen der Insel w\u00e4chst eine selten gelbe Blume, die Sempreviva (das ewige Leben). Die Blume wird nur von erfahrenen Einheimischen im Juni gepfl\u00fcgt.<\/p>\n<h2>Die Schlucht von Tsakonas<\/h2>\n<p style=\"text-align: justify;\">Die Schlucht von Tsakonas ist zwischen den D\u00f6rfern Mitata und Viaradika gelegen, im Zentrum der Insel. Eine sehr schwierige, aber sehr interessante Schlucht aufgrund der Vielfalt von Pflanzen. Noch interessanter ist, dass im Inneren der Schlucht sich versteckte Kirchen, in den Felsen gehauen, befinden.<\/p>\n<h2>Der Wasserfall von Mylopotamos<\/h2>\n<p style=\"text-align: justify;\"><a href=\"https:\/\/i0.wp.com\/www.filoxeneskatoikies.com\/wp-content\/uploads\/waterfall.jpg?ssl=1\" rel=\"fancybox[1023]\"><img data-recalc-dims=\"1\" loading=\"lazy\" decoding=\"async\" alt=\"mylopotamos, waterfall, kythera, kithira\" src=\"https:\/\/i0.wp.com\/www.filoxeneskatoikies.com\/wp-content\/uploads\/waterfall-1024x512.jpg?resize=640%2C320&#038;ssl=1\" width=\"640\" height=\"320\" \/><\/a><\/p>\n<p style=\"text-align: justify;\">In dem malerischen Dorf Mylopotamos folgen Sie dem Schild &#8222;Neraida Waterfall&#8220; oder dem Wanderweg M41. Das Wasser f\u00e4llt aus einer H\u00f6he von etwa 20 Metern in einem kleinen Teich. Ein idyllischer Ort mit reicher Vegetation. Wandern Sie dem Bachlauf nach, der Sie immer weiter in die Schlucht f\u00fchrt, zu den verlassenen Wasserm\u00fchlen mit den kleinen Seen und ihren Kaskaden, kleine alte steinerne Br\u00fccken und M\u00fchlen. Ein Weg der Sie in die Vergangenheit zur\u00fcck f\u00fchrt und Sie an das eine oder andere M\u00e4rchen erinnert.<\/p>\n<h2>Paleochora<\/h2>\n<p><strong><a href=\"https:\/\/i0.wp.com\/www.filoxeneskatoikies.com\/wp-content\/uploads\/paleochora.jpg?ssl=1\" rel=\"fancybox[1023]\"><img data-recalc-dims=\"1\" loading=\"lazy\" decoding=\"async\" alt=\"paleochora, \u03c0\u03b1\u03bb\u03b1\u03b9\u03cc\u03c7\u03c9\u03c1\u03b1, \u03ba\u03cd\u03b8\u03b7\u03c1\u03b1\" src=\"https:\/\/i0.wp.com\/www.filoxeneskatoikies.com\/wp-content\/uploads\/paleochora-1024x512.jpg?resize=640%2C320&#038;ssl=1\" width=\"640\" height=\"320\" \/><\/a><\/strong><\/p>\n<p>Paleochora, auch Agios Dimitrios bekannt, war die byzantinischen Hauptstadt der Insel. Sie befindet sich im n\u00f6rdlichsten Teil der Insel, \u00a0auf einer steilen Klippe, am Kreuzungpunkt zweier Schluchten. Dort hatten die Inselbewohner Schutz vor den Piraten gefunden. Die Position des Stadt war ideal, von der Meeresseite uneinnehmbar. \u00a0Im Jahre 1537 eroberte der Pirat Barbarossa die Stadt von Landseite und t\u00f6tete 7000 Menschen. Heute hat die zerst\u00f6rte Stadt eine wilde, unheimliche Attraktivit\u00e4t. An den W\u00e4nden einiger der Ruinen gibt es herrliche Fresken. Ein sch\u00f6ner Wanderweg <strong>M31<\/strong> startet in Potamos und geht \u00fcber Trifilianika nach Paleochora. Verpassen Sie auf\u00a0 keinen Fall Paleochora zu besuchen!<\/p>\n<h2>Byzantinisches Museum<\/h2>\n<p style=\"text-align: justify;\">Das Byzantinische Museum ist in Kato Livadi. Der Besucher kann Kunstwerke, aus der byzantinischen und nachbyzantinischen Epoche, wie Wandmalereien und Objekte von religi\u00f6sen Riten, besichtigen. Eines der wichtigsten Ausstellungsst\u00fccke sind die Fragmente aus der fr\u00fchchristlichen Zeit der Kirche Agios Ioannis in Potamos. Das Museum ist t\u00e4glich ge\u00f6ffnet und der Fremdenf\u00fchrer ist immer bereit, alle Ihre Fragen zu beantworten.<\/p>\n<h2>Die Burg von Chora<\/h2>\n<p style=\"text-align: justify;\"><a href=\"https:\/\/i0.wp.com\/www.filoxeneskatoikies.com\/wp-content\/uploads\/castles.jpg?ssl=1\" rel=\"fancybox[1023]\"><img data-recalc-dims=\"1\" loading=\"lazy\" decoding=\"async\" alt=\"castles, kythera, fortress, \u03ba\u03cd\u03b8\u03b7\u03c1\u03b1\" src=\"https:\/\/i0.wp.com\/www.filoxeneskatoikies.com\/wp-content\/uploads\/castles-1024x512.jpg?resize=640%2C320&#038;ssl=1\" width=\"640\" height=\"320\" \/><\/a><\/p>\n<p style=\"text-align: justify;\">Die venezianische Burg oder &#8222;Fortezza&#8220;, eine Festung aus dem 13. Jahrhundert, steht imposant \u00fcber der Hauptstadt Chora. Die Lage der Burg, zwischen der \u00c4g\u00e4is, dem Ionischen und dem Kreischen Meer, \u00a0war strategisch wichtig. Sie wurde auch das &#8222;Auge von Kreta&#8220; genannt, da man die Bewegungen der Schiffe kontrollieren konnte. Vorbei an den renovierten alten H\u00e4usern steigen wir hinauf, auf einen Kopfstein gepflasterten Weg, \u00a0zur Burg. Fr\u00fcher hatte man nur Zugang \u00fcber die &#8222;Fossa&#8220;, \u00a0den Tunnel. Auf der linken Seite sehen Sie das Gef\u00e4ngnis und auf der rechten Seite die alten \u00a0Zisternen. Der Blick von der Burg auf Kapsali, und bei gutem Wetter bis nach Kreta, ist atemberaubend.<\/p>\n<p><\/p>","protected":false},"excerpt":{"rendered":"<p>Die H\u00f6hle Agia Sofia Die H\u00f6hle der Agia (Heiligen) Sofia ist eine der drei bekannten H\u00f6hlen in der Umgebung von&#8230;<\/p>\n","protected":false},"author":3,"featured_media":0,"parent":112,"menu_order":0,"comment_status":"closed","ping_status":"closed","template":"","meta":{"footnotes":""},"class_list":["post-1023","page","type-page","status-publish","hentry"],"yoast_head":"<!-- This site is optimized with the Yoast SEO plugin v27.2 - https:\/\/yoast.com\/product\/yoast-seo-wordpress\/ -->\n<title>\u0391\u03be\u03b9\u03bf\u03b8\u03ad\u03b1\u03c4\u03b1AttractionsAttrazioniSehenswertes\u0414\u043e\u0441\u0442\u043e\u043f\u0440\u0438\u043c\u0435\u0447\u0430\u0442\u0435\u043b\u044c\u043d\u043e\u0441\u0442\u0438 - Filoxenes Katoikies | Kythera | Greece<\/title>\n<meta name=\"robots\" content=\"index, follow, max-snippet:-1, max-image-preview:large, max-video-preview:-1\" \/>\n<link rel=\"canonical\" href=\"https:\/\/filoxeneskatoikies.com\/de\/kythera\/attractions\/\" \/>\n<meta property=\"og:locale\" content=\"de_DE\" \/>\n<meta property=\"og:type\" content=\"article\" \/>\n<meta property=\"og:title\" content=\"\u0391\u03be\u03b9\u03bf\u03b8\u03ad\u03b1\u03c4\u03b1AttractionsAttrazioniSehenswertes\u0414\u043e\u0441\u0442\u043e\u043f\u0440\u0438\u043c\u0435\u0447\u0430\u0442\u0435\u043b\u044c\u043d\u043e\u0441\u0442\u0438 - Filoxenes Katoikies | Kythera | Greece\" \/>\n<meta property=\"og:description\" content=\"Die H\u00f6hle Agia Sofia Die H\u00f6hle der Agia (Heiligen) Sofia ist eine der drei bekannten H\u00f6hlen in der Umgebung von...\" \/>\n<meta property=\"og:url\" content=\"https:\/\/filoxeneskatoikies.com\/de\/kythera\/attractions\/\" \/>\n<meta property=\"og:site_name\" content=\"Filoxenes Katoikies | Kythera | Greece\" \/>\n<meta property=\"article:modified_time\" content=\"2017-06-18T10:06:49+00:00\" \/>\n<meta property=\"og:image\" content=\"https:\/\/www.filoxeneskatoikies.com\/wp-content\/uploads\/castles-1024x512.jpg\" \/>\n<meta name=\"twitter:card\" content=\"summary_large_image\" \/>\n<meta name=\"twitter:label1\" content=\"Gesch\u00e4tzte Lesezeit\" \/>\n\t<meta name=\"twitter:data1\" content=\"13\u00a0Minuten\" \/>\n<script type=\"application\/ld+json\" class=\"yoast-schema-graph\">{\"@context\":\"https:\/\/schema.org\",\"@graph\":[{\"@type\":\"WebPage\",\"@id\":\"https:\/\/filoxeneskatoikies.com\/de\/kythera\/attractions\/\",\"url\":\"https:\/\/filoxeneskatoikies.com\/de\/kythera\/attractions\/\",\"name\":\"\u0391\u03be\u03b9\u03bf\u03b8\u03ad\u03b1\u03c4\u03b1AttractionsAttrazioniSehenswertes\u0414\u043e\u0441\u0442\u043e\u043f\u0440\u0438\u043c\u0435\u0447\u0430\u0442\u0435\u043b\u044c\u043d\u043e\u0441\u0442\u0438 - Filoxenes Katoikies | Kythera | Greece\",\"isPartOf\":{\"@id\":\"https:\/\/filoxeneskatoikies.com\/de\/#website\"},\"primaryImageOfPage\":{\"@id\":\"https:\/\/filoxeneskatoikies.com\/de\/kythera\/attractions\/#primaryimage\"},\"image\":{\"@id\":\"https:\/\/filoxeneskatoikies.com\/de\/kythera\/attractions\/#primaryimage\"},\"thumbnailUrl\":\"https:\/\/www.filoxeneskatoikies.com\/wp-content\/uploads\/castles-1024x512.jpg\",\"datePublished\":\"2013-03-16T09:50:47+00:00\",\"dateModified\":\"2017-06-18T10:06:49+00:00\",\"breadcrumb\":{\"@id\":\"https:\/\/filoxeneskatoikies.com\/de\/kythera\/attractions\/#breadcrumb\"},\"inLanguage\":\"de\",\"potentialAction\":[{\"@type\":\"ReadAction\",\"target\":[[\"https:\/\/filoxeneskatoikies.com\/de\/kythera\/attractions\/\"]]}]},{\"@type\":\"ImageObject\",\"inLanguage\":\"de\",\"@id\":\"https:\/\/filoxeneskatoikies.com\/de\/kythera\/attractions\/#primaryimage\",\"url\":\"https:\/\/www.filoxeneskatoikies.com\/wp-content\/uploads\/castles-1024x512.jpg\",\"contentUrl\":\"https:\/\/www.filoxeneskatoikies.com\/wp-content\/uploads\/castles-1024x512.jpg\"},{\"@type\":\"BreadcrumbList\",\"@id\":\"https:\/\/filoxeneskatoikies.com\/de\/kythera\/attractions\/#breadcrumb\",\"itemListElement\":[{\"@type\":\"ListItem\",\"position\":1,\"name\":\"Home\",\"item\":\"https:\/\/filoxeneskatoikies.com\/de\/\"},{\"@type\":\"ListItem\",\"position\":2,\"name\":\"Sehenswertes\"}]},{\"@type\":\"WebSite\",\"@id\":\"https:\/\/filoxeneskatoikies.com\/de\/#website\",\"url\":\"https:\/\/filoxeneskatoikies.com\/de\/\",\"name\":\"Filoxenes Katoikies | Kythera | Greece\",\"description\":\"Voyage to Kythera\",\"potentialAction\":[{\"@type\":\"SearchAction\",\"target\":{\"@type\":\"EntryPoint\",\"urlTemplate\":\"https:\/\/filoxeneskatoikies.com\/de\/?s={search_term_string}\"},\"query-input\":{\"@type\":\"PropertyValueSpecification\",\"valueRequired\":true,\"valueName\":\"search_term_string\"}}],\"inLanguage\":\"de\"}]}<\/script>\n<!-- \/ Yoast SEO plugin. -->","yoast_head_json":{"title":"\u0391\u03be\u03b9\u03bf\u03b8\u03ad\u03b1\u03c4\u03b1AttractionsAttrazioniSehenswertes\u0414\u043e\u0441\u0442\u043e\u043f\u0440\u0438\u043c\u0435\u0447\u0430\u0442\u0435\u043b\u044c\u043d\u043e\u0441\u0442\u0438 - Filoxenes Katoikies | Kythera | Greece","robots":{"index":"index","follow":"follow","max-snippet":"max-snippet:-1","max-image-preview":"max-image-preview:large","max-video-preview":"max-video-preview:-1"},"canonical":"https:\/\/filoxeneskatoikies.com\/de\/kythera\/attractions\/","og_locale":"de_DE","og_type":"article","og_title":"\u0391\u03be\u03b9\u03bf\u03b8\u03ad\u03b1\u03c4\u03b1AttractionsAttrazioniSehenswertes\u0414\u043e\u0441\u0442\u043e\u043f\u0440\u0438\u043c\u0435\u0447\u0430\u0442\u0435\u043b\u044c\u043d\u043e\u0441\u0442\u0438 - Filoxenes Katoikies | Kythera | Greece","og_description":"Die H\u00f6hle Agia Sofia Die H\u00f6hle der Agia (Heiligen) Sofia ist eine der drei bekannten H\u00f6hlen in der Umgebung von...","og_url":"https:\/\/filoxeneskatoikies.com\/de\/kythera\/attractions\/","og_site_name":"Filoxenes Katoikies | Kythera | Greece","article_modified_time":"2017-06-18T10:06:49+00:00","og_image":[{"url":"https:\/\/www.filoxeneskatoikies.com\/wp-content\/uploads\/castles-1024x512.jpg","type":"","width":"","height":""}],"twitter_card":"summary_large_image","twitter_misc":{"Gesch\u00e4tzte Lesezeit":"13\u00a0Minuten"},"schema":{"@context":"https:\/\/schema.org","@graph":[{"@type":"WebPage","@id":"https:\/\/filoxeneskatoikies.com\/de\/kythera\/attractions\/","url":"https:\/\/filoxeneskatoikies.com\/de\/kythera\/attractions\/","name":"\u0391\u03be\u03b9\u03bf\u03b8\u03ad\u03b1\u03c4\u03b1AttractionsAttrazioniSehenswertes\u0414\u043e\u0441\u0442\u043e\u043f\u0440\u0438\u043c\u0435\u0447\u0430\u0442\u0435\u043b\u044c\u043d\u043e\u0441\u0442\u0438 - Filoxenes Katoikies | Kythera | Greece","isPartOf":{"@id":"https:\/\/filoxeneskatoikies.com\/de\/#website"},"primaryImageOfPage":{"@id":"https:\/\/filoxeneskatoikies.com\/de\/kythera\/attractions\/#primaryimage"},"image":{"@id":"https:\/\/filoxeneskatoikies.com\/de\/kythera\/attractions\/#primaryimage"},"thumbnailUrl":"https:\/\/www.filoxeneskatoikies.com\/wp-content\/uploads\/castles-1024x512.jpg","datePublished":"2013-03-16T09:50:47+00:00","dateModified":"2017-06-18T10:06:49+00:00","breadcrumb":{"@id":"https:\/\/filoxeneskatoikies.com\/de\/kythera\/attractions\/#breadcrumb"},"inLanguage":"de","potentialAction":[{"@type":"ReadAction","target":[["https:\/\/filoxeneskatoikies.com\/de\/kythera\/attractions\/"]]}]},{"@type":"ImageObject","inLanguage":"de","@id":"https:\/\/filoxeneskatoikies.com\/de\/kythera\/attractions\/#primaryimage","url":"https:\/\/www.filoxeneskatoikies.com\/wp-content\/uploads\/castles-1024x512.jpg","contentUrl":"https:\/\/www.filoxeneskatoikies.com\/wp-content\/uploads\/castles-1024x512.jpg"},{"@type":"BreadcrumbList","@id":"https:\/\/filoxeneskatoikies.com\/de\/kythera\/attractions\/#breadcrumb","itemListElement":[{"@type":"ListItem","position":1,"name":"Home","item":"https:\/\/filoxeneskatoikies.com\/de\/"},{"@type":"ListItem","position":2,"name":"Sehenswertes"}]},{"@type":"WebSite","@id":"https:\/\/filoxeneskatoikies.com\/de\/#website","url":"https:\/\/filoxeneskatoikies.com\/de\/","name":"Filoxenes Katoikies | Kythera | Greece","description":"Voyage to Kythera","potentialAction":[{"@type":"SearchAction","target":{"@type":"EntryPoint","urlTemplate":"https:\/\/filoxeneskatoikies.com\/de\/?s={search_term_string}"},"query-input":{"@type":"PropertyValueSpecification","valueRequired":true,"valueName":"search_term_string"}}],"inLanguage":"de"}]}},"jetpack_sharing_enabled":true,"_links":{"self":[{"href":"https:\/\/filoxeneskatoikies.com\/de\/wp-json\/wp\/v2\/pages\/1023","targetHints":{"allow":["GET"]}}],"collection":[{"href":"https:\/\/filoxeneskatoikies.com\/de\/wp-json\/wp\/v2\/pages"}],"about":[{"href":"https:\/\/filoxeneskatoikies.com\/de\/wp-json\/wp\/v2\/types\/page"}],"author":[{"embeddable":true,"href":"https:\/\/filoxeneskatoikies.com\/de\/wp-json\/wp\/v2\/users\/3"}],"replies":[{"embeddable":true,"href":"https:\/\/filoxeneskatoikies.com\/de\/wp-json\/wp\/v2\/comments?post=1023"}],"version-history":[{"count":29,"href":"https:\/\/filoxeneskatoikies.com\/de\/wp-json\/wp\/v2\/pages\/1023\/revisions"}],"predecessor-version":[{"id":2066,"href":"https:\/\/filoxeneskatoikies.com\/de\/wp-json\/wp\/v2\/pages\/1023\/revisions\/2066"}],"up":[{"embeddable":true,"href":"https:\/\/filoxeneskatoikies.com\/de\/wp-json\/wp\/v2\/pages\/112"}],"wp:attachment":[{"href":"https:\/\/filoxeneskatoikies.com\/de\/wp-json\/wp\/v2\/media?parent=1023"}],"curies":[{"name":"wp","href":"https:\/\/api.w.org\/{rel}","templated":true}]}}