{"id":112,"date":"2013-01-28T01:53:22","date_gmt":"2013-01-27T23:53:22","guid":{"rendered":"https:\/\/filoxeneskatoikies.com\/?page_id=112"},"modified":"2017-06-18T12:06:56","modified_gmt":"2017-06-18T10:06:56","slug":"kythera","status":"publish","type":"page","link":"https:\/\/filoxeneskatoikies.com\/de\/kythera\/","title":{"rendered":"Kythera"},"content":{"rendered":"<p><\/p>\n<div>\n<p style=\"text-align: justify;\">Kythera ist nicht nur eine beliebte Insel f\u00fcr Verliebte und Romantiker, es ist eine Insel wo die Zeit stehen geblieben scheint und seine Urspr\u00fcnglichkeit an vielen Orten bewahrt hat. Die Boote die an kleinen unbewohnten Inseln vorbeiziehen und ihre Spuren im aufgesch\u00e4umten Meer hinterlassen, die zauberhaften Str\u00e4nde mit hei\u00dfem Sand und bunten Steinen. Urspr\u00fcngliche Speisen auf einem gedeckten Tisch, Vrechtoladea (Tomaten, Feta und Paxemadia) und Tsiporo (Tresterschnaps), die sehr oft zu einer kleinen Feier ausarten. Wandern in Schluchten und T\u00e4lern mit reicher Vegetation. Nachmitt\u00e4gliche Menschenansammlungen unter den Platanen des Dorfplatzes. Traumhafte Sonnenunterg\u00e4nge erinnern uns an unsere s\u00fc\u00dfen Geheimnisse. Feste die alle zu einer gro\u00dfen Gemeinschaft verbinden. Die Insel der Gemeinschaft und der urspr\u00fcnglichen Erfahrungen, die Kytherianer kommen dem Reisenden mit ihrer Gastfreundschaft entgegen und \u00f6ffnen die Pforten ihres Hauses. Ein gelebtes altes St\u00fcck Griechenland mit dem Komfort von heute.<\/p>\n<p style=\"text-align: justify;\">Die\u00a0 gr\u00fcnen Berge und Erhebungen auf der Westseite von Kythera ziehen sich von S\u00fcd nach Nord. Die 64 D\u00f6rfer, viele von ihnen haben nur wenige Einwohnern, die Menschen sind ausgewandert und leben heute in Australien. Chora, die Hauptstadt der Insel, steht majest\u00e4tisch mit seiner Burg \u00fcber der Bucht von Kapsali, einer der malerischsten Buchten von Kythera. Mylopotamos und Karavas,\u00a0 vielbesungene D\u00f6rfern mit engen Stra\u00dfen, Gassen und Quellen. Avlemonas, Diakofti und Agia Pelagia mit seinen modernen Unterk\u00fcnften und schlie\u00dflich Potamos und Livadi die beiden Handelszentren von Kythera. Zwei asphaltierte Stra\u00dfen f\u00fchren zu den sch\u00f6nen Kl\u00f6stern, Agia Elessa und Panagia Myrtidiotissa.<\/p>\n<p style=\"text-align: justify;\">Kythera, in der Antike als Porfyroussa bekannt, in venezianischen Zeit als Tsirigo (Cerigo) und ebenfalls als die Insel der Aphrodite. Der Mythologie zufolge, hat Kronos die Genitalen seines Vaters Uranos abgeschnitten und ins Meer bei Paleiopoli geworfen. Das Meer sch\u00e4umte auf und aus diesem Schaum wurde Aphrodite geboren. Unz\u00e4hlige Eroberer haben ihre Spuren hinterlassen, vor allem die Venezianer und die Engl\u00e4nder. Unter der englischen Besetzung wurden Stra\u00dfen, Br\u00fccken, Schulen und Brunnen gebaut und ein Verwaltungssystem erstellt. Aufgrund dieser Infrastruktur wurden viele Kirchen und Kl\u00f6ster erbaut oder erweitert. Das heutige weitverzweigte Stra\u00dfennetz von Kythera basiert auf die Zeit der englischen Besetzung.<\/p>\n<p style=\"text-align: justify;\">In Kythera, beginnt das Leben in den fr\u00fchen Morgenstunden, von Avlemonas im Osten, mit seinem kleinen Hafen, voll mit Fischerbooten, Segelbooten und B\u00f6tchen. Besuchen Sie die kleine venezianische Festung und danach genie\u00dfen Sie Ihren Kaffee im Caf\u00e9haus am kleinen Hafen mit Blick auf das Meer. Nur wenige Autominuten von Avlemonas entfernt befindet sich der malerische Strand Kaladi. Vom Parkplatz steigt man 124 Stufen zum azurblauen Meer hinunter. In den aufragenden Klippen verstecken sich drei einzigartige Str\u00e4nde und H\u00f6hlen. Einer der meist fotografierten Motive von Kythera . Sonnengebr\u00e4unt setzen Sie Ihre Fahrt fort nach dem malerischen Dorf Mitata, mit seinen Quellen, der dichten Vegetation, B\u00e4ume, Myrten und Orangen. Die Natur entfaltet sich in ihrer ganzen Pracht. Sollte Sie der Hunger eingestellt haben nehmen Sie einen Tisch, auf Dorfplatz, in der malerischen Taverne Michalis platz. Verpassen Sie nicht die hausgemachten Kaltsounia und\u00a0 den griechischen Salat, alle Zutaten sind aus eigenem Anbau.<\/p>\n<p style=\"text-align: justify;\">Ein Besuch in Chora, der Inselhauptstadt, mit wei\u00df get\u00fcnchten Gassen und H\u00e4usern, ist ein Muss. Gehen Sie vom Dorfplatz hinunter zu der venezianische Burg, von hier haben Sie eine \u00fcberw\u00e4ltigen Aussicht, wie aus einem Adlernest, auf Kapsali und bei bestimmten Wetterlagen bis nach Kreta. Die Tour endet in Kapsali, mit seiner Doppelbucht, den kleinen Caf\u00e9s und Tavernen. Ein idealer Platz um den Tag, bei Zideros mit einem Glas Wein,\u00a0 dem Meeresrauschen, den Blick auf die Burg von Chora, ausklingen zu lassen.<\/p>\n<\/div>\n<p><\/p>","protected":false},"excerpt":{"rendered":"<p>Kythera ist nicht nur eine beliebte Insel f\u00fcr Verliebte und Romantiker, es ist eine Insel wo die Zeit stehen geblieben&#8230;<\/p>\n","protected":false},"author":3,"featured_media":1156,"parent":0,"menu_order":50,"comment_status":"closed","ping_status":"closed","template":"","meta":{"footnotes":""},"class_list":["post-112","page","type-page","status-publish","has-post-thumbnail","hentry"],"yoast_head":"<!-- This site is optimized with the Yoast SEO plugin v27.2 - https:\/\/yoast.com\/product\/yoast-seo-wordpress\/ -->\n<title>Kythera -<\/title>\n<meta name=\"robots\" content=\"index, follow, max-snippet:-1, max-image-preview:large, max-video-preview:-1\" \/>\n<link rel=\"canonical\" href=\"https:\/\/filoxeneskatoikies.com\/de\/kythera\/\" \/>\n<meta property=\"og:locale\" content=\"de_DE\" \/>\n<meta property=\"og:type\" content=\"article\" \/>\n<meta property=\"og:title\" content=\"Kythera -\" \/>\n<meta property=\"og:description\" content=\"Kythera ist nicht nur eine beliebte Insel f\u00fcr Verliebte und Romantiker, es ist eine Insel wo die Zeit stehen geblieben...\" \/>\n<meta property=\"og:url\" content=\"https:\/\/filoxeneskatoikies.com\/de\/kythera\/\" \/>\n<meta property=\"og:site_name\" content=\"Filoxenes Katoikies | Kythera | Greece\" \/>\n<meta property=\"article:modified_time\" content=\"2017-06-18T10:06:56+00:00\" \/>\n<meta property=\"og:image\" content=\"https:\/\/i0.wp.com\/filoxeneskatoikies.com\/wp-content\/uploads\/promo1.jpg?fit=1920%2C960&ssl=1\" \/>\n\t<meta property=\"og:image:width\" content=\"1920\" \/>\n\t<meta property=\"og:image:height\" content=\"960\" \/>\n\t<meta property=\"og:image:type\" content=\"image\/jpeg\" \/>\n<meta name=\"twitter:card\" content=\"summary_large_image\" \/>\n<meta name=\"twitter:label1\" content=\"Gesch\u00e4tzte Lesezeit\" \/>\n\t<meta name=\"twitter:data1\" content=\"9\u00a0Minuten\" \/>\n<script type=\"application\/ld+json\" class=\"yoast-schema-graph\">{\"@context\":\"https:\/\/schema.org\",\"@graph\":[{\"@type\":\"WebPage\",\"@id\":\"https:\/\/filoxeneskatoikies.com\/de\/kythera\/\",\"url\":\"https:\/\/filoxeneskatoikies.com\/de\/kythera\/\",\"name\":\"Kythera -\",\"isPartOf\":{\"@id\":\"https:\/\/filoxeneskatoikies.com\/de\/#website\"},\"primaryImageOfPage\":{\"@id\":\"https:\/\/filoxeneskatoikies.com\/de\/kythera\/#primaryimage\"},\"image\":{\"@id\":\"https:\/\/filoxeneskatoikies.com\/de\/kythera\/#primaryimage\"},\"thumbnailUrl\":\"https:\/\/i0.wp.com\/filoxeneskatoikies.com\/wp-content\/uploads\/promo1.jpg?fit=1920%2C960&ssl=1\",\"datePublished\":\"2013-01-27T23:53:22+00:00\",\"dateModified\":\"2017-06-18T10:06:56+00:00\",\"breadcrumb\":{\"@id\":\"https:\/\/filoxeneskatoikies.com\/de\/kythera\/#breadcrumb\"},\"inLanguage\":\"de\",\"potentialAction\":[{\"@type\":\"ReadAction\",\"target\":[[\"https:\/\/filoxeneskatoikies.com\/de\/kythera\/\"]]}]},{\"@type\":\"ImageObject\",\"inLanguage\":\"de\",\"@id\":\"https:\/\/filoxeneskatoikies.com\/de\/kythera\/#primaryimage\",\"url\":\"https:\/\/i0.wp.com\/filoxeneskatoikies.com\/wp-content\/uploads\/promo1.jpg?fit=1920%2C960&ssl=1\",\"contentUrl\":\"https:\/\/i0.wp.com\/filoxeneskatoikies.com\/wp-content\/uploads\/promo1.jpg?fit=1920%2C960&ssl=1\",\"width\":1920,\"height\":960},{\"@type\":\"BreadcrumbList\",\"@id\":\"https:\/\/filoxeneskatoikies.com\/de\/kythera\/#breadcrumb\",\"itemListElement\":[{\"@type\":\"ListItem\",\"position\":1,\"name\":\"Home\",\"item\":\"https:\/\/filoxeneskatoikies.com\/de\/\"},{\"@type\":\"ListItem\",\"position\":2,\"name\":\"Kythera\"}]},{\"@type\":\"WebSite\",\"@id\":\"https:\/\/filoxeneskatoikies.com\/de\/#website\",\"url\":\"https:\/\/filoxeneskatoikies.com\/de\/\",\"name\":\"Filoxenes Katoikies | Kythera | Greece\",\"description\":\"Voyage to Kythera\",\"potentialAction\":[{\"@type\":\"SearchAction\",\"target\":{\"@type\":\"EntryPoint\",\"urlTemplate\":\"https:\/\/filoxeneskatoikies.com\/de\/?s={search_term_string}\"},\"query-input\":{\"@type\":\"PropertyValueSpecification\",\"valueRequired\":true,\"valueName\":\"search_term_string\"}}],\"inLanguage\":\"de\"}]}<\/script>\n<!-- \/ Yoast SEO plugin. -->","yoast_head_json":{"title":"Kythera -","robots":{"index":"index","follow":"follow","max-snippet":"max-snippet:-1","max-image-preview":"max-image-preview:large","max-video-preview":"max-video-preview:-1"},"canonical":"https:\/\/filoxeneskatoikies.com\/de\/kythera\/","og_locale":"de_DE","og_type":"article","og_title":"Kythera -","og_description":"Kythera ist nicht nur eine beliebte Insel f\u00fcr Verliebte und Romantiker, es ist eine Insel wo die Zeit stehen geblieben...","og_url":"https:\/\/filoxeneskatoikies.com\/de\/kythera\/","og_site_name":"Filoxenes Katoikies | Kythera | Greece","article_modified_time":"2017-06-18T10:06:56+00:00","og_image":[{"width":1920,"height":960,"url":"https:\/\/i0.wp.com\/filoxeneskatoikies.com\/wp-content\/uploads\/promo1.jpg?fit=1920%2C960&ssl=1","type":"image\/jpeg"}],"twitter_card":"summary_large_image","twitter_misc":{"Gesch\u00e4tzte Lesezeit":"9\u00a0Minuten"},"schema":{"@context":"https:\/\/schema.org","@graph":[{"@type":"WebPage","@id":"https:\/\/filoxeneskatoikies.com\/de\/kythera\/","url":"https:\/\/filoxeneskatoikies.com\/de\/kythera\/","name":"Kythera -","isPartOf":{"@id":"https:\/\/filoxeneskatoikies.com\/de\/#website"},"primaryImageOfPage":{"@id":"https:\/\/filoxeneskatoikies.com\/de\/kythera\/#primaryimage"},"image":{"@id":"https:\/\/filoxeneskatoikies.com\/de\/kythera\/#primaryimage"},"thumbnailUrl":"https:\/\/i0.wp.com\/filoxeneskatoikies.com\/wp-content\/uploads\/promo1.jpg?fit=1920%2C960&ssl=1","datePublished":"2013-01-27T23:53:22+00:00","dateModified":"2017-06-18T10:06:56+00:00","breadcrumb":{"@id":"https:\/\/filoxeneskatoikies.com\/de\/kythera\/#breadcrumb"},"inLanguage":"de","potentialAction":[{"@type":"ReadAction","target":[["https:\/\/filoxeneskatoikies.com\/de\/kythera\/"]]}]},{"@type":"ImageObject","inLanguage":"de","@id":"https:\/\/filoxeneskatoikies.com\/de\/kythera\/#primaryimage","url":"https:\/\/i0.wp.com\/filoxeneskatoikies.com\/wp-content\/uploads\/promo1.jpg?fit=1920%2C960&ssl=1","contentUrl":"https:\/\/i0.wp.com\/filoxeneskatoikies.com\/wp-content\/uploads\/promo1.jpg?fit=1920%2C960&ssl=1","width":1920,"height":960},{"@type":"BreadcrumbList","@id":"https:\/\/filoxeneskatoikies.com\/de\/kythera\/#breadcrumb","itemListElement":[{"@type":"ListItem","position":1,"name":"Home","item":"https:\/\/filoxeneskatoikies.com\/de\/"},{"@type":"ListItem","position":2,"name":"Kythera"}]},{"@type":"WebSite","@id":"https:\/\/filoxeneskatoikies.com\/de\/#website","url":"https:\/\/filoxeneskatoikies.com\/de\/","name":"Filoxenes Katoikies | Kythera | Greece","description":"Voyage to Kythera","potentialAction":[{"@type":"SearchAction","target":{"@type":"EntryPoint","urlTemplate":"https:\/\/filoxeneskatoikies.com\/de\/?s={search_term_string}"},"query-input":{"@type":"PropertyValueSpecification","valueRequired":true,"valueName":"search_term_string"}}],"inLanguage":"de"}]}},"jetpack_sharing_enabled":true,"_links":{"self":[{"href":"https:\/\/filoxeneskatoikies.com\/de\/wp-json\/wp\/v2\/pages\/112","targetHints":{"allow":["GET"]}}],"collection":[{"href":"https:\/\/filoxeneskatoikies.com\/de\/wp-json\/wp\/v2\/pages"}],"about":[{"href":"https:\/\/filoxeneskatoikies.com\/de\/wp-json\/wp\/v2\/types\/page"}],"author":[{"embeddable":true,"href":"https:\/\/filoxeneskatoikies.com\/de\/wp-json\/wp\/v2\/users\/3"}],"replies":[{"embeddable":true,"href":"https:\/\/filoxeneskatoikies.com\/de\/wp-json\/wp\/v2\/comments?post=112"}],"version-history":[{"count":64,"href":"https:\/\/filoxeneskatoikies.com\/de\/wp-json\/wp\/v2\/pages\/112\/revisions"}],"predecessor-version":[{"id":938,"href":"https:\/\/filoxeneskatoikies.com\/de\/wp-json\/wp\/v2\/pages\/112\/revisions\/938"}],"wp:featuredmedia":[{"embeddable":true,"href":"https:\/\/filoxeneskatoikies.com\/de\/wp-json\/wp\/v2\/media\/1156"}],"wp:attachment":[{"href":"https:\/\/filoxeneskatoikies.com\/de\/wp-json\/wp\/v2\/media?parent=112"}],"curies":[{"name":"wp","href":"https:\/\/api.w.org\/{rel}","templated":true}]}}