{"id":123,"date":"2013-01-28T02:15:36","date_gmt":"2013-01-28T00:15:36","guid":{"rendered":"https:\/\/filoxeneskatoikies.com\/?page_id=123"},"modified":"2017-11-09T01:35:46","modified_gmt":"2017-11-08T23:35:46","slug":"things-to-do","status":"publish","type":"page","link":"https:\/\/filoxeneskatoikies.com\/de\/kythera\/things-to-do\/","title":{"rendered":"Was kann man tun"},"content":{"rendered":"<p><\/p>\n<h2>Sch\u00f6ne Str\u00e4nde die zum Schwimmen einladen:<\/h2>\n<p>Im Osten\u00a0 -Diakofti, Paleopoli, Kaladi und Komponada,<br \/>\nIm Norden &#8211; Lorenzo, Fournos und Firi Ammos, Kakia Lagada<br \/>\nIm S\u00fcden \u2013 Melidoni, Sparangario, Firi Ammos und Chalkos<br \/>\nIm Westen &#8211; Kalami<\/p>\n<h2>Gutes traditionelles Essen:<\/h2>\n<p>Psomoladea (Avlemonas), Panaretos (Potamos), Traditionelles Cafe &amp; Taverne Michalis (Mitata), Platanos (Mylopotamos), Skandia (Paleopoli), Filio (Kalamos),\u00a0 Toxotis (Livadi), Pierros (Livadi), Fischtaverne Manolis (Diakofti)<\/p>\n<h2>Die vielseitige Landschaft auf sich einwirken lassen:<\/h2>\n<p>Die Landschaft von Kythera ist vielf\u00e4lltig. Die meisten D\u00f6rfer liegen auf der Hochebene, von der aus kleine T\u00e4ler und Schluchten zum Meer hinlaufen. Die Vegitation \u00e4ndert sich st\u00e4ndig, fast kahl nur niedrige B\u00fcsche dann Fichtenw\u00e4lder oder Olivenhaine.<\/p>\n<h2>Malerische D\u00f6rfer besuchen:<\/h2>\n<p>Mylopotamos (Traditionelles Dorf mit dichter Vegetation)<br \/>\nMitata-Viaradika (Zwei gr\u00fcne D\u00f6rfer)<br \/>\nKaravas (traditionelles Dorf f\u00fcr seine Quellen Amir Ali bekannt)<br \/>\nChora (Hauptstadt mit seiner Festung)<br \/>\nKapsali (Der bekannteste Ferienort in Kythera)<br \/>\nAvlemonas (Fischerdorf mit kleinem malerischen Hafen)<br \/>\nKalokerines (traditionelles Dorf)<br \/>\nPotamos (Dorf und Einkaufszentrum)<b>\u00a0<\/b><\/p>\n<h2>Wandern:<\/h2>\n<p>Der kleine Wasserfall und die Wasserm\u00fchlen (Mylopotamos), Quellen von Amir Ali (Karavas), die Quellen von Viaradika und die Schlucht von Paleochora. Informationen \u00fcber die ausgeschilderten Wanderrouten finden Sie auf <a href=\"https:\/\/www.kytherahiking.com\/\" target=\"_blank\" rel=\"noopener\">https:\/\/www.kytherahiking.com\/<\/a><\/p>\n<h2>Sch\u00f6ne Kl\u00f6ster besuchen:<\/h2>\n<p>Kloster Myrtidia, der religi\u00f6se Mittelpunkt der Insel, Agia Elessa (atemberaubende Sonnenunterg\u00e4nge) und Agia Moni.<\/p>\n<h2>Sommerfeste besuchen:<\/h2>\n<p>Weinfest (Mitata), das Fest der Jungfrau Maria (Potamos) und die Feste in Karavas, Fratsia, Kalamos und Agia Pelagia.<\/p>\n<h2>Lokale Produkte geniessen:<\/h2>\n<p>Fatourada, ein Getr\u00e4nk aus Raki mit einem Hauch von Nelken und Zimt. Verkauf von traditionellen Produkten in Kythera, Marianthi (Potamos), Milch und Honig (Mitata) und Stavros (Chora).<br \/>\nLadopaximadia, eines der bekanntesten Produkte in Kythera, eine Art getrocknetes Brot mit Oliven\u00f6l. In allen B\u00e4ckereien erh\u00e4ltlich.<br \/>\nThymianhonig von h\u00f6chster Qualit\u00e4t.<\/p>\n<h2>Besichtigungen:<\/h2>\n<p>Die H\u00f6hle von Agia Sophia (Mylopotamos), das Byzantinische Museum (Kato Livadi),\u00a0 die venezianischen Festungen (Chora und Kato Mylopotamos), Paleochora die alte zerst\u00f6rte Inselhauptstadt, die Felseninsel Chitra mit seiner blauen Grotte (Bootsausflug vom Kapsali) und die Steinbr\u00fccke von Katouni (Kato Livadi).<\/p>\n<h2>Entspannen bei Kaffee und Getr\u00e4nke:<\/h2>\n<p>Mirodia Kalokeriou (Avlemonas), Minas (Diakofti), \u00a0Astikon (Potamos), Fos Fanari (Chora), Kamari (Mylopotamos), Amir Ali (Karavas).<\/p>\n<h2>Entspannen bei Kaffee und Kuchen:<\/h2>\n<p>Renas Konditorei mit traditionellen S\u00fcssigkeiten (Livadi)<\/p>\n<h2>Abendliche Unterhaltung:<\/h2>\n<p>Mercato (Chora), Banda Landra (Kapsali), Fox Anglais (Kapsali)<\/p>\n<h2>Andenken:<\/h2>\n<p>Geschenke und Andenken Samios (Potamos) und Cressida (Potamos)<\/p>","protected":false},"excerpt":{"rendered":"<p>Sch\u00f6ne Str\u00e4nde die zum Schwimmen einladen: Im Osten\u00a0 -Diakofti, Paleopoli, Kaladi und Komponada, Im Norden &#8211; Lorenzo, Fournos und Firi&#8230;<\/p>\n","protected":false},"author":3,"featured_media":0,"parent":112,"menu_order":0,"comment_status":"closed","ping_status":"closed","template":"","meta":{"footnotes":""},"class_list":["post-123","page","type-page","status-publish","hentry"],"yoast_head":"<!-- This site is optimized with the Yoast SEO plugin v27.2 - https:\/\/yoast.com\/product\/yoast-seo-wordpress\/ -->\n<title>Was kann man tun - Filoxenes Katoikies | Kythera | Greece<\/title>\n<meta name=\"robots\" content=\"index, follow, max-snippet:-1, max-image-preview:large, max-video-preview:-1\" \/>\n<link rel=\"canonical\" href=\"https:\/\/filoxeneskatoikies.com\/de\/kythera\/things-to-do\/\" \/>\n<meta property=\"og:locale\" content=\"de_DE\" \/>\n<meta property=\"og:type\" content=\"article\" \/>\n<meta property=\"og:title\" content=\"Was kann man tun - Filoxenes Katoikies | Kythera | Greece\" \/>\n<meta property=\"og:description\" content=\"Sch\u00f6ne Str\u00e4nde die zum Schwimmen einladen: Im Osten\u00a0 -Diakofti, Paleopoli, Kaladi und Komponada, Im Norden &#8211; Lorenzo, Fournos und Firi...\" \/>\n<meta property=\"og:url\" content=\"https:\/\/filoxeneskatoikies.com\/de\/kythera\/things-to-do\/\" \/>\n<meta property=\"og:site_name\" content=\"Filoxenes Katoikies | Kythera | Greece\" \/>\n<meta property=\"article:modified_time\" content=\"2017-11-08T23:35:46+00:00\" \/>\n<meta name=\"twitter:card\" content=\"summary_large_image\" \/>\n<meta name=\"twitter:label1\" content=\"Gesch\u00e4tzte Lesezeit\" \/>\n\t<meta name=\"twitter:data1\" content=\"5\u00a0Minuten\" \/>\n<script type=\"application\/ld+json\" class=\"yoast-schema-graph\">{\"@context\":\"https:\/\/schema.org\",\"@graph\":[{\"@type\":\"WebPage\",\"@id\":\"https:\/\/filoxeneskatoikies.com\/de\/kythera\/things-to-do\/\",\"url\":\"https:\/\/filoxeneskatoikies.com\/de\/kythera\/things-to-do\/\",\"name\":\"Was kann man tun - Filoxenes Katoikies | Kythera | Greece\",\"isPartOf\":{\"@id\":\"https:\/\/filoxeneskatoikies.com\/de\/#website\"},\"datePublished\":\"2013-01-28T00:15:36+00:00\",\"dateModified\":\"2017-11-08T23:35:46+00:00\",\"breadcrumb\":{\"@id\":\"https:\/\/filoxeneskatoikies.com\/de\/kythera\/things-to-do\/#breadcrumb\"},\"inLanguage\":\"de\",\"potentialAction\":[{\"@type\":\"ReadAction\",\"target\":[[\"https:\/\/filoxeneskatoikies.com\/de\/kythera\/things-to-do\/\"]]}]},{\"@type\":\"BreadcrumbList\",\"@id\":\"https:\/\/filoxeneskatoikies.com\/de\/kythera\/things-to-do\/#breadcrumb\",\"itemListElement\":[{\"@type\":\"ListItem\",\"position\":1,\"name\":\"Home\",\"item\":\"https:\/\/filoxeneskatoikies.com\/de\/\"},{\"@type\":\"ListItem\",\"position\":2,\"name\":\"Was kann man tun\"}]},{\"@type\":\"WebSite\",\"@id\":\"https:\/\/filoxeneskatoikies.com\/de\/#website\",\"url\":\"https:\/\/filoxeneskatoikies.com\/de\/\",\"name\":\"Filoxenes Katoikies | Kythera | Greece\",\"description\":\"Voyage to Kythera\",\"potentialAction\":[{\"@type\":\"SearchAction\",\"target\":{\"@type\":\"EntryPoint\",\"urlTemplate\":\"https:\/\/filoxeneskatoikies.com\/de\/?s={search_term_string}\"},\"query-input\":{\"@type\":\"PropertyValueSpecification\",\"valueRequired\":true,\"valueName\":\"search_term_string\"}}],\"inLanguage\":\"de\"}]}<\/script>\n<!-- \/ Yoast SEO plugin. -->","yoast_head_json":{"title":"Was kann man tun - Filoxenes Katoikies | Kythera | Greece","robots":{"index":"index","follow":"follow","max-snippet":"max-snippet:-1","max-image-preview":"max-image-preview:large","max-video-preview":"max-video-preview:-1"},"canonical":"https:\/\/filoxeneskatoikies.com\/de\/kythera\/things-to-do\/","og_locale":"de_DE","og_type":"article","og_title":"Was kann man tun - Filoxenes Katoikies | Kythera | Greece","og_description":"Sch\u00f6ne Str\u00e4nde die zum Schwimmen einladen: Im Osten\u00a0 -Diakofti, Paleopoli, Kaladi und Komponada, Im Norden &#8211; Lorenzo, Fournos und Firi...","og_url":"https:\/\/filoxeneskatoikies.com\/de\/kythera\/things-to-do\/","og_site_name":"Filoxenes Katoikies | Kythera | Greece","article_modified_time":"2017-11-08T23:35:46+00:00","twitter_card":"summary_large_image","twitter_misc":{"Gesch\u00e4tzte Lesezeit":"5\u00a0Minuten"},"schema":{"@context":"https:\/\/schema.org","@graph":[{"@type":"WebPage","@id":"https:\/\/filoxeneskatoikies.com\/de\/kythera\/things-to-do\/","url":"https:\/\/filoxeneskatoikies.com\/de\/kythera\/things-to-do\/","name":"Was kann man tun - Filoxenes Katoikies | Kythera | Greece","isPartOf":{"@id":"https:\/\/filoxeneskatoikies.com\/de\/#website"},"datePublished":"2013-01-28T00:15:36+00:00","dateModified":"2017-11-08T23:35:46+00:00","breadcrumb":{"@id":"https:\/\/filoxeneskatoikies.com\/de\/kythera\/things-to-do\/#breadcrumb"},"inLanguage":"de","potentialAction":[{"@type":"ReadAction","target":[["https:\/\/filoxeneskatoikies.com\/de\/kythera\/things-to-do\/"]]}]},{"@type":"BreadcrumbList","@id":"https:\/\/filoxeneskatoikies.com\/de\/kythera\/things-to-do\/#breadcrumb","itemListElement":[{"@type":"ListItem","position":1,"name":"Home","item":"https:\/\/filoxeneskatoikies.com\/de\/"},{"@type":"ListItem","position":2,"name":"Was kann man tun"}]},{"@type":"WebSite","@id":"https:\/\/filoxeneskatoikies.com\/de\/#website","url":"https:\/\/filoxeneskatoikies.com\/de\/","name":"Filoxenes Katoikies | Kythera | Greece","description":"Voyage to Kythera","potentialAction":[{"@type":"SearchAction","target":{"@type":"EntryPoint","urlTemplate":"https:\/\/filoxeneskatoikies.com\/de\/?s={search_term_string}"},"query-input":{"@type":"PropertyValueSpecification","valueRequired":true,"valueName":"search_term_string"}}],"inLanguage":"de"}]}},"jetpack_sharing_enabled":true,"_links":{"self":[{"href":"https:\/\/filoxeneskatoikies.com\/de\/wp-json\/wp\/v2\/pages\/123","targetHints":{"allow":["GET"]}}],"collection":[{"href":"https:\/\/filoxeneskatoikies.com\/de\/wp-json\/wp\/v2\/pages"}],"about":[{"href":"https:\/\/filoxeneskatoikies.com\/de\/wp-json\/wp\/v2\/types\/page"}],"author":[{"embeddable":true,"href":"https:\/\/filoxeneskatoikies.com\/de\/wp-json\/wp\/v2\/users\/3"}],"replies":[{"embeddable":true,"href":"https:\/\/filoxeneskatoikies.com\/de\/wp-json\/wp\/v2\/comments?post=123"}],"version-history":[{"count":38,"href":"https:\/\/filoxeneskatoikies.com\/de\/wp-json\/wp\/v2\/pages\/123\/revisions"}],"predecessor-version":[{"id":2810,"href":"https:\/\/filoxeneskatoikies.com\/de\/wp-json\/wp\/v2\/pages\/123\/revisions\/2810"}],"up":[{"embeddable":true,"href":"https:\/\/filoxeneskatoikies.com\/de\/wp-json\/wp\/v2\/pages\/112"}],"wp:attachment":[{"href":"https:\/\/filoxeneskatoikies.com\/de\/wp-json\/wp\/v2\/media?parent=123"}],"curies":[{"name":"wp","href":"https:\/\/api.w.org\/{rel}","templated":true}]}}