{"id":137,"date":"2013-01-28T02:21:09","date_gmt":"2013-01-28T00:21:09","guid":{"rendered":"https:\/\/filoxeneskatoikies.com\/?page_id=137"},"modified":"2021-04-15T20:36:27","modified_gmt":"2021-04-15T18:36:27","slug":"winter-kythira","status":"publish","type":"page","link":"https:\/\/filoxeneskatoikies.com\/de\/kythera\/winter-kythira\/","title":{"rendered":"Winterurlaub"},"content":{"rendered":"<p>\r\n\t\t\t\t<div class=\"promo_slider_wrapper random fancy_nav no_pause\">\r\n\t\t\t\t\t\r\n\t\t\t\t\t<div class=\"promo_slider_nav tabbed_ps_nav slider_selections\"><\/div>\r\n\r\n\t\t\t\t\t<div class=\"promo_slider auto_advance\" style=\"width:640px; height:430px;\">\r\n\t\t\t\t\t\t<span class=\"promo_slider_time_delay\" style=\"display:none;\">2<\/span>\r\n\t\t\t\t\t\t\r\n\t\t\t\t\t\t\t<div class=\"panel panel-1\">\r\n\t\t\t\t\t\t\t\t<span class=\"panel-title\" style=\"display:none;\">(\u0395\u03bb\u03bb\u03b7\u03bd\u03b9\u03ba\u03ac) 8<\/span>\r\n\t\t\t\t\t\t\t\t\t\t<div class=\"promo_slider_background_image\"><img loading=\"lazy\" decoding=\"async\" width=\"640\" height=\"480\" src=\"https:\/\/i0.wp.com\/filoxeneskatoikies.com\/wp-content\/uploads\/winter-kithira_001.jpg?fit=640%2C480&amp;ssl=1\" class=\"attachment-large size-large wp-post-image\" alt=\"\" srcset=\"https:\/\/i0.wp.com\/filoxeneskatoikies.com\/wp-content\/uploads\/winter-kithira_001.jpg?w=640&amp;ssl=1 640w, https:\/\/i0.wp.com\/filoxeneskatoikies.com\/wp-content\/uploads\/winter-kithira_001.jpg?resize=300%2C225&amp;ssl=1 300w\" sizes=\"auto, (max-width: 640px) 100vw, 640px\" \/>\t\t<\/div>\t\t\t\t\t\t\t<\/div>\r\n\r\n\t\t\t\t\t\t\t\t\t\t\t\t\t\r\n\t\t\t\t\t\t\t<div class=\"panel panel-2\">\r\n\t\t\t\t\t\t\t\t<span class=\"panel-title\" style=\"display:none;\">(\u0395\u03bb\u03bb\u03b7\u03bd\u03b9\u03ba\u03ac) 7<\/span>\r\n\t\t\t\t\t\t\t\t\t\t<div class=\"promo_slider_background_image\"><img loading=\"lazy\" decoding=\"async\" width=\"640\" height=\"480\" src=\"https:\/\/i0.wp.com\/filoxeneskatoikies.com\/wp-content\/uploads\/winter-kithira_002.jpg?fit=640%2C480&amp;ssl=1\" class=\"attachment-large size-large wp-post-image\" alt=\"\" srcset=\"https:\/\/i0.wp.com\/filoxeneskatoikies.com\/wp-content\/uploads\/winter-kithira_002.jpg?w=640&amp;ssl=1 640w, https:\/\/i0.wp.com\/filoxeneskatoikies.com\/wp-content\/uploads\/winter-kithira_002.jpg?resize=300%2C225&amp;ssl=1 300w\" sizes=\"auto, (max-width: 640px) 100vw, 640px\" \/>\t\t<\/div>\t\t\t\t\t\t\t<\/div>\r\n\r\n\t\t\t\t\t\t\t\t\t\t\t\t\t\r\n\t\t\t\t\t\t\t<div class=\"panel panel-3\">\r\n\t\t\t\t\t\t\t\t<span class=\"panel-title\" style=\"display:none;\">(\u0395\u03bb\u03bb\u03b7\u03bd\u03b9\u03ba\u03ac) 6<\/span>\r\n\t\t\t\t\t\t\t\t\t\t<div class=\"promo_slider_background_image\"><img loading=\"lazy\" decoding=\"async\" width=\"640\" height=\"480\" src=\"https:\/\/i0.wp.com\/filoxeneskatoikies.com\/wp-content\/uploads\/winter-kithira_003.jpg?fit=640%2C480&amp;ssl=1\" class=\"attachment-large size-large wp-post-image\" alt=\"\" srcset=\"https:\/\/i0.wp.com\/filoxeneskatoikies.com\/wp-content\/uploads\/winter-kithira_003.jpg?w=640&amp;ssl=1 640w, https:\/\/i0.wp.com\/filoxeneskatoikies.com\/wp-content\/uploads\/winter-kithira_003.jpg?resize=300%2C225&amp;ssl=1 300w\" sizes=\"auto, (max-width: 640px) 100vw, 640px\" \/>\t\t<\/div>\t\t\t\t\t\t\t<\/div>\r\n\r\n\t\t\t\t\t\t\t\t\t\t\t\t\t\r\n\t\t\t\t\t\t\t<div class=\"panel panel-4\">\r\n\t\t\t\t\t\t\t\t<span class=\"panel-title\" style=\"display:none;\">(\u0395\u03bb\u03bb\u03b7\u03bd\u03b9\u03ba\u03ac) 5<\/span>\r\n\t\t\t\t\t\t\t\t\t\t<div class=\"promo_slider_background_image\"><img loading=\"lazy\" decoding=\"async\" width=\"640\" height=\"480\" src=\"https:\/\/i0.wp.com\/filoxeneskatoikies.com\/wp-content\/uploads\/winter-kithira_005.jpg?fit=640%2C480&amp;ssl=1\" class=\"attachment-large size-large wp-post-image\" alt=\"\" srcset=\"https:\/\/i0.wp.com\/filoxeneskatoikies.com\/wp-content\/uploads\/winter-kithira_005.jpg?w=640&amp;ssl=1 640w, https:\/\/i0.wp.com\/filoxeneskatoikies.com\/wp-content\/uploads\/winter-kithira_005.jpg?resize=300%2C225&amp;ssl=1 300w\" sizes=\"auto, (max-width: 640px) 100vw, 640px\" \/>\t\t<\/div>\t\t\t\t\t\t\t<\/div>\r\n\r\n\t\t\t\t\t\t\t\t\t\t\t\t\t\r\n\t\t\t\t\t\t\t<div class=\"panel panel-5\">\r\n\t\t\t\t\t\t\t\t<span class=\"panel-title\" style=\"display:none;\">(\u0395\u03bb\u03bb\u03b7\u03bd\u03b9\u03ba\u03ac) 4<\/span>\r\n\t\t\t\t\t\t\t\t\t\t<div class=\"promo_slider_background_image\"><img loading=\"lazy\" decoding=\"async\" width=\"640\" height=\"480\" src=\"https:\/\/i0.wp.com\/filoxeneskatoikies.com\/wp-content\/uploads\/winter-kithira_004.jpg?fit=640%2C480&amp;ssl=1\" class=\"attachment-large size-large wp-post-image\" alt=\"\" srcset=\"https:\/\/i0.wp.com\/filoxeneskatoikies.com\/wp-content\/uploads\/winter-kithira_004.jpg?w=640&amp;ssl=1 640w, https:\/\/i0.wp.com\/filoxeneskatoikies.com\/wp-content\/uploads\/winter-kithira_004.jpg?resize=300%2C225&amp;ssl=1 300w\" sizes=\"auto, (max-width: 640px) 100vw, 640px\" \/>\t\t<\/div>\t\t\t\t\t\t\t<\/div>\r\n\r\n\t\t\t\t\t\t\t\t\t\t\t\t\t\r\n\t\t\t\t\t\t\t<div class=\"panel panel-6\">\r\n\t\t\t\t\t\t\t\t<span class=\"panel-title\" style=\"display:none;\">(\u0395\u03bb\u03bb\u03b7\u03bd\u03b9\u03ba\u03ac) 3<\/span>\r\n\t\t\t\t\t\t\t\t\t\t<div class=\"promo_slider_background_image\"><img loading=\"lazy\" decoding=\"async\" width=\"640\" height=\"480\" src=\"https:\/\/i0.wp.com\/filoxeneskatoikies.com\/wp-content\/uploads\/winter-kithira_006.jpg?fit=640%2C480&amp;ssl=1\" class=\"attachment-large size-large wp-post-image\" alt=\"\" srcset=\"https:\/\/i0.wp.com\/filoxeneskatoikies.com\/wp-content\/uploads\/winter-kithira_006.jpg?w=640&amp;ssl=1 640w, https:\/\/i0.wp.com\/filoxeneskatoikies.com\/wp-content\/uploads\/winter-kithira_006.jpg?resize=300%2C225&amp;ssl=1 300w\" sizes=\"auto, (max-width: 640px) 100vw, 640px\" \/>\t\t<\/div>\t\t\t\t\t\t\t<\/div>\r\n\r\n\t\t\t\t\t\t\t\t\t\t\t\t\t\r\n\t\t\t\t\t\t\t<div class=\"panel panel-7\">\r\n\t\t\t\t\t\t\t\t<span class=\"panel-title\" style=\"display:none;\">(\u0395\u03bb\u03bb\u03b7\u03bd\u03b9\u03ba\u03ac) 2<\/span>\r\n\t\t\t\t\t\t\t\t\t\t<div class=\"promo_slider_background_image\"><img loading=\"lazy\" decoding=\"async\" width=\"640\" height=\"480\" src=\"https:\/\/i0.wp.com\/filoxeneskatoikies.com\/wp-content\/uploads\/winter-kithira_007.jpg?fit=640%2C480&amp;ssl=1\" class=\"attachment-large size-large wp-post-image\" alt=\"\" srcset=\"https:\/\/i0.wp.com\/filoxeneskatoikies.com\/wp-content\/uploads\/winter-kithira_007.jpg?w=640&amp;ssl=1 640w, https:\/\/i0.wp.com\/filoxeneskatoikies.com\/wp-content\/uploads\/winter-kithira_007.jpg?resize=300%2C225&amp;ssl=1 300w\" sizes=\"auto, (max-width: 640px) 100vw, 640px\" \/>\t\t<\/div>\t\t\t\t\t\t\t<\/div>\r\n\r\n\t\t\t\t\t\t\t\t\t\t\t\t\t\r\n\t\t\t\t\t\t\t<div class=\"panel panel-8\">\r\n\t\t\t\t\t\t\t\t<span class=\"panel-title\" style=\"display:none;\">(\u0395\u03bb\u03bb\u03b7\u03bd\u03b9\u03ba\u03ac) 1<\/span>\r\n\t\t\t\t\t\t\t\t\t\t<div class=\"promo_slider_background_image\"><img loading=\"lazy\" decoding=\"async\" width=\"640\" height=\"480\" src=\"https:\/\/i0.wp.com\/filoxeneskatoikies.com\/wp-content\/uploads\/winter-kithira_008.jpg?fit=640%2C480&amp;ssl=1\" class=\"attachment-large size-large wp-post-image\" alt=\"\" srcset=\"https:\/\/i0.wp.com\/filoxeneskatoikies.com\/wp-content\/uploads\/winter-kithira_008.jpg?w=640&amp;ssl=1 640w, https:\/\/i0.wp.com\/filoxeneskatoikies.com\/wp-content\/uploads\/winter-kithira_008.jpg?resize=300%2C225&amp;ssl=1 300w\" sizes=\"auto, (max-width: 640px) 100vw, 640px\" \/>\t\t<\/div>\t\t\t\t\t\t\t<\/div>\r\n\r\n\t\t\t\t\t\t\t\t\t\t\t\t\t\t\t<div class=\"promo_slider_nav fancy_ps_nav\">\r\n\t\t\t<span class=\"move_backward pointer\" title=\"Move Backward\">&lt;&lt;<\/span>\r\n\t\t\t<span class=\"slider_selections pointer\"><\/span>\r\n\t\t\t<span class=\"move_forward pointer\" title=\"Move Forward\">&gt;&gt;<\/span>\r\n\t\t<\/div>\r\n\t\t\r\n\t\t\t\t\t\t<div class=\"clear\"><\/div>\r\n\r\n\t\t\t\t\t<\/div>\r\n\t\t\t\t<\/div><br \/>\nWinter in Kythera ist eine sch\u00f6ne Idee. Denken Sie an die Schluchten, Wasserf\u00e4lle, sch\u00f6ne Wanderwege, historische Denkm\u00e4ler, authentische kytherianische K\u00fcche, Wandern, Angeln und eine Reihe von Aktivit\u00e4ten auf unserer geheimnisvollen Insel. Erleben Sie unser volles Paket mit einer Reihe von Aktivit\u00e4ten und Dienstleistungen f\u00fcr unsere Besucher, wie Wandern, Bootstouren, Kochen, Weinprobe, Oliven ernten und F\u00fchrungen.<br \/>\nIn unseren traditionellen H\u00e4usern werden Ihnen hausgemachte traditionelle S\u00fc\u00dfigkeiten und Marmeladen w\u00e4hrend Ihres Aufenthaltes angeboten, zusammen mit unseren eigenen Bioprodukten, wie Honig, Obst und Gem\u00fcse, Wein, Eier und Oliven\u00f6l.<br \/>\nBesuchen Sie unsere sch\u00f6ne Insel im Winter und Fr\u00fchling, genie\u00dfen Sie unsere ruhige und nat\u00fcrliche Lebensweise und unsere unglaublichen Natur, genie\u00dfen Sie unsere regionalen Produkte, entfliehen Sie dem Alltag.<\/p>","protected":false},"excerpt":{"rendered":"<p>Winter in Kythera ist eine sch\u00f6ne Idee. Denken Sie an die Schluchten, Wasserf\u00e4lle, sch\u00f6ne Wanderwege, historische Denkm\u00e4ler, authentische kytherianische K\u00fcche,&#8230;<\/p>\n","protected":false},"author":3,"featured_media":0,"parent":112,"menu_order":0,"comment_status":"closed","ping_status":"closed","template":"","meta":{"footnotes":""},"class_list":["post-137","page","type-page","status-publish","hentry"],"yoast_head":"<!-- This site is optimized with the Yoast SEO plugin v27.2 - https:\/\/yoast.com\/product\/yoast-seo-wordpress\/ -->\n<title>Winterurlaub - Filoxenes Katoikies | Kythera | Greece<\/title>\n<meta name=\"robots\" content=\"index, follow, max-snippet:-1, max-image-preview:large, max-video-preview:-1\" \/>\n<link rel=\"canonical\" href=\"https:\/\/filoxeneskatoikies.com\/de\/kythera\/winter-kythira\/\" \/>\n<meta property=\"og:locale\" content=\"de_DE\" \/>\n<meta property=\"og:type\" content=\"article\" \/>\n<meta property=\"og:title\" content=\"Winterurlaub - Filoxenes Katoikies | Kythera | Greece\" \/>\n<meta property=\"og:description\" content=\"Winter in Kythera ist eine sch\u00f6ne Idee. Denken Sie an die Schluchten, Wasserf\u00e4lle, sch\u00f6ne Wanderwege, historische Denkm\u00e4ler, authentische kytherianische K\u00fcche,...\" \/>\n<meta property=\"og:url\" content=\"https:\/\/filoxeneskatoikies.com\/de\/kythera\/winter-kythira\/\" \/>\n<meta property=\"og:site_name\" content=\"Filoxenes Katoikies | Kythera | Greece\" \/>\n<meta property=\"article:modified_time\" content=\"2021-04-15T18:36:27+00:00\" \/>\n<meta name=\"twitter:card\" content=\"summary_large_image\" \/>\n<meta name=\"twitter:label1\" content=\"Gesch\u00e4tzte Lesezeit\" \/>\n\t<meta name=\"twitter:data1\" content=\"2\u00a0Minuten\" \/>\n<script type=\"application\/ld+json\" class=\"yoast-schema-graph\">{\"@context\":\"https:\/\/schema.org\",\"@graph\":[{\"@type\":\"WebPage\",\"@id\":\"https:\/\/filoxeneskatoikies.com\/de\/kythera\/winter-kythira\/\",\"url\":\"https:\/\/filoxeneskatoikies.com\/de\/kythera\/winter-kythira\/\",\"name\":\"Winterurlaub - Filoxenes Katoikies | Kythera | Greece\",\"isPartOf\":{\"@id\":\"https:\/\/filoxeneskatoikies.com\/de\/#website\"},\"datePublished\":\"2013-01-28T00:21:09+00:00\",\"dateModified\":\"2021-04-15T18:36:27+00:00\",\"breadcrumb\":{\"@id\":\"https:\/\/filoxeneskatoikies.com\/de\/kythera\/winter-kythira\/#breadcrumb\"},\"inLanguage\":\"de\",\"potentialAction\":[{\"@type\":\"ReadAction\",\"target\":[[\"https:\/\/filoxeneskatoikies.com\/de\/kythera\/winter-kythira\/\"]]}]},{\"@type\":\"BreadcrumbList\",\"@id\":\"https:\/\/filoxeneskatoikies.com\/de\/kythera\/winter-kythira\/#breadcrumb\",\"itemListElement\":[{\"@type\":\"ListItem\",\"position\":1,\"name\":\"Home\",\"item\":\"https:\/\/filoxeneskatoikies.com\/de\/\"},{\"@type\":\"ListItem\",\"position\":2,\"name\":\"Winterurlaub\"}]},{\"@type\":\"WebSite\",\"@id\":\"https:\/\/filoxeneskatoikies.com\/de\/#website\",\"url\":\"https:\/\/filoxeneskatoikies.com\/de\/\",\"name\":\"Filoxenes Katoikies | Kythera | Greece\",\"description\":\"Voyage to Kythera\",\"potentialAction\":[{\"@type\":\"SearchAction\",\"target\":{\"@type\":\"EntryPoint\",\"urlTemplate\":\"https:\/\/filoxeneskatoikies.com\/de\/?s={search_term_string}\"},\"query-input\":{\"@type\":\"PropertyValueSpecification\",\"valueRequired\":true,\"valueName\":\"search_term_string\"}}],\"inLanguage\":\"de\"}]}<\/script>\n<!-- \/ Yoast SEO plugin. -->","yoast_head_json":{"title":"Winterurlaub - Filoxenes Katoikies | Kythera | Greece","robots":{"index":"index","follow":"follow","max-snippet":"max-snippet:-1","max-image-preview":"max-image-preview:large","max-video-preview":"max-video-preview:-1"},"canonical":"https:\/\/filoxeneskatoikies.com\/de\/kythera\/winter-kythira\/","og_locale":"de_DE","og_type":"article","og_title":"Winterurlaub - Filoxenes Katoikies | Kythera | Greece","og_description":"Winter in Kythera ist eine sch\u00f6ne Idee. Denken Sie an die Schluchten, Wasserf\u00e4lle, sch\u00f6ne Wanderwege, historische Denkm\u00e4ler, authentische kytherianische K\u00fcche,...","og_url":"https:\/\/filoxeneskatoikies.com\/de\/kythera\/winter-kythira\/","og_site_name":"Filoxenes Katoikies | Kythera | Greece","article_modified_time":"2021-04-15T18:36:27+00:00","twitter_card":"summary_large_image","twitter_misc":{"Gesch\u00e4tzte Lesezeit":"2\u00a0Minuten"},"schema":{"@context":"https:\/\/schema.org","@graph":[{"@type":"WebPage","@id":"https:\/\/filoxeneskatoikies.com\/de\/kythera\/winter-kythira\/","url":"https:\/\/filoxeneskatoikies.com\/de\/kythera\/winter-kythira\/","name":"Winterurlaub - Filoxenes Katoikies | Kythera | Greece","isPartOf":{"@id":"https:\/\/filoxeneskatoikies.com\/de\/#website"},"datePublished":"2013-01-28T00:21:09+00:00","dateModified":"2021-04-15T18:36:27+00:00","breadcrumb":{"@id":"https:\/\/filoxeneskatoikies.com\/de\/kythera\/winter-kythira\/#breadcrumb"},"inLanguage":"de","potentialAction":[{"@type":"ReadAction","target":[["https:\/\/filoxeneskatoikies.com\/de\/kythera\/winter-kythira\/"]]}]},{"@type":"BreadcrumbList","@id":"https:\/\/filoxeneskatoikies.com\/de\/kythera\/winter-kythira\/#breadcrumb","itemListElement":[{"@type":"ListItem","position":1,"name":"Home","item":"https:\/\/filoxeneskatoikies.com\/de\/"},{"@type":"ListItem","position":2,"name":"Winterurlaub"}]},{"@type":"WebSite","@id":"https:\/\/filoxeneskatoikies.com\/de\/#website","url":"https:\/\/filoxeneskatoikies.com\/de\/","name":"Filoxenes Katoikies | Kythera | Greece","description":"Voyage to Kythera","potentialAction":[{"@type":"SearchAction","target":{"@type":"EntryPoint","urlTemplate":"https:\/\/filoxeneskatoikies.com\/de\/?s={search_term_string}"},"query-input":{"@type":"PropertyValueSpecification","valueRequired":true,"valueName":"search_term_string"}}],"inLanguage":"de"}]}},"jetpack_sharing_enabled":true,"_links":{"self":[{"href":"https:\/\/filoxeneskatoikies.com\/de\/wp-json\/wp\/v2\/pages\/137","targetHints":{"allow":["GET"]}}],"collection":[{"href":"https:\/\/filoxeneskatoikies.com\/de\/wp-json\/wp\/v2\/pages"}],"about":[{"href":"https:\/\/filoxeneskatoikies.com\/de\/wp-json\/wp\/v2\/types\/page"}],"author":[{"embeddable":true,"href":"https:\/\/filoxeneskatoikies.com\/de\/wp-json\/wp\/v2\/users\/3"}],"replies":[{"embeddable":true,"href":"https:\/\/filoxeneskatoikies.com\/de\/wp-json\/wp\/v2\/comments?post=137"}],"version-history":[{"count":31,"href":"https:\/\/filoxeneskatoikies.com\/de\/wp-json\/wp\/v2\/pages\/137\/revisions"}],"predecessor-version":[{"id":3171,"href":"https:\/\/filoxeneskatoikies.com\/de\/wp-json\/wp\/v2\/pages\/137\/revisions\/3171"}],"up":[{"embeddable":true,"href":"https:\/\/filoxeneskatoikies.com\/de\/wp-json\/wp\/v2\/pages\/112"}],"wp:attachment":[{"href":"https:\/\/filoxeneskatoikies.com\/de\/wp-json\/wp\/v2\/media?parent=137"}],"curies":[{"name":"wp","href":"https:\/\/api.w.org\/{rel}","templated":true}]}}