{"id":2,"date":"2013-01-10T23:07:26","date_gmt":"2013-01-10T21:07:26","guid":{"rendered":"https:\/\/filoxeneskatoikies.com\/?page_id=2"},"modified":"2017-11-10T11:43:10","modified_gmt":"2017-11-10T09:43:10","slug":"accommodation","status":"publish","type":"page","link":"https:\/\/filoxeneskatoikies.com\/de\/accommodation\/","title":{"rendered":"Unterk\u00fcnfte"},"content":{"rendered":"<p><\/p>\n<style type=\"text\/css\"><!--\nP { margin-bottom: 0.08in; }\n--><\/style>\n<p align=\"justify\">Wir haben eine Gruppe von Unterk\u00fcnften in vielen D\u00f6rfern von Kythira geschaffen mit dem Ziel, durch unseren professionellen Service und unserer Gastfreundlichkeit, Ihren Aufenthalt auf der Insel noch angenehmer zu gestalten.<\/p>\n<p><\/p>","protected":false},"excerpt":{"rendered":"<p>Wir haben eine Gruppe von Unterk\u00fcnften in vielen D\u00f6rfern von Kythira geschaffen mit dem Ziel, durch unseren professionellen Service und&#8230;<\/p>\n","protected":false},"author":3,"featured_media":1157,"parent":0,"menu_order":30,"comment_status":"closed","ping_status":"closed","template":"template-rooms-3cols.php","meta":{"footnotes":""},"class_list":["post-2","page","type-page","status-publish","has-post-thumbnail","hentry"],"yoast_head":"<!-- This site is optimized with the Yoast SEO plugin v27.2 - https:\/\/yoast.com\/product\/yoast-seo-wordpress\/ -->\n<title>Unterk\u00fcnfte - Filoxenes Katoikies | Kythera | Greece<\/title>\n<meta name=\"robots\" content=\"index, follow, max-snippet:-1, max-image-preview:large, max-video-preview:-1\" \/>\n<link rel=\"canonical\" href=\"https:\/\/filoxeneskatoikies.com\/de\/accommodation\/\" \/>\n<meta property=\"og:locale\" content=\"de_DE\" \/>\n<meta property=\"og:type\" content=\"article\" \/>\n<meta property=\"og:title\" content=\"Unterk\u00fcnfte - Filoxenes Katoikies | Kythera | Greece\" \/>\n<meta property=\"og:description\" content=\"Wir haben eine Gruppe von Unterk\u00fcnften in vielen D\u00f6rfern von Kythira geschaffen mit dem Ziel, durch unseren professionellen Service und...\" \/>\n<meta property=\"og:url\" content=\"https:\/\/filoxeneskatoikies.com\/de\/accommodation\/\" \/>\n<meta property=\"og:site_name\" content=\"Filoxenes Katoikies | Kythera | Greece\" \/>\n<meta property=\"article:modified_time\" content=\"2017-11-10T09:43:10+00:00\" \/>\n<meta property=\"og:image\" content=\"https:\/\/i0.wp.com\/filoxeneskatoikies.com\/wp-content\/uploads\/promo2.jpg?fit=1920%2C960&ssl=1\" \/>\n\t<meta property=\"og:image:width\" content=\"1920\" \/>\n\t<meta property=\"og:image:height\" content=\"960\" \/>\n\t<meta property=\"og:image:type\" content=\"image\/jpeg\" \/>\n<meta name=\"twitter:card\" content=\"summary_large_image\" \/>\n<script type=\"application\/ld+json\" class=\"yoast-schema-graph\">{\"@context\":\"https:\/\/schema.org\",\"@graph\":[{\"@type\":\"WebPage\",\"@id\":\"https:\/\/filoxeneskatoikies.com\/de\/accommodation\/\",\"url\":\"https:\/\/filoxeneskatoikies.com\/de\/accommodation\/\",\"name\":\"Unterk\u00fcnfte - Filoxenes Katoikies | Kythera | Greece\",\"isPartOf\":{\"@id\":\"https:\/\/filoxeneskatoikies.com\/de\/#website\"},\"primaryImageOfPage\":{\"@id\":\"https:\/\/filoxeneskatoikies.com\/de\/accommodation\/#primaryimage\"},\"image\":{\"@id\":\"https:\/\/filoxeneskatoikies.com\/de\/accommodation\/#primaryimage\"},\"thumbnailUrl\":\"https:\/\/i0.wp.com\/filoxeneskatoikies.com\/wp-content\/uploads\/promo2.jpg?fit=1920%2C960&ssl=1\",\"datePublished\":\"2013-01-10T21:07:26+00:00\",\"dateModified\":\"2017-11-10T09:43:10+00:00\",\"breadcrumb\":{\"@id\":\"https:\/\/filoxeneskatoikies.com\/de\/accommodation\/#breadcrumb\"},\"inLanguage\":\"de\",\"potentialAction\":[{\"@type\":\"ReadAction\",\"target\":[[\"https:\/\/filoxeneskatoikies.com\/de\/accommodation\/\"]]}]},{\"@type\":\"ImageObject\",\"inLanguage\":\"de\",\"@id\":\"https:\/\/filoxeneskatoikies.com\/de\/accommodation\/#primaryimage\",\"url\":\"https:\/\/i0.wp.com\/filoxeneskatoikies.com\/wp-content\/uploads\/promo2.jpg?fit=1920%2C960&ssl=1\",\"contentUrl\":\"https:\/\/i0.wp.com\/filoxeneskatoikies.com\/wp-content\/uploads\/promo2.jpg?fit=1920%2C960&ssl=1\",\"width\":1920,\"height\":960},{\"@type\":\"BreadcrumbList\",\"@id\":\"https:\/\/filoxeneskatoikies.com\/de\/accommodation\/#breadcrumb\",\"itemListElement\":[{\"@type\":\"ListItem\",\"position\":1,\"name\":\"Home\",\"item\":\"https:\/\/filoxeneskatoikies.com\/de\/\"},{\"@type\":\"ListItem\",\"position\":2,\"name\":\"Unterk\u00fcnfte\"}]},{\"@type\":\"WebSite\",\"@id\":\"https:\/\/filoxeneskatoikies.com\/de\/#website\",\"url\":\"https:\/\/filoxeneskatoikies.com\/de\/\",\"name\":\"Filoxenes Katoikies | Kythera | Greece\",\"description\":\"Voyage to Kythera\",\"potentialAction\":[{\"@type\":\"SearchAction\",\"target\":{\"@type\":\"EntryPoint\",\"urlTemplate\":\"https:\/\/filoxeneskatoikies.com\/de\/?s={search_term_string}\"},\"query-input\":{\"@type\":\"PropertyValueSpecification\",\"valueRequired\":true,\"valueName\":\"search_term_string\"}}],\"inLanguage\":\"de\"}]}<\/script>\n<!-- \/ Yoast SEO plugin. -->","yoast_head_json":{"title":"Unterk\u00fcnfte - Filoxenes Katoikies | Kythera | Greece","robots":{"index":"index","follow":"follow","max-snippet":"max-snippet:-1","max-image-preview":"max-image-preview:large","max-video-preview":"max-video-preview:-1"},"canonical":"https:\/\/filoxeneskatoikies.com\/de\/accommodation\/","og_locale":"de_DE","og_type":"article","og_title":"Unterk\u00fcnfte - Filoxenes Katoikies | Kythera | Greece","og_description":"Wir haben eine Gruppe von Unterk\u00fcnften in vielen D\u00f6rfern von Kythira geschaffen mit dem Ziel, durch unseren professionellen Service und...","og_url":"https:\/\/filoxeneskatoikies.com\/de\/accommodation\/","og_site_name":"Filoxenes Katoikies | Kythera | Greece","article_modified_time":"2017-11-10T09:43:10+00:00","og_image":[{"width":1920,"height":960,"url":"https:\/\/i0.wp.com\/filoxeneskatoikies.com\/wp-content\/uploads\/promo2.jpg?fit=1920%2C960&ssl=1","type":"image\/jpeg"}],"twitter_card":"summary_large_image","schema":{"@context":"https:\/\/schema.org","@graph":[{"@type":"WebPage","@id":"https:\/\/filoxeneskatoikies.com\/de\/accommodation\/","url":"https:\/\/filoxeneskatoikies.com\/de\/accommodation\/","name":"Unterk\u00fcnfte - Filoxenes Katoikies | Kythera | Greece","isPartOf":{"@id":"https:\/\/filoxeneskatoikies.com\/de\/#website"},"primaryImageOfPage":{"@id":"https:\/\/filoxeneskatoikies.com\/de\/accommodation\/#primaryimage"},"image":{"@id":"https:\/\/filoxeneskatoikies.com\/de\/accommodation\/#primaryimage"},"thumbnailUrl":"https:\/\/i0.wp.com\/filoxeneskatoikies.com\/wp-content\/uploads\/promo2.jpg?fit=1920%2C960&ssl=1","datePublished":"2013-01-10T21:07:26+00:00","dateModified":"2017-11-10T09:43:10+00:00","breadcrumb":{"@id":"https:\/\/filoxeneskatoikies.com\/de\/accommodation\/#breadcrumb"},"inLanguage":"de","potentialAction":[{"@type":"ReadAction","target":[["https:\/\/filoxeneskatoikies.com\/de\/accommodation\/"]]}]},{"@type":"ImageObject","inLanguage":"de","@id":"https:\/\/filoxeneskatoikies.com\/de\/accommodation\/#primaryimage","url":"https:\/\/i0.wp.com\/filoxeneskatoikies.com\/wp-content\/uploads\/promo2.jpg?fit=1920%2C960&ssl=1","contentUrl":"https:\/\/i0.wp.com\/filoxeneskatoikies.com\/wp-content\/uploads\/promo2.jpg?fit=1920%2C960&ssl=1","width":1920,"height":960},{"@type":"BreadcrumbList","@id":"https:\/\/filoxeneskatoikies.com\/de\/accommodation\/#breadcrumb","itemListElement":[{"@type":"ListItem","position":1,"name":"Home","item":"https:\/\/filoxeneskatoikies.com\/de\/"},{"@type":"ListItem","position":2,"name":"Unterk\u00fcnfte"}]},{"@type":"WebSite","@id":"https:\/\/filoxeneskatoikies.com\/de\/#website","url":"https:\/\/filoxeneskatoikies.com\/de\/","name":"Filoxenes Katoikies | Kythera | Greece","description":"Voyage to Kythera","potentialAction":[{"@type":"SearchAction","target":{"@type":"EntryPoint","urlTemplate":"https:\/\/filoxeneskatoikies.com\/de\/?s={search_term_string}"},"query-input":{"@type":"PropertyValueSpecification","valueRequired":true,"valueName":"search_term_string"}}],"inLanguage":"de"}]}},"jetpack_sharing_enabled":true,"_links":{"self":[{"href":"https:\/\/filoxeneskatoikies.com\/de\/wp-json\/wp\/v2\/pages\/2","targetHints":{"allow":["GET"]}}],"collection":[{"href":"https:\/\/filoxeneskatoikies.com\/de\/wp-json\/wp\/v2\/pages"}],"about":[{"href":"https:\/\/filoxeneskatoikies.com\/de\/wp-json\/wp\/v2\/types\/page"}],"author":[{"embeddable":true,"href":"https:\/\/filoxeneskatoikies.com\/de\/wp-json\/wp\/v2\/users\/3"}],"replies":[{"embeddable":true,"href":"https:\/\/filoxeneskatoikies.com\/de\/wp-json\/wp\/v2\/comments?post=2"}],"version-history":[{"count":47,"href":"https:\/\/filoxeneskatoikies.com\/de\/wp-json\/wp\/v2\/pages\/2\/revisions"}],"predecessor-version":[{"id":2813,"href":"https:\/\/filoxeneskatoikies.com\/de\/wp-json\/wp\/v2\/pages\/2\/revisions\/2813"}],"wp:featuredmedia":[{"embeddable":true,"href":"https:\/\/filoxeneskatoikies.com\/de\/wp-json\/wp\/v2\/media\/1157"}],"wp:attachment":[{"href":"https:\/\/filoxeneskatoikies.com\/de\/wp-json\/wp\/v2\/media?parent=2"}],"curies":[{"name":"wp","href":"https:\/\/api.w.org\/{rel}","templated":true}]}}