{"id":82,"date":"2013-01-28T00:42:52","date_gmt":"2013-01-28T00:42:52","guid":{"rendered":"https:\/\/filoxeneskatoikies.com\/?page_id=82"},"modified":"2013-12-23T11:47:35","modified_gmt":"2013-12-23T09:47:35","slug":"home","status":"publish","type":"page","link":"https:\/\/filoxeneskatoikies.com\/de\/","title":{"rendered":"Home"},"content":{"rendered":"<p><\/p>\n<p style=\"text-align: justify;\">Die Reise nach Kythera bedeutet f\u00fcr viele Menschen einen Weg \u00a0zur\u00fcck in die Vergangenheit zu den mystischen Pl\u00e4tzen ihrer Tr\u00e4ume. Der Geruch von Thymian, die Ger\u00e4usche der Zikaden, \u00a0das rauschen des blauen Meeres von \u00a0der goldenen Sonne untermalt. Die atemberaubende Landschafte und die einfachen und freundlichen\u00a0 Bewohner der Insel geben Ihnen die M\u00f6glichkeit sich fallen zu lassen, sich zu entspannen und auf das Wesentliche des Lebens zu konzentrieren.<\/p>\n<p style=\"text-align: justify;\">Wenn die Sonne in das unendliche Blau des Meeres eintaucht, verschwindet die Grenze zwischen dem Meer und dem Himmel.\u00a0 Eine atemberaubende und friedliche Atmosph\u00e4re l\u00e4sst sie eins mit der Landschaft werden, ein einmaliges Erlebnis.<\/p>\n<p style=\"text-align: justify;\">Mit Bezug auf die Tradition der Insel haben wir ein Umfeld geschaffen, abgestimmt auf Ihre Bed\u00fcrfnisse, unseren freundlichen und professionellen Service und unserer Gastfreundschaft, Ihren Aufenthalt auf der Insel auf das angenehmste zu gestalten.<\/p>\n<p style=\"text-align: justify;\">Sie sind der Mittelpunkt unseres Handelns. Das ist die zentrale Philosophie unserer traditionellen Unterk\u00fcnften. Abgesehen von den hohen \u00c4sthetik und\u00a0 der erfolgreichen Kombinierung \u00a0der traditionellen kytherianischen Architektur mit der modernen Art zu leben, ist unser oberstes Ziel, unseren Besuchern in der bestm\u00f6glichen Weise zu dienen.<\/p>\n<h3>Filoxenes Katoikies besteht aus traditionellen Villen, H\u00e4user und Apartments am Meer:<\/h3>\n<h3>Villa Venus, Kythira Villa<\/h3>\n<h3>Celestia Traditional Houses, Semeli H\u00e4user, Windmill Suites<\/h3>\n<h3>Sole e Mare Traditional Studios, Athena Apts &#038; Studios, Anemoi Apts &#038; Studios<\/h3>\n<p style=\"text-align: justify;\">Sie k\u00f6nnen in 8 verschiedenen D\u00f6rfern auf Kythera wohnen. Sie k\u00f6nnen Ihren Aufenthalt auf Kythira \u00a0flexibel gestalten,\u00a0 eine Kombination z.B . aus 2 oder 3 D\u00f6rfern.<\/p>\n<p style=\"text-align: justify;\">Unser oberstes Ziel ist es unseren G\u00e4sten verschiedene Optionen zu geben und somit ihren Aufenthalt als ein unvergessliches Erlebnis zu gestalten.<\/p>\n<p><\/p>","protected":false},"excerpt":{"rendered":"<p>Die Reise nach Kythera bedeutet f\u00fcr viele Menschen einen Weg \u00a0zur\u00fcck in die Vergangenheit zu den mystischen Pl\u00e4tzen ihrer Tr\u00e4ume&#8230;.<\/p>\n","protected":false},"author":3,"featured_media":0,"parent":0,"menu_order":0,"comment_status":"open","ping_status":"closed","template":"template-front.php","meta":{"footnotes":""},"class_list":["post-82","page","type-page","status-publish","hentry"],"yoast_head":"<!-- This site is optimized with the Yoast SEO plugin v27.2 - https:\/\/yoast.com\/product\/yoast-seo-wordpress\/ -->\n<title>\u0391\u03c1\u03c7\u03b9\u03ba\u03aeHomeHomeHomeHome - Filoxenes Katoikies | Kythera | Greece<\/title>\n<meta name=\"robots\" content=\"index, follow, max-snippet:-1, max-image-preview:large, max-video-preview:-1\" \/>\n<link rel=\"canonical\" href=\"https:\/\/filoxeneskatoikies.com\/de\/\" \/>\n<meta property=\"og:locale\" content=\"de_DE\" \/>\n<meta property=\"og:type\" content=\"article\" \/>\n<meta property=\"og:title\" content=\"\u0391\u03c1\u03c7\u03b9\u03ba\u03aeHomeHomeHomeHome - Filoxenes Katoikies | Kythera | Greece\" \/>\n<meta property=\"og:description\" content=\"Die Reise nach Kythera bedeutet f\u00fcr viele Menschen einen Weg \u00a0zur\u00fcck in die Vergangenheit zu den mystischen Pl\u00e4tzen ihrer Tr\u00e4ume....\" \/>\n<meta property=\"og:url\" content=\"https:\/\/filoxeneskatoikies.com\/de\/\" \/>\n<meta property=\"og:site_name\" content=\"Filoxenes Katoikies | Kythera | Greece\" \/>\n<meta property=\"article:modified_time\" content=\"2013-12-23T09:47:35+00:00\" \/>\n<meta name=\"twitter:card\" content=\"summary_large_image\" \/>\n<meta name=\"twitter:label1\" content=\"Gesch\u00e4tzte Lesezeit\" \/>\n\t<meta name=\"twitter:data1\" content=\"5\u00a0Minuten\" \/>\n<script type=\"application\/ld+json\" class=\"yoast-schema-graph\">{\"@context\":\"https:\/\/schema.org\",\"@graph\":[{\"@type\":\"WebPage\",\"@id\":\"https:\/\/filoxeneskatoikies.com\/de\/\",\"url\":\"https:\/\/filoxeneskatoikies.com\/de\/\",\"name\":\"\u0391\u03c1\u03c7\u03b9\u03ba\u03aeHomeHomeHomeHome - Filoxenes Katoikies | Kythera | Greece\",\"isPartOf\":{\"@id\":\"https:\/\/filoxeneskatoikies.com\/de\/#website\"},\"datePublished\":\"2013-01-28T00:42:52+00:00\",\"dateModified\":\"2013-12-23T09:47:35+00:00\",\"breadcrumb\":{\"@id\":\"https:\/\/filoxeneskatoikies.com\/de\/#breadcrumb\"},\"inLanguage\":\"de\",\"potentialAction\":[{\"@type\":\"ReadAction\",\"target\":[[\"https:\/\/filoxeneskatoikies.com\/de\/\"]]}]},{\"@type\":\"BreadcrumbList\",\"@id\":\"https:\/\/filoxeneskatoikies.com\/de\/#breadcrumb\",\"itemListElement\":[{\"@type\":\"ListItem\",\"position\":1,\"name\":\"Home\",\"item\":\"https:\/\/filoxeneskatoikies.com\/de\/\"},{\"@type\":\"ListItem\",\"position\":2,\"name\":\"Home\"}]},{\"@type\":\"WebSite\",\"@id\":\"https:\/\/filoxeneskatoikies.com\/de\/#website\",\"url\":\"https:\/\/filoxeneskatoikies.com\/de\/\",\"name\":\"Filoxenes Katoikies | Kythera | Greece\",\"description\":\"Voyage to Kythera\",\"potentialAction\":[{\"@type\":\"SearchAction\",\"target\":{\"@type\":\"EntryPoint\",\"urlTemplate\":\"https:\/\/filoxeneskatoikies.com\/de\/?s={search_term_string}\"},\"query-input\":{\"@type\":\"PropertyValueSpecification\",\"valueRequired\":true,\"valueName\":\"search_term_string\"}}],\"inLanguage\":\"de\"}]}<\/script>\n<!-- \/ Yoast SEO plugin. -->","yoast_head_json":{"title":"\u0391\u03c1\u03c7\u03b9\u03ba\u03aeHomeHomeHomeHome - Filoxenes Katoikies | Kythera | Greece","robots":{"index":"index","follow":"follow","max-snippet":"max-snippet:-1","max-image-preview":"max-image-preview:large","max-video-preview":"max-video-preview:-1"},"canonical":"https:\/\/filoxeneskatoikies.com\/de\/","og_locale":"de_DE","og_type":"article","og_title":"\u0391\u03c1\u03c7\u03b9\u03ba\u03aeHomeHomeHomeHome - Filoxenes Katoikies | Kythera | Greece","og_description":"Die Reise nach Kythera bedeutet f\u00fcr viele Menschen einen Weg \u00a0zur\u00fcck in die Vergangenheit zu den mystischen Pl\u00e4tzen ihrer Tr\u00e4ume....","og_url":"https:\/\/filoxeneskatoikies.com\/de\/","og_site_name":"Filoxenes Katoikies | Kythera | Greece","article_modified_time":"2013-12-23T09:47:35+00:00","twitter_card":"summary_large_image","twitter_misc":{"Gesch\u00e4tzte Lesezeit":"5\u00a0Minuten"},"schema":{"@context":"https:\/\/schema.org","@graph":[{"@type":"WebPage","@id":"https:\/\/filoxeneskatoikies.com\/de\/","url":"https:\/\/filoxeneskatoikies.com\/de\/","name":"\u0391\u03c1\u03c7\u03b9\u03ba\u03aeHomeHomeHomeHome - Filoxenes Katoikies | Kythera | Greece","isPartOf":{"@id":"https:\/\/filoxeneskatoikies.com\/de\/#website"},"datePublished":"2013-01-28T00:42:52+00:00","dateModified":"2013-12-23T09:47:35+00:00","breadcrumb":{"@id":"https:\/\/filoxeneskatoikies.com\/de\/#breadcrumb"},"inLanguage":"de","potentialAction":[{"@type":"ReadAction","target":[["https:\/\/filoxeneskatoikies.com\/de\/"]]}]},{"@type":"BreadcrumbList","@id":"https:\/\/filoxeneskatoikies.com\/de\/#breadcrumb","itemListElement":[{"@type":"ListItem","position":1,"name":"Home","item":"https:\/\/filoxeneskatoikies.com\/de\/"},{"@type":"ListItem","position":2,"name":"Home"}]},{"@type":"WebSite","@id":"https:\/\/filoxeneskatoikies.com\/de\/#website","url":"https:\/\/filoxeneskatoikies.com\/de\/","name":"Filoxenes Katoikies | Kythera | Greece","description":"Voyage to Kythera","potentialAction":[{"@type":"SearchAction","target":{"@type":"EntryPoint","urlTemplate":"https:\/\/filoxeneskatoikies.com\/de\/?s={search_term_string}"},"query-input":{"@type":"PropertyValueSpecification","valueRequired":true,"valueName":"search_term_string"}}],"inLanguage":"de"}]}},"jetpack_sharing_enabled":true,"_links":{"self":[{"href":"https:\/\/filoxeneskatoikies.com\/de\/wp-json\/wp\/v2\/pages\/82","targetHints":{"allow":["GET"]}}],"collection":[{"href":"https:\/\/filoxeneskatoikies.com\/de\/wp-json\/wp\/v2\/pages"}],"about":[{"href":"https:\/\/filoxeneskatoikies.com\/de\/wp-json\/wp\/v2\/types\/page"}],"author":[{"embeddable":true,"href":"https:\/\/filoxeneskatoikies.com\/de\/wp-json\/wp\/v2\/users\/3"}],"replies":[{"embeddable":true,"href":"https:\/\/filoxeneskatoikies.com\/de\/wp-json\/wp\/v2\/comments?post=82"}],"version-history":[{"count":27,"href":"https:\/\/filoxeneskatoikies.com\/de\/wp-json\/wp\/v2\/pages\/82\/revisions"}],"predecessor-version":[{"id":178,"href":"https:\/\/filoxeneskatoikies.com\/de\/wp-json\/wp\/v2\/pages\/82\/revisions\/178"}],"wp:attachment":[{"href":"https:\/\/filoxeneskatoikies.com\/de\/wp-json\/wp\/v2\/media?parent=82"}],"curies":[{"name":"wp","href":"https:\/\/api.w.org\/{rel}","templated":true}]}}