{"id":929,"date":"2013-03-12T20:06:01","date_gmt":"2013-03-12T18:06:01","guid":{"rendered":"https:\/\/filoxeneskatoikies.com\/?page_id=929"},"modified":"2017-06-18T12:06:22","modified_gmt":"2017-06-18T10:06:22","slug":"beaches","status":"publish","type":"page","link":"https:\/\/filoxeneskatoikies.com\/de\/kythera\/beaches\/","title":{"rendered":"Str\u00e4nde"},"content":{"rendered":"<p><\/p>\n<style type=\"text\/css\"><!--\nP { margin-bottom: 0.08in; }\n--><\/style>\n<h2>Kaladi<\/h2>\n<p style=\"text-align: justify;\"><a href=\"https:\/\/i0.wp.com\/www.filoxeneskatoikies.com\/wp-content\/uploads\/kaladi.jpg?ssl=1\" rel=\"fancybox[929]\"><img data-recalc-dims=\"1\" loading=\"lazy\" decoding=\"async\" alt=\"kaladi, \u03ba\u03b1\u03bb\u03b1\u03b4\u03af, \u03ba\u03cd\u03b8\u03b7\u03c1\u03b1\" src=\"https:\/\/i0.wp.com\/www.filoxeneskatoikies.com\/wp-content\/uploads\/kaladi-1024x512.jpg?resize=640%2C320&#038;ssl=1\" width=\"640\" height=\"320\" \/><\/a><\/p>\n<p style=\"text-align: justify;\">Ein malerischer Strand mit kristallklarem, t\u00fcrkisfarbenem Wasser und grauen Kieselsteinen. Wohl der sch\u00f6nste und meist fotografierte Strand von Kythera. Er befindet sich im \u00f6stlichen Teil der Insel, in der N\u00e4he Paleopoli. Eine unbefestigte Stra\u00dfe f\u00fchrt zu einem Parkplatz und \u00fcber 120 Stufen gelangen sie zum Strand hinunter. Es gibt keine Strandbar, also etwas f\u00fcr den Hunger und Durst mitnehmen.<\/p>\n<h2>Paleopoli<\/h2>\n<p style=\"text-align: justify;\"><a href=\"https:\/\/i0.wp.com\/www.filoxeneskatoikies.com\/wp-content\/uploads\/paleopoli.jpg?ssl=1\" rel=\"fancybox[929]\"><img data-recalc-dims=\"1\" loading=\"lazy\" decoding=\"async\" alt=\"kythera,\u03c0\u03b1\u03bb\u03b1\u03b9\u03cc\u03c0\u03bf\u03bb\u03b7, \u03ba\u03c5\u03b8\u03b7\u03c1\u03b1\" src=\"https:\/\/i0.wp.com\/www.filoxeneskatoikies.com\/wp-content\/uploads\/paleopoli-1024x512.jpg?resize=640%2C320&#038;ssl=1\" width=\"640\" height=\"320\" \/><\/a><\/p>\n<p style=\"text-align: justify;\">Der gr\u00f6\u00dfte Strand von Kythera in der Ostseite der Insel. Auch im August ist es ruhig und friedlich . Der sch\u00f6ne und weit ausladende Strand besteht aus einer Mischung von Sand und kleineren und gr\u00f6sseren Kieselsteinen. In Richtung Avlemonas finden sie eine Kantine und Sonnenschirmen.<\/p>\n<h2>Melidoni<\/h2>\n<p style=\"text-align: justify;\"><a href=\"https:\/\/i0.wp.com\/www.filoxeneskatoikies.com\/wp-content\/uploads\/melidoni.jpg?ssl=1\" rel=\"fancybox[929]\"><img data-recalc-dims=\"1\" loading=\"lazy\" decoding=\"async\" alt=\"melidoni, kythera,  \u03bc\u03b5\u03bb\u03b9\u03b4\u03cc\u03bd\u03b9, \u03ba\u03c5\u03b8\u03b7\u03c1\u03b1\" src=\"https:\/\/i0.wp.com\/www.filoxeneskatoikies.com\/wp-content\/uploads\/melidoni-1024x512.jpg?resize=640%2C320&#038;ssl=1\" width=\"640\" height=\"320\" \/><\/a><\/p>\n<p style=\"text-align: justify;\">Klares Wasser und Sand mit kleinen Kieselsteinen, in Kombination mit einem spektakul\u00e4ren Blick auf Chytra. Besucher finden hier eine Kantine vor, die f\u00fcr ihre legendern Beach-Parties bekannt ist. Dieser kleine Strand liegt im s\u00fcdwestlichen Teil der Insel und ist mit dem Auto \u00fcber einen Feldweg von Drymonas aus zu erreichen.<\/p>\n<h2>Chalkos<\/h2>\n<p style=\"text-align: justify;\"><a href=\"https:\/\/i0.wp.com\/www.filoxeneskatoikies.com\/wp-content\/uploads\/melidoni1.jpg?ssl=1\" rel=\"fancybox[929]\"><img data-recalc-dims=\"1\" loading=\"lazy\" decoding=\"async\" alt=\"melidoni, \u03bc\u03b5\u03bb\u03b9\u03b4\u03cc\u03bd\u03b9\" src=\"https:\/\/i0.wp.com\/www.filoxeneskatoikies.com\/wp-content\/uploads\/melidoni1-1024x512.jpg?resize=640%2C320&#038;ssl=1\" width=\"640\" height=\"320\" \/><\/a><\/p>\n<p style=\"text-align: justify;\">Mit Kieselsteinen und t\u00fcrkisfarbenem Wasser liegt dieser beliebte Strand ein paar Kilometer entfernt von K\u00e1lamos. Es ist gut organisiert, mit Kantine und einem gro\u00dfen Parkplatz.<\/p>\n<h2>Fyri \u00c1mmos in Kalamos<\/h2>\n<p style=\"text-align: justify;\"><a href=\"https:\/\/i0.wp.com\/www.filoxeneskatoikies.com\/wp-content\/uploads\/fyri.jpg?ssl=1\" rel=\"fancybox[929]\"><img data-recalc-dims=\"1\" loading=\"lazy\" decoding=\"async\" alt=\"fyri ammos, kythera, \u03ba\u03c5\u03b8\u03b7\u03c1\u03b1, \u03c6\u03c5\u03c1\u03ae \u03ac\u03bc\u03bc\u03bf\u03c2\" src=\"https:\/\/i0.wp.com\/www.filoxeneskatoikies.com\/wp-content\/uploads\/fyri-1024x512.jpg?resize=640%2C320&#038;ssl=1\" width=\"640\" height=\"320\" \/><\/a><\/p>\n<p style=\"text-align: justify;\">Der Name kommt von dem lilafarben Kies, der dem Wasser je nach Tageszeit und Lichteinfall die unterschiedlichsten Farben gibt. Einer der gr\u00f6\u00dferen Str\u00e4nde in Kythera. \u00a0Organisiert mit Kantine, Sonnenschirmen und Liegen auf einem kleinen Teil des Strandes.<\/p>\n<h2>Lagada<\/h2>\n<p style=\"text-align: justify;\"><a href=\"https:\/\/i0.wp.com\/www.filoxeneskatoikies.com\/wp-content\/uploads\/lagada.jpg?ssl=1\" rel=\"fancybox[929]\"><img data-recalc-dims=\"1\" loading=\"lazy\" decoding=\"async\" alt=\"lagada, kythera, \u03ba\u03c5\u03b8\u03b7\u03c1\u03b1, \u03bb\u03b1\u03b3\u03ba\u03ac\u03b4\u03b1\" src=\"https:\/\/i0.wp.com\/www.filoxeneskatoikies.com\/wp-content\/uploads\/lagada-1024x512.jpg?resize=640%2C320&#038;ssl=1\" width=\"640\" height=\"320\" \/><\/a><\/p>\n<p style=\"text-align: justify;\">Der Strand wurde mit der Blauen Flagge ausgezeichnet. Der sehr gut organisierte Strand ist auch f\u00fcr die &#8222;Barbarossa Days&#8220; (Piratenspiele), d.h. ein Beachvolleyball-Turnier bekannt. Dies ist der Ort f\u00fcr entspanntes Schwimmen mit Blick in Richtung der K\u00fcste des Peloponnes. Auch f\u00fcr seine Strandbar und Sommerparties bekannt.<\/p>\n<h2>Kalami<\/h2>\n<p style=\"text-align: justify;\"><a href=\"https:\/\/i0.wp.com\/www.filoxeneskatoikies.com\/wp-content\/uploads\/kalami.jpg?ssl=1\" rel=\"fancybox[929]\"><img data-recalc-dims=\"1\" loading=\"lazy\" decoding=\"async\" alt=\"kalami, kythera, \u03ba\u03cd\u03b8\u03b7\u03c1\u03b1, \u03ba\u03b1\u03bb\u03ac\u03bc\u03b9\" src=\"https:\/\/i0.wp.com\/www.filoxeneskatoikies.com\/wp-content\/uploads\/kalami-1024x512.jpg?resize=640%2C320&#038;ssl=1\" width=\"640\" height=\"320\" \/><\/a><\/p>\n<p style=\"text-align: justify;\">Auf der Westseite von Kythera und nach dem \u00a0Dorf \u00a0Mylopotamos\u00a0 zu der Kirche Agia Orphani, \u00a0wo sie parken. \u00a0Folgen sie dem Feldweg, der sie zum Strand f\u00fchrt. Es geht bergab an einem Seil\u00a0 zum exotischen Strand mit blauem Wasser und Sand. Trotz des schwierigen Zugangs\u00a0\u00a0sehr beliebt.<\/p>\n<h2>Sparaggario<\/h2>\n<p style=\"text-align: justify;\"><a href=\"https:\/\/i0.wp.com\/www.filoxeneskatoikies.com\/wp-content\/uploads\/sparagario.jpg?ssl=1\" rel=\"fancybox[929]\"><img data-recalc-dims=\"1\" loading=\"lazy\" decoding=\"async\" alt=\"\u03c3\u03c0\u03b1\u03c1\u03b1\u03b3\u03b1\u03c1\u03af\u03bf, sparagario, kythira\" src=\"https:\/\/i0.wp.com\/www.filoxeneskatoikies.com\/wp-content\/uploads\/sparagario-1024x512.jpg?resize=640%2C320&#038;ssl=1\" width=\"640\" height=\"320\" \/><\/a><\/p>\n<p style=\"text-align: justify;\">Im s\u00fcdlichen Teil von Kythera und sehr nah an der Bucht von Kapsali\u00a0 finden Sie einen der charakteristischsten Sandstr\u00e4nde der Insel. Sehr beliebt, vor allem in den letzten Jahrzehnten f\u00fcr Nudisten, dieser Strand ist zug\u00e4nglich von Kapsali, nur von dem Meer.<\/p>\n<h2>Fournoi<\/h2>\n<p style=\"text-align: justify;\"><a href=\"https:\/\/i0.wp.com\/www.filoxeneskatoikies.com\/wp-content\/uploads\/furni.jpg?ssl=1\" rel=\"fancybox[929]\"><img data-recalc-dims=\"1\" loading=\"lazy\" decoding=\"async\" alt=\"Furni, beach, kythira,\u03ba\u03c5\u03b8\u03b7\u03c1\u03b1, \u03c0\u03b1\u03c1\u03b1\u03bb\u03af\u03b1, \u03ba\u03cd\u03b8\u03b7\u03c1\u03b1\" src=\"https:\/\/i0.wp.com\/www.filoxeneskatoikies.com\/wp-content\/uploads\/furni-1024x512.jpg?resize=640%2C320&#038;ssl=1\" width=\"640\" height=\"320\" \/><\/a><\/p>\n<p style=\"text-align: justify;\">Klares Wasser und graue Kieselsteine \u200b\u200bbilden eine idyllische Landschaft, die Ruhe und Entspannung bietet. Tauchen Sie ein in das tiefe Blau des Meeres und der sch\u00f6nen Musik, die aus der nahe gelegenen Kantine (Jazz, Soul etc.) erklingt und lassen Sie Ihre Seele auf die Reise gehen. Den Strand erreichen sie, auf der Strasse von Karavas nach Platia Ammos. Vor Paltia Ammos zeigt ein Wegweisser nach rechts zum Strand.<\/p>\n<h2>Diakofti<\/h2>\n<p style=\"text-align: justify;\"><a href=\"https:\/\/i0.wp.com\/www.filoxeneskatoikies.com\/wp-content\/uploads\/diakofti.jpg?ssl=1\" rel=\"fancybox[929]\"><img data-recalc-dims=\"1\" loading=\"lazy\" decoding=\"async\" alt=\"Kythera, \u039a\u03cd\u03b8\u03b7\u03c1\u03b1\" src=\"https:\/\/i0.wp.com\/www.filoxeneskatoikies.com\/wp-content\/uploads\/diakofti-1024x512.jpg?resize=640%2C320&#038;ssl=1\" width=\"640\" height=\"320\" \/><\/a><\/p>\n<p style=\"text-align: justify;\">Wei\u00dfer Sand und seichtes t\u00fcrkisfarbenes Wasser, ist ideal f\u00fcr Kinder aller Altersstufen. Besucher werden viele Tavernen mit frischem Fisch und traditionellen griechischen Gerichten \u00a0finden. Das gestrandete Schiff \u00a0&#8222;Navagio&#8220;, eine beliebte Touristenattraktion, ist nicht weit von hier entfernt.<\/p>\n<h2>Komponada<\/h2>\n<p style=\"text-align: justify;\"><a href=\"https:\/\/i0.wp.com\/www.filoxeneskatoikies.com\/wp-content\/uploads\/komponada.jpg?ssl=1\" rel=\"fancybox[929]\"><img data-recalc-dims=\"1\" loading=\"lazy\" decoding=\"async\" alt=\"kobonada, kythira, \u03ba\u03c5\u03b8\u03b7\u03c1\u03b1, \u03ba\u03bf\u03bc\u03c0\u03bf\u03bd\u03ac\u03b4\u03b1\" src=\"https:\/\/i0.wp.com\/www.filoxeneskatoikies.com\/wp-content\/uploads\/komponada-1024x512.jpg?resize=640%2C320&#038;ssl=1\" width=\"640\" height=\"320\" \/><\/a><\/p>\n<p style=\"text-align: justify;\">Im \u00f6stlichen Teil der Insel, sehr leicht zug\u00e4nglich. Der Strand ist wegen dem kristallklaren Wasser sehr beliebt. Einer der gr\u00f6\u00dferen Str\u00e4nde in Kythera mit einer Kantine.<\/p>\n<p><\/p>","protected":false},"excerpt":{"rendered":"<p>Kaladi Ein malerischer Strand mit kristallklarem, t\u00fcrkisfarbenem Wasser und grauen Kieselsteinen. Wohl der sch\u00f6nste und meist fotografierte Strand von Kythera&#8230;.<\/p>\n","protected":false},"author":3,"featured_media":0,"parent":112,"menu_order":0,"comment_status":"closed","ping_status":"closed","template":"","meta":{"footnotes":""},"class_list":["post-929","page","type-page","status-publish","hentry"],"yoast_head":"<!-- This site is optimized with the Yoast SEO plugin v27.2 - https:\/\/yoast.com\/product\/yoast-seo-wordpress\/ -->\n<title>\u03a0\u03b1\u03c1\u03b1\u03bb\u03af\u03b5\u03c2BeachesSpiaggeStr\u00e4nde\u041f\u043b\u044f\u0436\u0438 - Filoxenes Katoikies | Kythera | Greece<\/title>\n<meta name=\"robots\" content=\"index, follow, max-snippet:-1, max-image-preview:large, max-video-preview:-1\" \/>\n<link rel=\"canonical\" href=\"https:\/\/filoxeneskatoikies.com\/de\/kythera\/beaches\/\" \/>\n<meta property=\"og:locale\" content=\"de_DE\" \/>\n<meta property=\"og:type\" content=\"article\" \/>\n<meta property=\"og:title\" content=\"\u03a0\u03b1\u03c1\u03b1\u03bb\u03af\u03b5\u03c2BeachesSpiaggeStr\u00e4nde\u041f\u043b\u044f\u0436\u0438 - Filoxenes Katoikies | Kythera | Greece\" \/>\n<meta property=\"og:description\" content=\"Kaladi Ein malerischer Strand mit kristallklarem, t\u00fcrkisfarbenem Wasser und grauen Kieselsteinen. Wohl der sch\u00f6nste und meist fotografierte Strand von Kythera....\" \/>\n<meta property=\"og:url\" content=\"https:\/\/filoxeneskatoikies.com\/de\/kythera\/beaches\/\" \/>\n<meta property=\"og:site_name\" content=\"Filoxenes Katoikies | Kythera | Greece\" \/>\n<meta property=\"article:modified_time\" content=\"2017-06-18T10:06:22+00:00\" \/>\n<meta property=\"og:image\" content=\"https:\/\/www.filoxeneskatoikies.com\/wp-content\/uploads\/diakofti-1024x512.jpg\" \/>\n<meta name=\"twitter:card\" content=\"summary_large_image\" \/>\n<meta name=\"twitter:label1\" content=\"Gesch\u00e4tzte Lesezeit\" \/>\n\t<meta name=\"twitter:data1\" content=\"8\u00a0Minuten\" \/>\n<script type=\"application\/ld+json\" class=\"yoast-schema-graph\">{\"@context\":\"https:\/\/schema.org\",\"@graph\":[{\"@type\":\"WebPage\",\"@id\":\"https:\/\/filoxeneskatoikies.com\/de\/kythera\/beaches\/\",\"url\":\"https:\/\/filoxeneskatoikies.com\/de\/kythera\/beaches\/\",\"name\":\"\u03a0\u03b1\u03c1\u03b1\u03bb\u03af\u03b5\u03c2BeachesSpiaggeStr\u00e4nde\u041f\u043b\u044f\u0436\u0438 - Filoxenes Katoikies | Kythera | Greece\",\"isPartOf\":{\"@id\":\"https:\/\/filoxeneskatoikies.com\/de\/#website\"},\"primaryImageOfPage\":{\"@id\":\"https:\/\/filoxeneskatoikies.com\/de\/kythera\/beaches\/#primaryimage\"},\"image\":{\"@id\":\"https:\/\/filoxeneskatoikies.com\/de\/kythera\/beaches\/#primaryimage\"},\"thumbnailUrl\":\"https:\/\/www.filoxeneskatoikies.com\/wp-content\/uploads\/diakofti-1024x512.jpg\",\"datePublished\":\"2013-03-12T18:06:01+00:00\",\"dateModified\":\"2017-06-18T10:06:22+00:00\",\"breadcrumb\":{\"@id\":\"https:\/\/filoxeneskatoikies.com\/de\/kythera\/beaches\/#breadcrumb\"},\"inLanguage\":\"de\",\"potentialAction\":[{\"@type\":\"ReadAction\",\"target\":[[\"https:\/\/filoxeneskatoikies.com\/de\/kythera\/beaches\/\"]]}]},{\"@type\":\"ImageObject\",\"inLanguage\":\"de\",\"@id\":\"https:\/\/filoxeneskatoikies.com\/de\/kythera\/beaches\/#primaryimage\",\"url\":\"https:\/\/www.filoxeneskatoikies.com\/wp-content\/uploads\/diakofti-1024x512.jpg\",\"contentUrl\":\"https:\/\/www.filoxeneskatoikies.com\/wp-content\/uploads\/diakofti-1024x512.jpg\"},{\"@type\":\"BreadcrumbList\",\"@id\":\"https:\/\/filoxeneskatoikies.com\/de\/kythera\/beaches\/#breadcrumb\",\"itemListElement\":[{\"@type\":\"ListItem\",\"position\":1,\"name\":\"Home\",\"item\":\"https:\/\/filoxeneskatoikies.com\/de\/\"},{\"@type\":\"ListItem\",\"position\":2,\"name\":\"Str\u00e4nde\"}]},{\"@type\":\"WebSite\",\"@id\":\"https:\/\/filoxeneskatoikies.com\/de\/#website\",\"url\":\"https:\/\/filoxeneskatoikies.com\/de\/\",\"name\":\"Filoxenes Katoikies | Kythera | Greece\",\"description\":\"Voyage to Kythera\",\"potentialAction\":[{\"@type\":\"SearchAction\",\"target\":{\"@type\":\"EntryPoint\",\"urlTemplate\":\"https:\/\/filoxeneskatoikies.com\/de\/?s={search_term_string}\"},\"query-input\":{\"@type\":\"PropertyValueSpecification\",\"valueRequired\":true,\"valueName\":\"search_term_string\"}}],\"inLanguage\":\"de\"}]}<\/script>\n<!-- \/ Yoast SEO plugin. -->","yoast_head_json":{"title":"\u03a0\u03b1\u03c1\u03b1\u03bb\u03af\u03b5\u03c2BeachesSpiaggeStr\u00e4nde\u041f\u043b\u044f\u0436\u0438 - Filoxenes Katoikies | Kythera | Greece","robots":{"index":"index","follow":"follow","max-snippet":"max-snippet:-1","max-image-preview":"max-image-preview:large","max-video-preview":"max-video-preview:-1"},"canonical":"https:\/\/filoxeneskatoikies.com\/de\/kythera\/beaches\/","og_locale":"de_DE","og_type":"article","og_title":"\u03a0\u03b1\u03c1\u03b1\u03bb\u03af\u03b5\u03c2BeachesSpiaggeStr\u00e4nde\u041f\u043b\u044f\u0436\u0438 - Filoxenes Katoikies | Kythera | Greece","og_description":"Kaladi Ein malerischer Strand mit kristallklarem, t\u00fcrkisfarbenem Wasser und grauen Kieselsteinen. Wohl der sch\u00f6nste und meist fotografierte Strand von Kythera....","og_url":"https:\/\/filoxeneskatoikies.com\/de\/kythera\/beaches\/","og_site_name":"Filoxenes Katoikies | Kythera | Greece","article_modified_time":"2017-06-18T10:06:22+00:00","og_image":[{"url":"https:\/\/www.filoxeneskatoikies.com\/wp-content\/uploads\/diakofti-1024x512.jpg","type":"","width":"","height":""}],"twitter_card":"summary_large_image","twitter_misc":{"Gesch\u00e4tzte Lesezeit":"8\u00a0Minuten"},"schema":{"@context":"https:\/\/schema.org","@graph":[{"@type":"WebPage","@id":"https:\/\/filoxeneskatoikies.com\/de\/kythera\/beaches\/","url":"https:\/\/filoxeneskatoikies.com\/de\/kythera\/beaches\/","name":"\u03a0\u03b1\u03c1\u03b1\u03bb\u03af\u03b5\u03c2BeachesSpiaggeStr\u00e4nde\u041f\u043b\u044f\u0436\u0438 - Filoxenes Katoikies | Kythera | Greece","isPartOf":{"@id":"https:\/\/filoxeneskatoikies.com\/de\/#website"},"primaryImageOfPage":{"@id":"https:\/\/filoxeneskatoikies.com\/de\/kythera\/beaches\/#primaryimage"},"image":{"@id":"https:\/\/filoxeneskatoikies.com\/de\/kythera\/beaches\/#primaryimage"},"thumbnailUrl":"https:\/\/www.filoxeneskatoikies.com\/wp-content\/uploads\/diakofti-1024x512.jpg","datePublished":"2013-03-12T18:06:01+00:00","dateModified":"2017-06-18T10:06:22+00:00","breadcrumb":{"@id":"https:\/\/filoxeneskatoikies.com\/de\/kythera\/beaches\/#breadcrumb"},"inLanguage":"de","potentialAction":[{"@type":"ReadAction","target":[["https:\/\/filoxeneskatoikies.com\/de\/kythera\/beaches\/"]]}]},{"@type":"ImageObject","inLanguage":"de","@id":"https:\/\/filoxeneskatoikies.com\/de\/kythera\/beaches\/#primaryimage","url":"https:\/\/www.filoxeneskatoikies.com\/wp-content\/uploads\/diakofti-1024x512.jpg","contentUrl":"https:\/\/www.filoxeneskatoikies.com\/wp-content\/uploads\/diakofti-1024x512.jpg"},{"@type":"BreadcrumbList","@id":"https:\/\/filoxeneskatoikies.com\/de\/kythera\/beaches\/#breadcrumb","itemListElement":[{"@type":"ListItem","position":1,"name":"Home","item":"https:\/\/filoxeneskatoikies.com\/de\/"},{"@type":"ListItem","position":2,"name":"Str\u00e4nde"}]},{"@type":"WebSite","@id":"https:\/\/filoxeneskatoikies.com\/de\/#website","url":"https:\/\/filoxeneskatoikies.com\/de\/","name":"Filoxenes Katoikies | Kythera | Greece","description":"Voyage to Kythera","potentialAction":[{"@type":"SearchAction","target":{"@type":"EntryPoint","urlTemplate":"https:\/\/filoxeneskatoikies.com\/de\/?s={search_term_string}"},"query-input":{"@type":"PropertyValueSpecification","valueRequired":true,"valueName":"search_term_string"}}],"inLanguage":"de"}]}},"jetpack_sharing_enabled":true,"_links":{"self":[{"href":"https:\/\/filoxeneskatoikies.com\/de\/wp-json\/wp\/v2\/pages\/929","targetHints":{"allow":["GET"]}}],"collection":[{"href":"https:\/\/filoxeneskatoikies.com\/de\/wp-json\/wp\/v2\/pages"}],"about":[{"href":"https:\/\/filoxeneskatoikies.com\/de\/wp-json\/wp\/v2\/types\/page"}],"author":[{"embeddable":true,"href":"https:\/\/filoxeneskatoikies.com\/de\/wp-json\/wp\/v2\/users\/3"}],"replies":[{"embeddable":true,"href":"https:\/\/filoxeneskatoikies.com\/de\/wp-json\/wp\/v2\/comments?post=929"}],"version-history":[{"count":34,"href":"https:\/\/filoxeneskatoikies.com\/de\/wp-json\/wp\/v2\/pages\/929\/revisions"}],"predecessor-version":[{"id":2032,"href":"https:\/\/filoxeneskatoikies.com\/de\/wp-json\/wp\/v2\/pages\/929\/revisions\/2032"}],"up":[{"embeddable":true,"href":"https:\/\/filoxeneskatoikies.com\/de\/wp-json\/wp\/v2\/pages\/112"}],"wp:attachment":[{"href":"https:\/\/filoxeneskatoikies.com\/de\/wp-json\/wp\/v2\/media?parent=929"}],"curies":[{"name":"wp","href":"https:\/\/api.w.org\/{rel}","templated":true}]}}