{"id":945,"date":"2013-03-13T21:54:17","date_gmt":"2013-03-13T19:54:17","guid":{"rendered":"https:\/\/filoxeneskatoikies.com\/?page_id=945"},"modified":"2021-04-15T20:37:57","modified_gmt":"2021-04-15T18:37:57","slug":"about","status":"publish","type":"page","link":"https:\/\/filoxeneskatoikies.com\/de\/about\/","title":{"rendered":"\u00dcber uns"},"content":{"rendered":"<p><\/p>\n<p style=\"text-align: justify;\">Die Filoxenes Katoikies sind ein Synonym f\u00fcr einen Rastplatz der Seele, f\u00fcr ein entschleunigtes Wahrnehmen des Wesentlichen, mit Blick auf das tiefe Blau des Meeres das sich mit goldenen T\u00f6nen der Sonne schm\u00fcckt, Das milde Licht, das auf die Landschaft einstrahlt, versetzt Sie in eine andere Dimension.<br \/>\nUnsere sorgf\u00e4ltig und bedacht ausgew\u00e4hlten Unterk\u00fcnfte, Villa Venus und Kythira Villa \u00a0und die traditionellen Villen, Celestia Traditional Houses , den Windmill Suites und Semeli House \u00a0geh\u00f6ren in die Kategorie der traditionelle H\u00e4user.Sole e Mare Traditional Studios, die Athena Apts &#038; Studios und Anemoi Apts &#038; Studios liegen unmittelbar am Meer und sind somit die idealen Unterk\u00fcnfte f\u00fcr einen Strandurlaub.Und schlie\u00dflich unser Haus in Avlemonas und die H\u00e4user in Paleopoli, die Sie auf Halbmonats \u2013 oder Monatsbasis mieten k\u00f6nnen.Unsere Unterk\u00fcnfte befinden sich in den D\u00f6rfern, Diakofti, Avlemonas, Paleopoli, Aroniadika, Keramoto, Kalokerines und Livadi. Unsere neu dazu gekommenen Unterk\u00fcnfte sind in Agia Pelagia und Perlegkianika!\u00a0Dies gibt Ihnen die M\u00f6glichkeit bei l\u00e4ngerem Aufenthalt nicht nur in einem Dorf zu wohnen.<\/p>\n<p style=\"text-align: justify;\">\u00a0Ob Fr\u00fchjahr, Sommer oder Herbst, Kythira ist ein idealer Ort zum Schwimmen oder Wandern. Die sch\u00f6ne Natur mit ihrer reichen Flora zeigt sich in vielen Farben, je nach Jahreszeit. Kythera bietet dem Urlauber viele M\u00f6glichkeiten f\u00fcr kurze oder l\u00e4ngere Aufenthalte.<br \/>\nUnsere Gastfreundschaft, Zuverl\u00e4ssigkeit und unsere wettbewerbsf\u00e4higen Preise werden Ihre Reise nach Kythira zu einem sch\u00f6nen und einmaligen Erlebnis gestalten.<b><\/b><\/p>\n<p><\/p>","protected":false},"excerpt":{"rendered":"<p>Die Filoxenes Katoikies sind ein Synonym f\u00fcr einen Rastplatz der Seele, f\u00fcr ein entschleunigtes Wahrnehmen des Wesentlichen, mit Blick auf&#8230;<\/p>\n","protected":false},"author":3,"featured_media":0,"parent":0,"menu_order":10,"comment_status":"closed","ping_status":"closed","template":"","meta":{"footnotes":""},"class_list":["post-945","page","type-page","status-publish","hentry"],"yoast_head":"<!-- This site is optimized with the Yoast SEO plugin v27.2 - https:\/\/yoast.com\/product\/yoast-seo-wordpress\/ -->\n<title>\u00dcber uns - Filoxenes Katoikies | Kythera | Greece<\/title>\n<meta name=\"robots\" content=\"index, follow, max-snippet:-1, max-image-preview:large, max-video-preview:-1\" \/>\n<link rel=\"canonical\" href=\"https:\/\/filoxeneskatoikies.com\/de\/about\/\" \/>\n<meta property=\"og:locale\" content=\"de_DE\" \/>\n<meta property=\"og:type\" content=\"article\" \/>\n<meta property=\"og:title\" content=\"\u00dcber uns - Filoxenes Katoikies | Kythera | Greece\" \/>\n<meta property=\"og:description\" content=\"Die Filoxenes Katoikies sind ein Synonym f\u00fcr einen Rastplatz der Seele, f\u00fcr ein entschleunigtes Wahrnehmen des Wesentlichen, mit Blick auf...\" \/>\n<meta property=\"og:url\" content=\"https:\/\/filoxeneskatoikies.com\/de\/about\/\" \/>\n<meta property=\"og:site_name\" content=\"Filoxenes Katoikies | Kythera | Greece\" \/>\n<meta property=\"article:modified_time\" content=\"2021-04-15T18:37:57+00:00\" \/>\n<meta name=\"twitter:card\" content=\"summary_large_image\" \/>\n<meta name=\"twitter:label1\" content=\"Gesch\u00e4tzte Lesezeit\" \/>\n\t<meta name=\"twitter:data1\" content=\"4\u00a0Minuten\" \/>\n<script type=\"application\/ld+json\" class=\"yoast-schema-graph\">{\"@context\":\"https:\/\/schema.org\",\"@graph\":[{\"@type\":\"WebPage\",\"@id\":\"https:\/\/filoxeneskatoikies.com\/de\/about\/\",\"url\":\"https:\/\/filoxeneskatoikies.com\/de\/about\/\",\"name\":\"\u00dcber uns - Filoxenes Katoikies | Kythera | Greece\",\"isPartOf\":{\"@id\":\"https:\/\/filoxeneskatoikies.com\/de\/#website\"},\"datePublished\":\"2013-03-13T19:54:17+00:00\",\"dateModified\":\"2021-04-15T18:37:57+00:00\",\"breadcrumb\":{\"@id\":\"https:\/\/filoxeneskatoikies.com\/de\/about\/#breadcrumb\"},\"inLanguage\":\"de\",\"potentialAction\":[{\"@type\":\"ReadAction\",\"target\":[[\"https:\/\/filoxeneskatoikies.com\/de\/about\/\"]]}]},{\"@type\":\"BreadcrumbList\",\"@id\":\"https:\/\/filoxeneskatoikies.com\/de\/about\/#breadcrumb\",\"itemListElement\":[{\"@type\":\"ListItem\",\"position\":1,\"name\":\"Home\",\"item\":\"https:\/\/filoxeneskatoikies.com\/de\/\"},{\"@type\":\"ListItem\",\"position\":2,\"name\":\"\u00dcber uns\"}]},{\"@type\":\"WebSite\",\"@id\":\"https:\/\/filoxeneskatoikies.com\/de\/#website\",\"url\":\"https:\/\/filoxeneskatoikies.com\/de\/\",\"name\":\"Filoxenes Katoikies | Kythera | Greece\",\"description\":\"Voyage to Kythera\",\"potentialAction\":[{\"@type\":\"SearchAction\",\"target\":{\"@type\":\"EntryPoint\",\"urlTemplate\":\"https:\/\/filoxeneskatoikies.com\/de\/?s={search_term_string}\"},\"query-input\":{\"@type\":\"PropertyValueSpecification\",\"valueRequired\":true,\"valueName\":\"search_term_string\"}}],\"inLanguage\":\"de\"}]}<\/script>\n<!-- \/ Yoast SEO plugin. -->","yoast_head_json":{"title":"\u00dcber uns - Filoxenes Katoikies | Kythera | Greece","robots":{"index":"index","follow":"follow","max-snippet":"max-snippet:-1","max-image-preview":"max-image-preview:large","max-video-preview":"max-video-preview:-1"},"canonical":"https:\/\/filoxeneskatoikies.com\/de\/about\/","og_locale":"de_DE","og_type":"article","og_title":"\u00dcber uns - Filoxenes Katoikies | Kythera | Greece","og_description":"Die Filoxenes Katoikies sind ein Synonym f\u00fcr einen Rastplatz der Seele, f\u00fcr ein entschleunigtes Wahrnehmen des Wesentlichen, mit Blick auf...","og_url":"https:\/\/filoxeneskatoikies.com\/de\/about\/","og_site_name":"Filoxenes Katoikies | Kythera | Greece","article_modified_time":"2021-04-15T18:37:57+00:00","twitter_card":"summary_large_image","twitter_misc":{"Gesch\u00e4tzte Lesezeit":"4\u00a0Minuten"},"schema":{"@context":"https:\/\/schema.org","@graph":[{"@type":"WebPage","@id":"https:\/\/filoxeneskatoikies.com\/de\/about\/","url":"https:\/\/filoxeneskatoikies.com\/de\/about\/","name":"\u00dcber uns - Filoxenes Katoikies | Kythera | Greece","isPartOf":{"@id":"https:\/\/filoxeneskatoikies.com\/de\/#website"},"datePublished":"2013-03-13T19:54:17+00:00","dateModified":"2021-04-15T18:37:57+00:00","breadcrumb":{"@id":"https:\/\/filoxeneskatoikies.com\/de\/about\/#breadcrumb"},"inLanguage":"de","potentialAction":[{"@type":"ReadAction","target":[["https:\/\/filoxeneskatoikies.com\/de\/about\/"]]}]},{"@type":"BreadcrumbList","@id":"https:\/\/filoxeneskatoikies.com\/de\/about\/#breadcrumb","itemListElement":[{"@type":"ListItem","position":1,"name":"Home","item":"https:\/\/filoxeneskatoikies.com\/de\/"},{"@type":"ListItem","position":2,"name":"\u00dcber uns"}]},{"@type":"WebSite","@id":"https:\/\/filoxeneskatoikies.com\/de\/#website","url":"https:\/\/filoxeneskatoikies.com\/de\/","name":"Filoxenes Katoikies | Kythera | Greece","description":"Voyage to Kythera","potentialAction":[{"@type":"SearchAction","target":{"@type":"EntryPoint","urlTemplate":"https:\/\/filoxeneskatoikies.com\/de\/?s={search_term_string}"},"query-input":{"@type":"PropertyValueSpecification","valueRequired":true,"valueName":"search_term_string"}}],"inLanguage":"de"}]}},"jetpack_sharing_enabled":true,"_links":{"self":[{"href":"https:\/\/filoxeneskatoikies.com\/de\/wp-json\/wp\/v2\/pages\/945","targetHints":{"allow":["GET"]}}],"collection":[{"href":"https:\/\/filoxeneskatoikies.com\/de\/wp-json\/wp\/v2\/pages"}],"about":[{"href":"https:\/\/filoxeneskatoikies.com\/de\/wp-json\/wp\/v2\/types\/page"}],"author":[{"embeddable":true,"href":"https:\/\/filoxeneskatoikies.com\/de\/wp-json\/wp\/v2\/users\/3"}],"replies":[{"embeddable":true,"href":"https:\/\/filoxeneskatoikies.com\/de\/wp-json\/wp\/v2\/comments?post=945"}],"version-history":[{"count":12,"href":"https:\/\/filoxeneskatoikies.com\/de\/wp-json\/wp\/v2\/pages\/945\/revisions"}],"predecessor-version":[{"id":3173,"href":"https:\/\/filoxeneskatoikies.com\/de\/wp-json\/wp\/v2\/pages\/945\/revisions\/3173"}],"wp:attachment":[{"href":"https:\/\/filoxeneskatoikies.com\/de\/wp-json\/wp\/v2\/media?parent=945"}],"curies":[{"name":"wp","href":"https:\/\/api.w.org\/{rel}","templated":true}]}}