{"id":951,"date":"2013-03-13T22:05:01","date_gmt":"2013-03-13T20:05:01","guid":{"rendered":"https:\/\/filoxeneskatoikies.com\/?page_id=951"},"modified":"2018-01-29T22:57:19","modified_gmt":"2018-01-29T20:57:19","slug":"voyagetocythera","status":"publish","type":"page","link":"https:\/\/filoxeneskatoikies.com\/de\/kythera\/voyagetocythera\/","title":{"rendered":"Zugang &#8211; Fahrpl\u00e4ne"},"content":{"rendered":"<p><\/p>\n<h2>Pkw \/ Bus \/ F\u00e4hren<\/h2>\n<p>Mit einem Fahrzeug nach Kythera. Vom Peloponnes die F\u00e4hrh\u00e4fen Gythio, Neapoli und im Sommer Monemvasia und Kalamata. Von Kreta der F\u00e4hrhafen Kastelli (Kissamos). Von Athen der F\u00e4hrhafen Piraeus.<br \/>\n<strong>F\/\u0392 Ionis\u00a0<\/strong>von Gythio einmal die Woche (momentan jeden Dienstag). Im Sommer von Kalamata einmal die Woche. Von Piraeus zweimal die Woche (momentan Montag &amp; Freitag) . Von Kreta dreimal und im Sommer viermal die Woche.<br \/>\n<strong>F\/B Porfyrousa<\/strong> von Neapoli, jeden Tag einmal, ausser Donnstag. Im Sommer zweimal am Tag.<\/p>\n<h2>Fl\u00fcge<\/h2>\n<p>Um die Insel mit dem Flugzeug zu erreichen gibt es t\u00e4glich Fl\u00fcge , mit <strong>Olympic Air &amp; Sky Express<\/strong>, vom Flughafen Athen nach Kythira. Der Flug dauert etwa 50 Minuten.<\/p>\n<h2>Fahrpl\u00e4ne<\/h2>\n<p>Die Fahrpl\u00e4ne nach Kythera finden sie hier als Download !<br \/>\n&gt;&gt;<a href=\"https:\/\/www.visitkythera.com\/schedules\/\">Fahrpl\u00e4ne<\/a><\/p>\n<h2>Wichtige Telefonnummern<\/h2>\n<p>KTEL Inter City Bus (Athens to Neapoli): +30 210 5124913<br \/>\nAirport of Kythira: +30 27360 33292<br \/>\nPort of Gythion: +30 27330 22262<br \/>\nPort\u00a0of Naples: +30 27340 22228<br \/>\nPort\u00a0of Agia Pelagia Kythira: +30 27360 33280<br \/>\nPort of Diakofti Kythira: +30 27360 34222<\/p>","protected":false},"excerpt":{"rendered":"<p>Pkw \/ Bus \/ F\u00e4hren Mit einem Fahrzeug nach Kythera. Vom Peloponnes die F\u00e4hrh\u00e4fen Gythio, Neapoli und im Sommer Monemvasia&#8230;<\/p>\n","protected":false},"author":3,"featured_media":0,"parent":112,"menu_order":0,"comment_status":"closed","ping_status":"closed","template":"","meta":{"footnotes":""},"class_list":["post-951","page","type-page","status-publish","hentry"],"yoast_head":"<!-- This site is optimized with the Yoast SEO plugin v27.2 - https:\/\/yoast.com\/product\/yoast-seo-wordpress\/ -->\n<title>Zugang - Fahrpl\u00e4ne - Filoxenes Katoikies | Kythera | Greece<\/title>\n<meta name=\"robots\" content=\"index, follow, max-snippet:-1, max-image-preview:large, max-video-preview:-1\" \/>\n<link rel=\"canonical\" href=\"https:\/\/filoxeneskatoikies.com\/de\/kythera\/voyagetocythera\/\" \/>\n<meta property=\"og:locale\" content=\"de_DE\" \/>\n<meta property=\"og:type\" content=\"article\" \/>\n<meta property=\"og:title\" content=\"Zugang - Fahrpl\u00e4ne - Filoxenes Katoikies | Kythera | Greece\" \/>\n<meta property=\"og:description\" content=\"Pkw \/ Bus \/ F\u00e4hren Mit einem Fahrzeug nach Kythera. Vom Peloponnes die F\u00e4hrh\u00e4fen Gythio, Neapoli und im Sommer Monemvasia...\" \/>\n<meta property=\"og:url\" content=\"https:\/\/filoxeneskatoikies.com\/de\/kythera\/voyagetocythera\/\" \/>\n<meta property=\"og:site_name\" content=\"Filoxenes Katoikies | Kythera | Greece\" \/>\n<meta property=\"article:modified_time\" content=\"2018-01-29T20:57:19+00:00\" \/>\n<meta name=\"twitter:card\" content=\"summary_large_image\" \/>\n<meta name=\"twitter:label1\" content=\"Gesch\u00e4tzte Lesezeit\" \/>\n\t<meta name=\"twitter:data1\" content=\"2\u00a0Minuten\" \/>\n<script type=\"application\/ld+json\" class=\"yoast-schema-graph\">{\"@context\":\"https:\/\/schema.org\",\"@graph\":[{\"@type\":\"WebPage\",\"@id\":\"https:\/\/filoxeneskatoikies.com\/de\/kythera\/voyagetocythera\/\",\"url\":\"https:\/\/filoxeneskatoikies.com\/de\/kythera\/voyagetocythera\/\",\"name\":\"Zugang - Fahrpl\u00e4ne - Filoxenes Katoikies | Kythera | Greece\",\"isPartOf\":{\"@id\":\"https:\/\/filoxeneskatoikies.com\/de\/#website\"},\"datePublished\":\"2013-03-13T20:05:01+00:00\",\"dateModified\":\"2018-01-29T20:57:19+00:00\",\"breadcrumb\":{\"@id\":\"https:\/\/filoxeneskatoikies.com\/de\/kythera\/voyagetocythera\/#breadcrumb\"},\"inLanguage\":\"de\",\"potentialAction\":[{\"@type\":\"ReadAction\",\"target\":[[\"https:\/\/filoxeneskatoikies.com\/de\/kythera\/voyagetocythera\/\"]]}]},{\"@type\":\"BreadcrumbList\",\"@id\":\"https:\/\/filoxeneskatoikies.com\/de\/kythera\/voyagetocythera\/#breadcrumb\",\"itemListElement\":[{\"@type\":\"ListItem\",\"position\":1,\"name\":\"Home\",\"item\":\"https:\/\/filoxeneskatoikies.com\/de\/\"},{\"@type\":\"ListItem\",\"position\":2,\"name\":\"Zugang &#8211; Fahrpl\u00e4ne\"}]},{\"@type\":\"WebSite\",\"@id\":\"https:\/\/filoxeneskatoikies.com\/de\/#website\",\"url\":\"https:\/\/filoxeneskatoikies.com\/de\/\",\"name\":\"Filoxenes Katoikies | Kythera | Greece\",\"description\":\"Voyage to Kythera\",\"potentialAction\":[{\"@type\":\"SearchAction\",\"target\":{\"@type\":\"EntryPoint\",\"urlTemplate\":\"https:\/\/filoxeneskatoikies.com\/de\/?s={search_term_string}\"},\"query-input\":{\"@type\":\"PropertyValueSpecification\",\"valueRequired\":true,\"valueName\":\"search_term_string\"}}],\"inLanguage\":\"de\"}]}<\/script>\n<!-- \/ Yoast SEO plugin. -->","yoast_head_json":{"title":"Zugang - Fahrpl\u00e4ne - Filoxenes Katoikies | Kythera | Greece","robots":{"index":"index","follow":"follow","max-snippet":"max-snippet:-1","max-image-preview":"max-image-preview:large","max-video-preview":"max-video-preview:-1"},"canonical":"https:\/\/filoxeneskatoikies.com\/de\/kythera\/voyagetocythera\/","og_locale":"de_DE","og_type":"article","og_title":"Zugang - Fahrpl\u00e4ne - Filoxenes Katoikies | Kythera | Greece","og_description":"Pkw \/ Bus \/ F\u00e4hren Mit einem Fahrzeug nach Kythera. Vom Peloponnes die F\u00e4hrh\u00e4fen Gythio, Neapoli und im Sommer Monemvasia...","og_url":"https:\/\/filoxeneskatoikies.com\/de\/kythera\/voyagetocythera\/","og_site_name":"Filoxenes Katoikies | Kythera | Greece","article_modified_time":"2018-01-29T20:57:19+00:00","twitter_card":"summary_large_image","twitter_misc":{"Gesch\u00e4tzte Lesezeit":"2\u00a0Minuten"},"schema":{"@context":"https:\/\/schema.org","@graph":[{"@type":"WebPage","@id":"https:\/\/filoxeneskatoikies.com\/de\/kythera\/voyagetocythera\/","url":"https:\/\/filoxeneskatoikies.com\/de\/kythera\/voyagetocythera\/","name":"Zugang - Fahrpl\u00e4ne - Filoxenes Katoikies | Kythera | Greece","isPartOf":{"@id":"https:\/\/filoxeneskatoikies.com\/de\/#website"},"datePublished":"2013-03-13T20:05:01+00:00","dateModified":"2018-01-29T20:57:19+00:00","breadcrumb":{"@id":"https:\/\/filoxeneskatoikies.com\/de\/kythera\/voyagetocythera\/#breadcrumb"},"inLanguage":"de","potentialAction":[{"@type":"ReadAction","target":[["https:\/\/filoxeneskatoikies.com\/de\/kythera\/voyagetocythera\/"]]}]},{"@type":"BreadcrumbList","@id":"https:\/\/filoxeneskatoikies.com\/de\/kythera\/voyagetocythera\/#breadcrumb","itemListElement":[{"@type":"ListItem","position":1,"name":"Home","item":"https:\/\/filoxeneskatoikies.com\/de\/"},{"@type":"ListItem","position":2,"name":"Zugang &#8211; Fahrpl\u00e4ne"}]},{"@type":"WebSite","@id":"https:\/\/filoxeneskatoikies.com\/de\/#website","url":"https:\/\/filoxeneskatoikies.com\/de\/","name":"Filoxenes Katoikies | Kythera | Greece","description":"Voyage to Kythera","potentialAction":[{"@type":"SearchAction","target":{"@type":"EntryPoint","urlTemplate":"https:\/\/filoxeneskatoikies.com\/de\/?s={search_term_string}"},"query-input":{"@type":"PropertyValueSpecification","valueRequired":true,"valueName":"search_term_string"}}],"inLanguage":"de"}]}},"jetpack_sharing_enabled":true,"_links":{"self":[{"href":"https:\/\/filoxeneskatoikies.com\/de\/wp-json\/wp\/v2\/pages\/951","targetHints":{"allow":["GET"]}}],"collection":[{"href":"https:\/\/filoxeneskatoikies.com\/de\/wp-json\/wp\/v2\/pages"}],"about":[{"href":"https:\/\/filoxeneskatoikies.com\/de\/wp-json\/wp\/v2\/types\/page"}],"author":[{"embeddable":true,"href":"https:\/\/filoxeneskatoikies.com\/de\/wp-json\/wp\/v2\/users\/3"}],"replies":[{"embeddable":true,"href":"https:\/\/filoxeneskatoikies.com\/de\/wp-json\/wp\/v2\/comments?post=951"}],"version-history":[{"count":32,"href":"https:\/\/filoxeneskatoikies.com\/de\/wp-json\/wp\/v2\/pages\/951\/revisions"}],"predecessor-version":[{"id":2826,"href":"https:\/\/filoxeneskatoikies.com\/de\/wp-json\/wp\/v2\/pages\/951\/revisions\/2826"}],"up":[{"embeddable":true,"href":"https:\/\/filoxeneskatoikies.com\/de\/wp-json\/wp\/v2\/pages\/112"}],"wp:attachment":[{"href":"https:\/\/filoxeneskatoikies.com\/de\/wp-json\/wp\/v2\/media?parent=951"}],"curies":[{"name":"wp","href":"https:\/\/api.w.org\/{rel}","templated":true}]}}