{"id":957,"date":"2013-03-13T22:16:36","date_gmt":"2013-03-13T20:16:36","guid":{"rendered":"https:\/\/filoxeneskatoikies.com\/?page_id=957"},"modified":"2017-06-18T12:06:40","modified_gmt":"2017-06-18T10:06:40","slug":"taste","status":"publish","type":"page","link":"https:\/\/filoxeneskatoikies.com\/de\/kythera\/taste\/","title":{"rendered":"Aromen"},"content":{"rendered":"<p>Der kytherianische Honig ist wahrscheinlich der beste in Griechenland. Thymian und Erika bestimmen weite Fl\u00e4chen der Insel. Diese D\u00fcfte kann der Besucher , mit einem Glas Honig im Gep\u00e4ck, nach Hause bringen. Es wird angenommen, dass es die Minoer waren die die Bienenzucht nach Kythera gebracht haben.<\/p>\n<p>Wein hatte immer eine gro\u00dfe Bedeutung auf Kythera. Alte Rebsorten mit Liebe ausgebaut machen ihn zu einem Spitzenprodukt. Im der Winzerei von Ioannis in Tsikalaria, haben Sie die M\u00f6glichkeit, lokale Weine zu probieren und kennen zu lernen. In seinem kleinen Museum k\u00f6nnen Sie \u00a0die alten Methoden und Werkzeuge der Weinzubereitung kennenlernen und nat\u00fcrlich  auch den k\u00f6stlichen Rebensaft kaufen.<\/p>\n<p>\u00a0Fatourada ist ein lokaler Lik\u00f6r mit erstaunlich s\u00fc\u00dfem Geschmack von Honig, Zimt und Nelken.<\/p>\n<p>\u00a0Das kytherianische \u00a0Oliven\u00f6l ist das wichtigste landwirtschaftliche Produkt. W\u00e4hrend dem Herbst und Winter \u00a0sammeln die Einheimischen Oliven. Die meisten Familien in Kythera haben ihre eigenen Olivenb\u00e4ume. Das Oliven\u00f6l ist von hervorragender Qualit\u00e4t und kann als biologisch bezeichnet werden, da keine Pestizide eingesetzt werden.<\/p>\n<p>\u00a0In vielen Orten in Kythera k\u00f6nnen sie lokale S\u00fc\u00dfigkeiten kaufen. Die beliebtesten sind Rozedes und Diples.<\/p>\n<p>\u00a0Genie\u00dfen Sie in den Restaurants unsere lokale K\u00fcche. In Kythera sind wir sehr stolz auf unsere lokalen Rezepte.<\/p>","protected":false},"excerpt":{"rendered":"<p>Der kytherianische Honig ist wahrscheinlich der beste in Griechenland. Thymian und Erika bestimmen weite Fl\u00e4chen der Insel. Diese D\u00fcfte kann&#8230;<\/p>\n","protected":false},"author":3,"featured_media":0,"parent":112,"menu_order":0,"comment_status":"closed","ping_status":"closed","template":"","meta":{"footnotes":""},"class_list":["post-957","page","type-page","status-publish","hentry"],"yoast_head":"<!-- This site is optimized with the Yoast SEO plugin v27.2 - https:\/\/yoast.com\/product\/yoast-seo-wordpress\/ -->\n<title>\u0393\u03b5\u03cd\u03c3\u03b5\u03b9\u03c2TasteGastronomiaAromen\u0427\u0442\u043e \u0441\u0442\u043e\u0438\u0442 \u043f\u043e\u043f\u0440\u043e\u0431\u043e\u0432\u0430\u0442\u044c - Filoxenes Katoikies | Kythera | Greece<\/title>\n<meta name=\"robots\" content=\"index, follow, max-snippet:-1, max-image-preview:large, max-video-preview:-1\" \/>\n<link rel=\"canonical\" href=\"https:\/\/filoxeneskatoikies.com\/de\/kythera\/taste\/\" \/>\n<meta property=\"og:locale\" content=\"de_DE\" \/>\n<meta property=\"og:type\" content=\"article\" \/>\n<meta property=\"og:title\" content=\"\u0393\u03b5\u03cd\u03c3\u03b5\u03b9\u03c2TasteGastronomiaAromen\u0427\u0442\u043e \u0441\u0442\u043e\u0438\u0442 \u043f\u043e\u043f\u0440\u043e\u0431\u043e\u0432\u0430\u0442\u044c - Filoxenes Katoikies | Kythera | Greece\" \/>\n<meta property=\"og:description\" content=\"Der kytherianische Honig ist wahrscheinlich der beste in Griechenland. Thymian und Erika bestimmen weite Fl\u00e4chen der Insel. Diese D\u00fcfte kann...\" \/>\n<meta property=\"og:url\" content=\"https:\/\/filoxeneskatoikies.com\/de\/kythera\/taste\/\" \/>\n<meta property=\"og:site_name\" content=\"Filoxenes Katoikies | Kythera | Greece\" \/>\n<meta property=\"article:modified_time\" content=\"2017-06-18T10:06:40+00:00\" \/>\n<meta name=\"twitter:card\" content=\"summary_large_image\" \/>\n<meta name=\"twitter:label1\" content=\"Gesch\u00e4tzte Lesezeit\" \/>\n\t<meta name=\"twitter:data1\" content=\"4\u00a0Minuten\" \/>\n<script type=\"application\/ld+json\" class=\"yoast-schema-graph\">{\"@context\":\"https:\/\/schema.org\",\"@graph\":[{\"@type\":\"WebPage\",\"@id\":\"https:\/\/filoxeneskatoikies.com\/de\/kythera\/taste\/\",\"url\":\"https:\/\/filoxeneskatoikies.com\/de\/kythera\/taste\/\",\"name\":\"\u0393\u03b5\u03cd\u03c3\u03b5\u03b9\u03c2TasteGastronomiaAromen\u0427\u0442\u043e \u0441\u0442\u043e\u0438\u0442 \u043f\u043e\u043f\u0440\u043e\u0431\u043e\u0432\u0430\u0442\u044c - Filoxenes Katoikies | Kythera | Greece\",\"isPartOf\":{\"@id\":\"https:\/\/filoxeneskatoikies.com\/de\/#website\"},\"datePublished\":\"2013-03-13T20:16:36+00:00\",\"dateModified\":\"2017-06-18T10:06:40+00:00\",\"breadcrumb\":{\"@id\":\"https:\/\/filoxeneskatoikies.com\/de\/kythera\/taste\/#breadcrumb\"},\"inLanguage\":\"de\",\"potentialAction\":[{\"@type\":\"ReadAction\",\"target\":[[\"https:\/\/filoxeneskatoikies.com\/de\/kythera\/taste\/\"]]}]},{\"@type\":\"BreadcrumbList\",\"@id\":\"https:\/\/filoxeneskatoikies.com\/de\/kythera\/taste\/#breadcrumb\",\"itemListElement\":[{\"@type\":\"ListItem\",\"position\":1,\"name\":\"Home\",\"item\":\"https:\/\/filoxeneskatoikies.com\/de\/\"},{\"@type\":\"ListItem\",\"position\":2,\"name\":\"Aromen\"}]},{\"@type\":\"WebSite\",\"@id\":\"https:\/\/filoxeneskatoikies.com\/de\/#website\",\"url\":\"https:\/\/filoxeneskatoikies.com\/de\/\",\"name\":\"Filoxenes Katoikies | Kythera | Greece\",\"description\":\"Voyage to Kythera\",\"potentialAction\":[{\"@type\":\"SearchAction\",\"target\":{\"@type\":\"EntryPoint\",\"urlTemplate\":\"https:\/\/filoxeneskatoikies.com\/de\/?s={search_term_string}\"},\"query-input\":{\"@type\":\"PropertyValueSpecification\",\"valueRequired\":true,\"valueName\":\"search_term_string\"}}],\"inLanguage\":\"de\"}]}<\/script>\n<!-- \/ Yoast SEO plugin. -->","yoast_head_json":{"title":"\u0393\u03b5\u03cd\u03c3\u03b5\u03b9\u03c2TasteGastronomiaAromen\u0427\u0442\u043e \u0441\u0442\u043e\u0438\u0442 \u043f\u043e\u043f\u0440\u043e\u0431\u043e\u0432\u0430\u0442\u044c - Filoxenes Katoikies | Kythera | Greece","robots":{"index":"index","follow":"follow","max-snippet":"max-snippet:-1","max-image-preview":"max-image-preview:large","max-video-preview":"max-video-preview:-1"},"canonical":"https:\/\/filoxeneskatoikies.com\/de\/kythera\/taste\/","og_locale":"de_DE","og_type":"article","og_title":"\u0393\u03b5\u03cd\u03c3\u03b5\u03b9\u03c2TasteGastronomiaAromen\u0427\u0442\u043e \u0441\u0442\u043e\u0438\u0442 \u043f\u043e\u043f\u0440\u043e\u0431\u043e\u0432\u0430\u0442\u044c - Filoxenes Katoikies | Kythera | Greece","og_description":"Der kytherianische Honig ist wahrscheinlich der beste in Griechenland. Thymian und Erika bestimmen weite Fl\u00e4chen der Insel. Diese D\u00fcfte kann...","og_url":"https:\/\/filoxeneskatoikies.com\/de\/kythera\/taste\/","og_site_name":"Filoxenes Katoikies | Kythera | Greece","article_modified_time":"2017-06-18T10:06:40+00:00","twitter_card":"summary_large_image","twitter_misc":{"Gesch\u00e4tzte Lesezeit":"4\u00a0Minuten"},"schema":{"@context":"https:\/\/schema.org","@graph":[{"@type":"WebPage","@id":"https:\/\/filoxeneskatoikies.com\/de\/kythera\/taste\/","url":"https:\/\/filoxeneskatoikies.com\/de\/kythera\/taste\/","name":"\u0393\u03b5\u03cd\u03c3\u03b5\u03b9\u03c2TasteGastronomiaAromen\u0427\u0442\u043e \u0441\u0442\u043e\u0438\u0442 \u043f\u043e\u043f\u0440\u043e\u0431\u043e\u0432\u0430\u0442\u044c - Filoxenes Katoikies | Kythera | Greece","isPartOf":{"@id":"https:\/\/filoxeneskatoikies.com\/de\/#website"},"datePublished":"2013-03-13T20:16:36+00:00","dateModified":"2017-06-18T10:06:40+00:00","breadcrumb":{"@id":"https:\/\/filoxeneskatoikies.com\/de\/kythera\/taste\/#breadcrumb"},"inLanguage":"de","potentialAction":[{"@type":"ReadAction","target":[["https:\/\/filoxeneskatoikies.com\/de\/kythera\/taste\/"]]}]},{"@type":"BreadcrumbList","@id":"https:\/\/filoxeneskatoikies.com\/de\/kythera\/taste\/#breadcrumb","itemListElement":[{"@type":"ListItem","position":1,"name":"Home","item":"https:\/\/filoxeneskatoikies.com\/de\/"},{"@type":"ListItem","position":2,"name":"Aromen"}]},{"@type":"WebSite","@id":"https:\/\/filoxeneskatoikies.com\/de\/#website","url":"https:\/\/filoxeneskatoikies.com\/de\/","name":"Filoxenes Katoikies | Kythera | Greece","description":"Voyage to Kythera","potentialAction":[{"@type":"SearchAction","target":{"@type":"EntryPoint","urlTemplate":"https:\/\/filoxeneskatoikies.com\/de\/?s={search_term_string}"},"query-input":{"@type":"PropertyValueSpecification","valueRequired":true,"valueName":"search_term_string"}}],"inLanguage":"de"}]}},"jetpack_sharing_enabled":true,"_links":{"self":[{"href":"https:\/\/filoxeneskatoikies.com\/de\/wp-json\/wp\/v2\/pages\/957","targetHints":{"allow":["GET"]}}],"collection":[{"href":"https:\/\/filoxeneskatoikies.com\/de\/wp-json\/wp\/v2\/pages"}],"about":[{"href":"https:\/\/filoxeneskatoikies.com\/de\/wp-json\/wp\/v2\/types\/page"}],"author":[{"embeddable":true,"href":"https:\/\/filoxeneskatoikies.com\/de\/wp-json\/wp\/v2\/users\/3"}],"replies":[{"embeddable":true,"href":"https:\/\/filoxeneskatoikies.com\/de\/wp-json\/wp\/v2\/comments?post=957"}],"version-history":[{"count":12,"href":"https:\/\/filoxeneskatoikies.com\/de\/wp-json\/wp\/v2\/pages\/957\/revisions"}],"predecessor-version":[{"id":1028,"href":"https:\/\/filoxeneskatoikies.com\/de\/wp-json\/wp\/v2\/pages\/957\/revisions\/1028"}],"up":[{"embeddable":true,"href":"https:\/\/filoxeneskatoikies.com\/de\/wp-json\/wp\/v2\/pages\/112"}],"wp:attachment":[{"href":"https:\/\/filoxeneskatoikies.com\/de\/wp-json\/wp\/v2\/media?parent=957"}],"curies":[{"name":"wp","href":"https:\/\/api.w.org\/{rel}","templated":true}]}}