{"id":1274,"date":"2013-03-30T17:50:35","date_gmt":"2013-03-30T15:50:35","guid":{"rendered":"https:\/\/filoxeneskatoikies.com\/?page_id=1274"},"modified":"2014-01-02T01:13:22","modified_gmt":"2014-01-01T23:13:22","slug":"testimonials-2","status":"publish","type":"page","link":"https:\/\/filoxeneskatoikies.com\/el\/testimonials-2\/","title":{"rendered":"Testimonials"},"content":{"rendered":"<p><code><div class=\"testimonials-widget-testimonials listing\">\n<div class=\"testimonials-widget-testimonial list odd post-1291 testimonials-widget type-testimonials-widget status-publish hentry\" style=\"\">\n<!-- testimonials-widget-testimonials:1291: -->\n\t\t<q><p><span class=\"open-quote\"><\/span>Una opportunit\u00e0 da non perdere ! Il Andreas\u00a0 pu\u00f2 sembrare un po&#8217; costoso per una isola ionica, ma in realt\u00e0 vale tutto il suo prezzo. Si sta in un lusso non esagerato ma anzi estremanente discreto, avendo l&#8217;opportunit\u00e0 di vivere in una casa privata. Estremamente cordiali e disponibili i titolari quanto il presonale.<span class=\"close-quote\"><\/span><\/p>\n<\/q>\n\t\t\t<cite><span class=\"author\">Umberto<\/span><\/cite>\n\t<\/div>\n<div class=\"testimonials-widget-testimonial list even post-1290 testimonials-widget type-testimonials-widget status-publish hentry\" style=\"\">\n<!-- testimonials-widget-testimonials:1290: -->\n\t\t<q><p><span class=\"open-quote\"><\/span>\u0389\u03c4\u03b1\u03bd \u03c4\u03bf \u03c0\u03bf\u03b9\u03bf \u03bf\u03bc\u03bf\u03c1\u03c6\u03bf \u03c4\u03b1\u03be\u03b9\u03b4\u03b9 \u03bc\u03b1\u03c2&#8230;\u03b5\u03b9\u03c7\u03b1\u03bc\u03b5 \u03c0\u03b1\u03b5\u03b9 \u03b3\u03b1\u03bc\u03b7\u03bb\u03b9\u03bf \u03c4\u03b1\u03be\u03b9\u03b4\u03b9 \u03ba\u03b1\u03b9 \u03b7\u03c4\u03b1\u03bd \u03bf \u03b9\u03b4\u03b1\u03bd\u03b9\u03ba\u03bf\u03c2 \u03c0\u03c1\u03bf\u03bf\u03c1\u03b9\u03c3\u03bc\u03bf\u03c2!!! \u03c3\u03c5\u03b3\u03c7\u03b1\u03c1\u03b7\u03c4\u03b7\u03c1\u03b9\u03b1 \u03c3\u03c4\u03bf \u03c0\u03c1\u03bf\u03c3\u03c9\u03c0\u03b9\u03ba\u03bf \u03b3\u03b9\u03b1 \u03c4\u03b7\u03bd \u03c6\u03b9\u03bb\u03bf\u03be\u03b5\u03bd\u03b9\u03b1!!<span class=\"close-quote\"><\/span><\/p>\n<\/q>\n\t\t\t<cite><span class=\"author\">\u039d\u03af\u03ba\u03b7<\/span><\/cite>\n\t<\/div>\n<div class=\"testimonials-widget-testimonial list odd post-1289 testimonials-widget type-testimonials-widget status-publish hentry\" style=\"\">\n<!-- testimonials-widget-testimonials:1289: -->\n\t\t<q><p><span class=\"open-quote\"><\/span>La posizione \u00e8 veramente straordinaria, si potrebbe stare delle ore a godersi il panorama senza mai stufarsi<span class=\"close-quote\"><\/span><\/p>\n<\/q>\n\t\t\t<cite><span class=\"author\">Alessandro<\/span><\/cite>\n\t<\/div>\n<div class=\"testimonials-widget-testimonial list even post-1288 testimonials-widget type-testimonials-widget status-publish hentry\" style=\"\">\n<!-- testimonials-widget-testimonials:1288: -->\n\t\t<q><p><span class=\"open-quote\"><\/span>We both loved\u00a0 Semeli houses! We would definately go back and definately recommend them to anyone who will listen. The staff and friendly, helpful and professional.<span class=\"close-quote\"><\/span><\/p>\n<\/q>\n\t\t\t<cite><span class=\"author\">Rebecca<\/span><\/cite>\n\t<\/div>\n<div class=\"testimonials-widget-testimonial list odd post-1207 testimonials-widget type-testimonials-widget status-publish hentry\" style=\"\">\n<!-- testimonials-widget-testimonials:1207: -->\n\t\t<q><p><span class=\"open-quote\"><\/span>\u03a5\u03c0\u03ad\u03c1\u03bf\u03c7\u03b1 \u039a\u03cd\u03b8\u03b7\u03c1\u03b1, \u03c4\u03ad\u03bb\u03b5\u03b9\u03b5\u03c2 \u03c0\u03b1\u03c1\u03b1\u03bb\u03af\u03b5\u03c2, \u03bc\u03bf\u03bd\u03b1\u03b4\u03b9\u03ba\u03ae \u03b5\u03bc\u03c0\u03b5\u03b9\u03c1\u03af\u03b1. \u03a4\u03b1 \u03c3\u03c4\u03bf\u03cd\u03bd\u03c4\u03b9\u03bf \u039c\u03cd\u03bb\u03bf\u03c2 \u03b5\u03af\u03bd\u03b1\u03b9 \u03c0\u03b9\u03b8\u03b1\u03bd\u03cc\u03c4\u03b1\u03c4\u03b1 \u03c4\u03bf \u03ba\u03b1\u03bb\u03cd\u03c4\u03b5\u03c1\u03bf \u03be\u03b5\u03bd\u03bf\u03b4\u03bf\u03c7\u03b5\u03af\u03bf \u03c0\u03bf\u03c5 \u03ad\u03c7\u03c9 \u03bc\u03b5\u03af\u03bd\u03b5\u03b9 \u03c0\u03bf\u03c4\u03ad.<span class=\"close-quote\"><\/span><\/p>\n<\/q>\n\t\t\t<cite><span class=\"author\">\u0398\u03cc\u03b4\u03c9\u03c1\u03bf\u03c2<\/span><\/cite>\n\t<\/div>\n<div class=\"testimonials-widget-testimonial list even post-1206 testimonials-widget type-testimonials-widget status-publish hentry\" style=\"\">\n<!-- testimonials-widget-testimonials:1206: -->\n\t\t<q><p><span class=\"open-quote\"><\/span>De ontvangst was geweldig zelfs dus &#8216;s nachts om 01.30 uur werden wij opgehaald van de boot. Het is heel gastvrij, zorgzaam en vriendelijk. Genieten om hier te mogen zijn.<span class=\"close-quote\"><\/span><\/p>\n<\/q>\n\t\t\t<cite><span class=\"author\">Herman<\/span><\/cite>\n\t<\/div>\n<div class=\"testimonials-widget-testimonial list odd post-1205 testimonials-widget type-testimonials-widget status-publish hentry\" style=\"\">\n<!-- testimonials-widget-testimonials:1205: -->\n\t\t<q><p><span class=\"open-quote\"><\/span>\u0397 \u03bf\u03bd\u03bf\u03bc\u03b1\u03c3\u03af\u03b1 &#8220;\u03c6\u03b9\u03bb\u03cc\u03be\u03b5\u03bd\u03b5\u03c2 \u03ba\u03b1\u03c4\u03bf\u03b9\u03ba\u03af\u03b5\u03c2&#8221; \u03c0\u03c1\u03b1\u03b3\u03bc\u03b1\u03c4\u03b9\u03ba\u03ac \u03b2\u03c1\u03af\u03c3\u03ba\u03b5\u03b9 \u03c4\u03bf \u03b1\u03bb\u03b7\u03b8\u03b9\u03bd\u03cc \u03c4\u03b7\u03c2 \u03bd\u03cc\u03b7\u03bc\u03b1 \u03c3\u03b5 \u03b1\u03c5\u03c4\u03cc \u03c4\u03bf \u03be\u03b5\u03bd\u03bf\u03b4\u03bf\u03c7\u03b5\u03af\u03bf.<span class=\"close-quote\"><\/span><\/p>\n<\/q>\n\t\t\t<cite><span class=\"author\">\u039c\u03b9\u03bb\u03c4\u03b9\u03ac\u03b4\u03b7\u03c2<\/span><\/cite>\n\t<\/div>\n<div class=\"testimonials-widget-testimonial list even post-1204 testimonials-widget type-testimonials-widget status-publish hentry\" style=\"\">\n<!-- testimonials-widget-testimonials:1204: -->\n\t\t<q><p><span class=\"open-quote\"><\/span>Brand new..bright and clean&#8230;tremendous service&#8230;outstanding value.<span class=\"close-quote\"><\/span><\/p>\n<\/q>\n\t\t\t<cite><span class=\"author\">Michael<\/span><\/cite>\n\t<\/div>\n<div class=\"testimonials-widget-testimonial list odd post-1203 testimonials-widget type-testimonials-widget status-publish hentry\" style=\"\">\n<!-- testimonials-widget-testimonials:1203: -->\n\t\t<q><p><span class=\"open-quote\"><\/span>Excellent service. Fully informative on sightseeing, restaurants. Clean, pleasant studios. Great location.<span class=\"close-quote\"><\/span><\/p>\n<\/q>\n\t\t\t<cite><span class=\"author\">Petros<\/span><\/cite>\n\t<\/div>\n<\/div>\n<\/code><\/p>\n<p>&nbsp;<\/p>\n<p>&nbsp;<\/p>\n<p>&nbsp;<\/p>\n<p>&nbsp;<\/p>\n<p>&nbsp;<\/p>\n<p>&nbsp;<\/p>\n<p>&nbsp;<\/p>\n<p>&nbsp;<\/p>\n<p>&nbsp;<\/p>\n<p>&nbsp;<\/p>\n<p>&nbsp;<\/p>\n<p>&nbsp;<\/p>\n<p>&nbsp;<\/p>\n<p>&nbsp;<\/p>\n<p>&nbsp;<\/p>\n<p><\/p>","protected":false},"excerpt":{"rendered":"<p>&nbsp; &nbsp; &nbsp; &nbsp; &nbsp; &nbsp; &nbsp; &nbsp; &nbsp; &nbsp; &nbsp; &nbsp; &nbsp; &nbsp; &nbsp;<\/p>\n","protected":false},"author":3,"featured_media":0,"parent":0,"menu_order":0,"comment_status":"open","ping_status":"closed","template":"","meta":{"footnotes":""},"class_list":["post-1274","page","type-page","status-publish","hentry"],"yoast_head":"<!-- This site is optimized with the Yoast SEO plugin v27.2 - https:\/\/yoast.com\/product\/yoast-seo-wordpress\/ -->\n<title>TestimonialsTestimonialsTestimonialsBewertungen\u041e\u0422\u0417\u042b\u0412\u042b - \u03a6\u03b9\u03bb\u03cc\u03be\u03b5\u03bd\u03b5\u03c2 \u039a\u03b1\u03c4\u03bf\u03b9\u03ba\u03af\u03b5\u03c2 | \u039a\u03cd\u03b8\u03b7\u03c1\u03b1| \u0395\u03bb\u03bb\u03ac\u03b4\u03b1<\/title>\n<meta name=\"robots\" content=\"index, follow, max-snippet:-1, max-image-preview:large, max-video-preview:-1\" \/>\n<link rel=\"canonical\" href=\"https:\/\/filoxeneskatoikies.com\/el\/testimonials-2\/\" \/>\n<meta property=\"og:locale\" content=\"el_GR\" \/>\n<meta property=\"og:type\" content=\"article\" \/>\n<meta property=\"og:title\" content=\"TestimonialsTestimonialsTestimonialsBewertungen\u041e\u0422\u0417\u042b\u0412\u042b - \u03a6\u03b9\u03bb\u03cc\u03be\u03b5\u03bd\u03b5\u03c2 \u039a\u03b1\u03c4\u03bf\u03b9\u03ba\u03af\u03b5\u03c2 | \u039a\u03cd\u03b8\u03b7\u03c1\u03b1| \u0395\u03bb\u03bb\u03ac\u03b4\u03b1\" \/>\n<meta property=\"og:description\" content=\"&nbsp; &nbsp; &nbsp; &nbsp; &nbsp; &nbsp; &nbsp; &nbsp; &nbsp; &nbsp; &nbsp; &nbsp; &nbsp; &nbsp; &nbsp;\" \/>\n<meta property=\"og:url\" content=\"https:\/\/filoxeneskatoikies.com\/el\/testimonials-2\/\" \/>\n<meta property=\"og:site_name\" content=\"\u03a6\u03b9\u03bb\u03cc\u03be\u03b5\u03bd\u03b5\u03c2 \u039a\u03b1\u03c4\u03bf\u03b9\u03ba\u03af\u03b5\u03c2 | \u039a\u03cd\u03b8\u03b7\u03c1\u03b1| \u0395\u03bb\u03bb\u03ac\u03b4\u03b1\" \/>\n<meta property=\"article:modified_time\" content=\"2014-01-01T23:13:22+00:00\" \/>\n<meta name=\"twitter:card\" content=\"summary_large_image\" \/>\n<script type=\"application\/ld+json\" class=\"yoast-schema-graph\">{\"@context\":\"https:\/\/schema.org\",\"@graph\":[{\"@type\":\"WebPage\",\"@id\":\"https:\/\/filoxeneskatoikies.com\/el\/testimonials-2\/\",\"url\":\"https:\/\/filoxeneskatoikies.com\/el\/testimonials-2\/\",\"name\":\"TestimonialsTestimonialsTestimonialsBewertungen\u041e\u0422\u0417\u042b\u0412\u042b - \u03a6\u03b9\u03bb\u03cc\u03be\u03b5\u03bd\u03b5\u03c2 \u039a\u03b1\u03c4\u03bf\u03b9\u03ba\u03af\u03b5\u03c2 | \u039a\u03cd\u03b8\u03b7\u03c1\u03b1| \u0395\u03bb\u03bb\u03ac\u03b4\u03b1\",\"isPartOf\":{\"@id\":\"https:\/\/filoxeneskatoikies.com\/el\/#website\"},\"datePublished\":\"2013-03-30T15:50:35+00:00\",\"dateModified\":\"2014-01-01T23:13:22+00:00\",\"breadcrumb\":{\"@id\":\"https:\/\/filoxeneskatoikies.com\/el\/testimonials-2\/#breadcrumb\"},\"inLanguage\":\"el\",\"potentialAction\":[{\"@type\":\"ReadAction\",\"target\":[[\"https:\/\/filoxeneskatoikies.com\/el\/testimonials-2\/\"]]}]},{\"@type\":\"BreadcrumbList\",\"@id\":\"https:\/\/filoxeneskatoikies.com\/el\/testimonials-2\/#breadcrumb\",\"itemListElement\":[{\"@type\":\"ListItem\",\"position\":1,\"name\":\"Home\",\"item\":\"https:\/\/filoxeneskatoikies.com\/el\/\"},{\"@type\":\"ListItem\",\"position\":2,\"name\":\"Testimonials\"}]},{\"@type\":\"WebSite\",\"@id\":\"https:\/\/filoxeneskatoikies.com\/el\/#website\",\"url\":\"https:\/\/filoxeneskatoikies.com\/el\/\",\"name\":\"\u03a6\u03b9\u03bb\u03cc\u03be\u03b5\u03bd\u03b5\u03c2 \u039a\u03b1\u03c4\u03bf\u03b9\u03ba\u03af\u03b5\u03c2 | \u039a\u03cd\u03b8\u03b7\u03c1\u03b1| \u0395\u03bb\u03bb\u03ac\u03b4\u03b1\",\"description\":\"Voyage to Kythera\",\"potentialAction\":[{\"@type\":\"SearchAction\",\"target\":{\"@type\":\"EntryPoint\",\"urlTemplate\":\"https:\/\/filoxeneskatoikies.com\/el\/?s={search_term_string}\"},\"query-input\":{\"@type\":\"PropertyValueSpecification\",\"valueRequired\":true,\"valueName\":\"search_term_string\"}}],\"inLanguage\":\"el\"}]}<\/script>\n<!-- \/ Yoast SEO plugin. -->","yoast_head_json":{"title":"TestimonialsTestimonialsTestimonialsBewertungen\u041e\u0422\u0417\u042b\u0412\u042b - \u03a6\u03b9\u03bb\u03cc\u03be\u03b5\u03bd\u03b5\u03c2 \u039a\u03b1\u03c4\u03bf\u03b9\u03ba\u03af\u03b5\u03c2 | \u039a\u03cd\u03b8\u03b7\u03c1\u03b1| \u0395\u03bb\u03bb\u03ac\u03b4\u03b1","robots":{"index":"index","follow":"follow","max-snippet":"max-snippet:-1","max-image-preview":"max-image-preview:large","max-video-preview":"max-video-preview:-1"},"canonical":"https:\/\/filoxeneskatoikies.com\/el\/testimonials-2\/","og_locale":"el_GR","og_type":"article","og_title":"TestimonialsTestimonialsTestimonialsBewertungen\u041e\u0422\u0417\u042b\u0412\u042b - \u03a6\u03b9\u03bb\u03cc\u03be\u03b5\u03bd\u03b5\u03c2 \u039a\u03b1\u03c4\u03bf\u03b9\u03ba\u03af\u03b5\u03c2 | \u039a\u03cd\u03b8\u03b7\u03c1\u03b1| \u0395\u03bb\u03bb\u03ac\u03b4\u03b1","og_description":"&nbsp; &nbsp; &nbsp; &nbsp; &nbsp; &nbsp; &nbsp; &nbsp; &nbsp; &nbsp; &nbsp; &nbsp; &nbsp; &nbsp; &nbsp;","og_url":"https:\/\/filoxeneskatoikies.com\/el\/testimonials-2\/","og_site_name":"\u03a6\u03b9\u03bb\u03cc\u03be\u03b5\u03bd\u03b5\u03c2 \u039a\u03b1\u03c4\u03bf\u03b9\u03ba\u03af\u03b5\u03c2 | \u039a\u03cd\u03b8\u03b7\u03c1\u03b1| \u0395\u03bb\u03bb\u03ac\u03b4\u03b1","article_modified_time":"2014-01-01T23:13:22+00:00","twitter_card":"summary_large_image","schema":{"@context":"https:\/\/schema.org","@graph":[{"@type":"WebPage","@id":"https:\/\/filoxeneskatoikies.com\/el\/testimonials-2\/","url":"https:\/\/filoxeneskatoikies.com\/el\/testimonials-2\/","name":"TestimonialsTestimonialsTestimonialsBewertungen\u041e\u0422\u0417\u042b\u0412\u042b - \u03a6\u03b9\u03bb\u03cc\u03be\u03b5\u03bd\u03b5\u03c2 \u039a\u03b1\u03c4\u03bf\u03b9\u03ba\u03af\u03b5\u03c2 | \u039a\u03cd\u03b8\u03b7\u03c1\u03b1| \u0395\u03bb\u03bb\u03ac\u03b4\u03b1","isPartOf":{"@id":"https:\/\/filoxeneskatoikies.com\/el\/#website"},"datePublished":"2013-03-30T15:50:35+00:00","dateModified":"2014-01-01T23:13:22+00:00","breadcrumb":{"@id":"https:\/\/filoxeneskatoikies.com\/el\/testimonials-2\/#breadcrumb"},"inLanguage":"el","potentialAction":[{"@type":"ReadAction","target":[["https:\/\/filoxeneskatoikies.com\/el\/testimonials-2\/"]]}]},{"@type":"BreadcrumbList","@id":"https:\/\/filoxeneskatoikies.com\/el\/testimonials-2\/#breadcrumb","itemListElement":[{"@type":"ListItem","position":1,"name":"Home","item":"https:\/\/filoxeneskatoikies.com\/el\/"},{"@type":"ListItem","position":2,"name":"Testimonials"}]},{"@type":"WebSite","@id":"https:\/\/filoxeneskatoikies.com\/el\/#website","url":"https:\/\/filoxeneskatoikies.com\/el\/","name":"\u03a6\u03b9\u03bb\u03cc\u03be\u03b5\u03bd\u03b5\u03c2 \u039a\u03b1\u03c4\u03bf\u03b9\u03ba\u03af\u03b5\u03c2 | \u039a\u03cd\u03b8\u03b7\u03c1\u03b1| \u0395\u03bb\u03bb\u03ac\u03b4\u03b1","description":"Voyage to Kythera","potentialAction":[{"@type":"SearchAction","target":{"@type":"EntryPoint","urlTemplate":"https:\/\/filoxeneskatoikies.com\/el\/?s={search_term_string}"},"query-input":{"@type":"PropertyValueSpecification","valueRequired":true,"valueName":"search_term_string"}}],"inLanguage":"el"}]}},"jetpack_sharing_enabled":true,"_links":{"self":[{"href":"https:\/\/filoxeneskatoikies.com\/el\/wp-json\/wp\/v2\/pages\/1274","targetHints":{"allow":["GET"]}}],"collection":[{"href":"https:\/\/filoxeneskatoikies.com\/el\/wp-json\/wp\/v2\/pages"}],"about":[{"href":"https:\/\/filoxeneskatoikies.com\/el\/wp-json\/wp\/v2\/types\/page"}],"author":[{"embeddable":true,"href":"https:\/\/filoxeneskatoikies.com\/el\/wp-json\/wp\/v2\/users\/3"}],"replies":[{"embeddable":true,"href":"https:\/\/filoxeneskatoikies.com\/el\/wp-json\/wp\/v2\/comments?post=1274"}],"version-history":[{"count":9,"href":"https:\/\/filoxeneskatoikies.com\/el\/wp-json\/wp\/v2\/pages\/1274\/revisions"}],"predecessor-version":[{"id":1977,"href":"https:\/\/filoxeneskatoikies.com\/el\/wp-json\/wp\/v2\/pages\/1274\/revisions\/1977"}],"wp:attachment":[{"href":"https:\/\/filoxeneskatoikies.com\/el\/wp-json\/wp\/v2\/media?parent=1274"}],"curies":[{"name":"wp","href":"https:\/\/api.w.org\/{rel}","templated":true}]}}