{"id":112,"date":"2013-01-28T01:53:22","date_gmt":"2013-01-27T23:53:22","guid":{"rendered":"https:\/\/filoxeneskatoikies.com\/?page_id=112"},"modified":"2017-06-18T12:06:56","modified_gmt":"2017-06-18T10:06:56","slug":"kythera","status":"publish","type":"page","link":"https:\/\/filoxeneskatoikies.com\/it\/kythera\/","title":{"rendered":"Kythera"},"content":{"rendered":"<p><\/p>\n<p style=\"text-align: justify;\">Non \u00e8 solo il luogo preferito degli innamorati e dei romantici che adorano forse la pi\u00f9 pura e la pi\u00f9 autentica isola greca. Sono soprattutto i giri in barca nelle isole disabitate e nelle spiagge magiche di sabbia cocente e di sassolini colorati. Tavolate autentiche che vanno a finire in feste uniche con vrechtoladea (insalata con pomodoro, olio e pane biscottato) e grappa. Camminate lungo le gole e le forre che sono piene di vegetazione. Riunioni pomeridiane sotto i platani nelle piazze dei villaggi. Tramonti da sogno e i loro ricordi, un segreto mai svelato. Sagre dove tutti diventano una grande compagnia. Isola della compagnia e delle esperienze autentiche, Citera d\u00e0 il benvenuto al viaggiatore, lo fa entrare alla sua soglia e gli promette ospitalit\u00e0, mentre gli offre la possibilit\u00e0 di tornare nella Grecia del passato con le comodit\u00e0 di oggi.<\/p>\n<p style=\"text-align: justify;\">L\u2019abbraccio di Citera \u00e8 formato dalle montagne erbose a nord e dai sessantaquattro villaggi, la maggior parte dei quali conta pochissimi abitanti, poich\u00e9 la nostra isola \u00e8 famosa per le persone emigrate in altri paesi. Chora, il capoluogo dell\u2019isola, si erge grandiosa sopra la baia di Kapsali, uno dei pi\u00f9 pittoreschi porticcioli di Citera. Milopotamos e Karavas, villaggi di vicoli, di sentieri e di sorgenti di cui si parla in molte canzoni popolari.\u00a0 Avlemonas, Diakofti, Agia (Santa) Pelagia luoghi di villeggiatura turistici e moderni, mentre alla fine a Potamos e Livadi si accumula il traffico commerciale di Citera. Due strade asfaltate portano ai due monasteri pi\u00f9 pittoreschi dell\u2019isola: la Panagia (Madonna) Mirtidiotissa e Agia (Santa) Elessa.<\/p>\n<p style=\"text-align: justify;\">Citera, porto storico nell\u2019antichit\u00e0, conosciuto anche con il nome di Cerigo, (Ceri\u03b3o) che gli \u00e8 stato dato durante il dominio veneto ma anche come Porfirussa (il primo nome di Citera, cio\u00e8 quello originario, di Citera); \u00e8 conosciuta anche come l\u2019isola di Venere. Secondo la mitologia quando Saturno tagli\u00f2 i testicoli di suo padre, li butt\u00f2 nel mare. Intorno alla carne sanguinante, che fu portata qua e l\u00e0 dalle onde, fu creata una schiuma bianca, che con il passare del tempo prese l\u2019aspetto di una donna. Cos\u00ec la prima terra che Venere, che emerge dall\u2019acqua, incontr\u00f2, fu Citera. Una cosa caratteristica di Citera che merita menzionare sono i suoi innumerevoli conquistatori.\u00a0 Quelli per\u00f2 che hanno lasciato il loro segno sono soprattutto i Veneti e gli Inglesi, che hanno lasciato dietro di s\u00e9 anche importanti opere infrastrutturali.<\/p>\n<p style=\"text-align: justify;\">A Citera, la vita comincia la mattina presto ad Avlemonas, il piccolo porticciolo dell\u2019est, pieno di barche da pesca e di piccoli velieri. L\u00ec visiterete il Kastelo pittoresco, raro esempio di fortezza veneziana e dopo potete assaporare il vostro caff\u00e8 al porticciolo basso del villaggio in Mirodia Kalokeriu (Profumo Estivo), ammirando l\u2019immenso azzurro. La continuazione \u00e8 ugualmente interessante poich\u00e9 a breve distanza si trova Kalad\u00ec. Vale la pena di affaticarsi per scendere il sentiero di pietra di 124 scalini. La scena \u00e8 insuperabile, acque azzurre nascoste fra gli scogli imponenti, passaggi marini fra le grotte che meritano di essere esplorati e tre spiagge uniche. L\u2019energia del posto \u00e8 forse il suo segno distintivo. Una volta cotti dal sole potrete dirigervi a Mitata, alle sorgenti del villaggio. Vegetazione densa, platani, mirti, aranci e la natura nella sua grandezza. Siccome sarete affamati, affrettatevi a trovare un tavolo nella taverna di Michalis nella piazza del villaggio. Non dimenticate di ordinare gli \u201cscaltsunia\u201d di casa e anche l\u2019insalata greca (choriatiki) poich\u00e9 tutte le verdure vengono dal suo orto.<\/p>\n<p style=\"text-align: justify;\">La visita a Chora, il capoluogo dell\u2019isola, e l\u2019escursione nei vicoli imbiancati fra le case bianche sono indispensabili. L\u00e0 vedrete per la prima volta l\u2019imponente e da poco restaurato Castello veneziano, che merita visitare e da l\u00ec godrete anche della vista su Kapsali. L\u2019escursione termina a Kapsali e al locale polifunzionale Zidoros, che ha come sfondo il castello illuminato, dove potrete assaporare la vostra cena o un drink in un luogo situato in mezzo agli ulivi. La tranquillit\u00e0 del posto e la sua famosa cucina mediterranea formano la conclusione ideale di una giornata piena di colori e profumi che ci portano indietro negli anni.<\/p>\n<p><\/p>","protected":false},"excerpt":{"rendered":"<p>Non \u00e8 solo il luogo preferito degli innamorati e dei romantici che adorano forse la pi\u00f9 pura e la pi\u00f9&#8230;<\/p>\n","protected":false},"author":3,"featured_media":1156,"parent":0,"menu_order":50,"comment_status":"closed","ping_status":"closed","template":"","meta":{"footnotes":""},"class_list":["post-112","page","type-page","status-publish","has-post-thumbnail","hentry"],"yoast_head":"<!-- This site is optimized with the Yoast SEO plugin v27.2 - https:\/\/yoast.com\/product\/yoast-seo-wordpress\/ -->\n<title>Kythera -<\/title>\n<meta name=\"robots\" content=\"index, follow, max-snippet:-1, max-image-preview:large, max-video-preview:-1\" \/>\n<link rel=\"canonical\" href=\"https:\/\/filoxeneskatoikies.com\/it\/kythera\/\" \/>\n<meta property=\"og:locale\" content=\"it_IT\" \/>\n<meta property=\"og:type\" content=\"article\" \/>\n<meta property=\"og:title\" content=\"Kythera -\" \/>\n<meta property=\"og:description\" content=\"Non \u00e8 solo il luogo preferito degli innamorati e dei romantici che adorano forse la pi\u00f9 pura e la pi\u00f9...\" \/>\n<meta property=\"og:url\" content=\"https:\/\/filoxeneskatoikies.com\/it\/kythera\/\" \/>\n<meta property=\"og:site_name\" content=\"Filoxenes Katoikies | Kythera | Greece\" \/>\n<meta property=\"article:modified_time\" content=\"2017-06-18T10:06:56+00:00\" \/>\n<meta property=\"og:image\" content=\"https:\/\/i0.wp.com\/filoxeneskatoikies.com\/wp-content\/uploads\/promo1.jpg?fit=1920%2C960&ssl=1\" \/>\n\t<meta property=\"og:image:width\" content=\"1920\" \/>\n\t<meta property=\"og:image:height\" content=\"960\" \/>\n\t<meta property=\"og:image:type\" content=\"image\/jpeg\" \/>\n<meta name=\"twitter:card\" content=\"summary_large_image\" \/>\n<meta name=\"twitter:label1\" content=\"Tempo di lettura stimato\" \/>\n\t<meta name=\"twitter:data1\" content=\"9 minuti\" \/>\n<script type=\"application\/ld+json\" class=\"yoast-schema-graph\">{\"@context\":\"https:\/\/schema.org\",\"@graph\":[{\"@type\":\"WebPage\",\"@id\":\"https:\/\/filoxeneskatoikies.com\/it\/kythera\/\",\"url\":\"https:\/\/filoxeneskatoikies.com\/it\/kythera\/\",\"name\":\"Kythera -\",\"isPartOf\":{\"@id\":\"https:\/\/filoxeneskatoikies.com\/it\/#website\"},\"primaryImageOfPage\":{\"@id\":\"https:\/\/filoxeneskatoikies.com\/it\/kythera\/#primaryimage\"},\"image\":{\"@id\":\"https:\/\/filoxeneskatoikies.com\/it\/kythera\/#primaryimage\"},\"thumbnailUrl\":\"https:\/\/i0.wp.com\/filoxeneskatoikies.com\/wp-content\/uploads\/promo1.jpg?fit=1920%2C960&ssl=1\",\"datePublished\":\"2013-01-27T23:53:22+00:00\",\"dateModified\":\"2017-06-18T10:06:56+00:00\",\"breadcrumb\":{\"@id\":\"https:\/\/filoxeneskatoikies.com\/it\/kythera\/#breadcrumb\"},\"inLanguage\":\"it-IT\",\"potentialAction\":[{\"@type\":\"ReadAction\",\"target\":[[\"https:\/\/filoxeneskatoikies.com\/it\/kythera\/\"]]}]},{\"@type\":\"ImageObject\",\"inLanguage\":\"it-IT\",\"@id\":\"https:\/\/filoxeneskatoikies.com\/it\/kythera\/#primaryimage\",\"url\":\"https:\/\/i0.wp.com\/filoxeneskatoikies.com\/wp-content\/uploads\/promo1.jpg?fit=1920%2C960&ssl=1\",\"contentUrl\":\"https:\/\/i0.wp.com\/filoxeneskatoikies.com\/wp-content\/uploads\/promo1.jpg?fit=1920%2C960&ssl=1\",\"width\":1920,\"height\":960},{\"@type\":\"BreadcrumbList\",\"@id\":\"https:\/\/filoxeneskatoikies.com\/it\/kythera\/#breadcrumb\",\"itemListElement\":[{\"@type\":\"ListItem\",\"position\":1,\"name\":\"Home\",\"item\":\"https:\/\/filoxeneskatoikies.com\/it\/\"},{\"@type\":\"ListItem\",\"position\":2,\"name\":\"Kythera\"}]},{\"@type\":\"WebSite\",\"@id\":\"https:\/\/filoxeneskatoikies.com\/it\/#website\",\"url\":\"https:\/\/filoxeneskatoikies.com\/it\/\",\"name\":\"Filoxenes Katoikies | Kythera | Greece\",\"description\":\"Voyage to Kythera\",\"potentialAction\":[{\"@type\":\"SearchAction\",\"target\":{\"@type\":\"EntryPoint\",\"urlTemplate\":\"https:\/\/filoxeneskatoikies.com\/it\/?s={search_term_string}\"},\"query-input\":{\"@type\":\"PropertyValueSpecification\",\"valueRequired\":true,\"valueName\":\"search_term_string\"}}],\"inLanguage\":\"it-IT\"}]}<\/script>\n<!-- \/ Yoast SEO plugin. -->","yoast_head_json":{"title":"Kythera -","robots":{"index":"index","follow":"follow","max-snippet":"max-snippet:-1","max-image-preview":"max-image-preview:large","max-video-preview":"max-video-preview:-1"},"canonical":"https:\/\/filoxeneskatoikies.com\/it\/kythera\/","og_locale":"it_IT","og_type":"article","og_title":"Kythera -","og_description":"Non \u00e8 solo il luogo preferito degli innamorati e dei romantici che adorano forse la pi\u00f9 pura e la pi\u00f9...","og_url":"https:\/\/filoxeneskatoikies.com\/it\/kythera\/","og_site_name":"Filoxenes Katoikies | Kythera | Greece","article_modified_time":"2017-06-18T10:06:56+00:00","og_image":[{"width":1920,"height":960,"url":"https:\/\/i0.wp.com\/filoxeneskatoikies.com\/wp-content\/uploads\/promo1.jpg?fit=1920%2C960&ssl=1","type":"image\/jpeg"}],"twitter_card":"summary_large_image","twitter_misc":{"Tempo di lettura stimato":"9 minuti"},"schema":{"@context":"https:\/\/schema.org","@graph":[{"@type":"WebPage","@id":"https:\/\/filoxeneskatoikies.com\/it\/kythera\/","url":"https:\/\/filoxeneskatoikies.com\/it\/kythera\/","name":"Kythera -","isPartOf":{"@id":"https:\/\/filoxeneskatoikies.com\/it\/#website"},"primaryImageOfPage":{"@id":"https:\/\/filoxeneskatoikies.com\/it\/kythera\/#primaryimage"},"image":{"@id":"https:\/\/filoxeneskatoikies.com\/it\/kythera\/#primaryimage"},"thumbnailUrl":"https:\/\/i0.wp.com\/filoxeneskatoikies.com\/wp-content\/uploads\/promo1.jpg?fit=1920%2C960&ssl=1","datePublished":"2013-01-27T23:53:22+00:00","dateModified":"2017-06-18T10:06:56+00:00","breadcrumb":{"@id":"https:\/\/filoxeneskatoikies.com\/it\/kythera\/#breadcrumb"},"inLanguage":"it-IT","potentialAction":[{"@type":"ReadAction","target":[["https:\/\/filoxeneskatoikies.com\/it\/kythera\/"]]}]},{"@type":"ImageObject","inLanguage":"it-IT","@id":"https:\/\/filoxeneskatoikies.com\/it\/kythera\/#primaryimage","url":"https:\/\/i0.wp.com\/filoxeneskatoikies.com\/wp-content\/uploads\/promo1.jpg?fit=1920%2C960&ssl=1","contentUrl":"https:\/\/i0.wp.com\/filoxeneskatoikies.com\/wp-content\/uploads\/promo1.jpg?fit=1920%2C960&ssl=1","width":1920,"height":960},{"@type":"BreadcrumbList","@id":"https:\/\/filoxeneskatoikies.com\/it\/kythera\/#breadcrumb","itemListElement":[{"@type":"ListItem","position":1,"name":"Home","item":"https:\/\/filoxeneskatoikies.com\/it\/"},{"@type":"ListItem","position":2,"name":"Kythera"}]},{"@type":"WebSite","@id":"https:\/\/filoxeneskatoikies.com\/it\/#website","url":"https:\/\/filoxeneskatoikies.com\/it\/","name":"Filoxenes Katoikies | Kythera | Greece","description":"Voyage to Kythera","potentialAction":[{"@type":"SearchAction","target":{"@type":"EntryPoint","urlTemplate":"https:\/\/filoxeneskatoikies.com\/it\/?s={search_term_string}"},"query-input":{"@type":"PropertyValueSpecification","valueRequired":true,"valueName":"search_term_string"}}],"inLanguage":"it-IT"}]}},"jetpack_sharing_enabled":true,"_links":{"self":[{"href":"https:\/\/filoxeneskatoikies.com\/it\/wp-json\/wp\/v2\/pages\/112","targetHints":{"allow":["GET"]}}],"collection":[{"href":"https:\/\/filoxeneskatoikies.com\/it\/wp-json\/wp\/v2\/pages"}],"about":[{"href":"https:\/\/filoxeneskatoikies.com\/it\/wp-json\/wp\/v2\/types\/page"}],"author":[{"embeddable":true,"href":"https:\/\/filoxeneskatoikies.com\/it\/wp-json\/wp\/v2\/users\/3"}],"replies":[{"embeddable":true,"href":"https:\/\/filoxeneskatoikies.com\/it\/wp-json\/wp\/v2\/comments?post=112"}],"version-history":[{"count":64,"href":"https:\/\/filoxeneskatoikies.com\/it\/wp-json\/wp\/v2\/pages\/112\/revisions"}],"predecessor-version":[{"id":938,"href":"https:\/\/filoxeneskatoikies.com\/it\/wp-json\/wp\/v2\/pages\/112\/revisions\/938"}],"wp:featuredmedia":[{"embeddable":true,"href":"https:\/\/filoxeneskatoikies.com\/it\/wp-json\/wp\/v2\/media\/1156"}],"wp:attachment":[{"href":"https:\/\/filoxeneskatoikies.com\/it\/wp-json\/wp\/v2\/media?parent=112"}],"curies":[{"name":"wp","href":"https:\/\/api.w.org\/{rel}","templated":true}]}}