{"id":120,"date":"2013-01-28T02:10:42","date_gmt":"2013-01-28T00:10:42","guid":{"rendered":"https:\/\/filoxeneskatoikies.com\/?page_id=120"},"modified":"2017-06-18T12:05:53","modified_gmt":"2017-06-18T10:05:53","slug":"villages","status":"publish","type":"page","link":"https:\/\/filoxeneskatoikies.com\/it\/kythera\/villages\/","title":{"rendered":"Villaggi"},"content":{"rendered":"<p><\/p>\n<div style=\"text-align: justify;\">\n<p><a href=\"https:\/\/i0.wp.com\/www.filoxeneskatoikies.com\/wp-content\/uploads\/mitata.jpg?ssl=1\" rel=\"fancybox[120]\"><img data-recalc-dims=\"1\" loading=\"lazy\" decoding=\"async\" alt=\"mitata, \u03ba\u03c5\u03b8\u03b7\u03c1\u03b1, kythera, kithira, \u03bc\u03b7\u03c4\u03ac\u03c4\u03b1\" src=\"https:\/\/i0.wp.com\/www.filoxeneskatoikies.com\/wp-content\/uploads\/mitata-1024x512.jpg?resize=640%2C320&#038;ssl=1\" width=\"640\" height=\"320\" \/><\/a><\/p>\n<p>Mitata, un villaggio particolarmente bello, quasi nel centro dell\u2019isola e in una posizione ben visibile, poich\u00e9 si trova nella parte pi\u00f9 alta della gola. La vista dalla piazza del villaggio \u00e8 meravigliosa. Sulla piazza troverete il caff\u00e8 del villaggio, dove ci si pu\u00f2 anche mangiare.<\/p>\n<p><a href=\"https:\/\/i0.wp.com\/www.filoxeneskatoikies.com\/wp-content\/uploads\/milopotamos.jpg?ssl=1\" rel=\"fancybox[120]\"><img data-recalc-dims=\"1\" loading=\"lazy\" decoding=\"async\" alt=\"milopotamos, kythera, \u03bc\u03c5\u03bb\u03bf\u03c0\u03cc\u03c4\u03b1\u03bc\u03bf\u03c2, \u03ba\u03cd\u03b8\u03b7\u03c1\u03b1\" src=\"https:\/\/i0.wp.com\/www.filoxeneskatoikies.com\/wp-content\/uploads\/milopotamos-1024x512.jpg?resize=640%2C320&#038;ssl=1\" width=\"640\" height=\"320\" \/><\/a><\/p>\n<p>Milopotamos \u00e8 uno dei villaggi pi\u00f9 tradizionali di Citera ed \u00e8 caratterizzato dalla ricca vegetazione e dalle acque correnti. Purtroppo negli ultimi decenni la popolazione diminuisce sempre di pi\u00f9. In estate invece attrae molti turisti, soprattutto perch\u00e9 \u00e8 l\u2019unico villaggio che raduna cos\u00ec tante attivit\u00e0 e bellezze. Il caff\u00e8 e la piazza del villaggio con il platano non toccato dagli stenti, le cascate, i mulini ad acqua, la Chora bassa di Milopotamos e la Grotta di Agia (Santa) Sofia sono alcune delle bellezze del villaggio.<\/p>\n<p>Dobbiamo sottolineare il fatto che nella gola, che va a finire alla spiaggia di Kalami, funzionavano, fino alla met\u00e0 degli anni \u201950, ventiquattro mulini ad acqua. L\u2019acqua della forra, con l\u2019aiuto delle dighe e delle grondaie alimentava i mulini che a loro volta coprivano gran parte del fabbisogno di farina dell\u2019isola.<\/p>\n<p><a href=\"https:\/\/i0.wp.com\/www.filoxeneskatoikies.com\/wp-content\/uploads\/karavas.jpg?ssl=1\" rel=\"fancybox[120]\"><img data-recalc-dims=\"1\" loading=\"lazy\" decoding=\"async\" alt=\"karavas, \u03ba\u03b1\u03c1\u03b1\u03b2\u03ac\u03c2, \u03ba\u03cd\u03b8\u03b7\u03c1\u03b1, kythera\" src=\"https:\/\/i0.wp.com\/www.filoxeneskatoikies.com\/wp-content\/uploads\/karavas-1024x512.jpg?resize=640%2C320&#038;ssl=1\" width=\"640\" height=\"320\" \/><\/a><\/p>\n<p>Karavas \u00e8 un villaggio bellissimo, verdissimo e sereno costruito tra le colline. Vicino alla chiesa del paese si trova un bar, dove potete fermarvi per prendere un caff\u00e8. Il caff\u00e8 di Amir Ali viene anche proposto incondizionatamente soprattutto per la sua posizione privilegiata.<\/p>\n<p><a href=\"https:\/\/i0.wp.com\/www.filoxeneskatoikies.com\/wp-content\/uploads\/chora3.jpg?ssl=1\" rel=\"fancybox[120]\"><img data-recalc-dims=\"1\" loading=\"lazy\" decoding=\"async\" alt=\"chora, kythera, kythira, \u03c7\u03ce\u03c1\u03b1\" src=\"https:\/\/i0.wp.com\/www.filoxeneskatoikies.com\/wp-content\/uploads\/chora3-1024x512.jpg?resize=640%2C320&#038;ssl=1\" width=\"640\" height=\"320\" \/><\/a><\/p>\n<p>Chora, il capoluogo di Citera, dai vicoli stretti e pittoreschi, con l\u2019imponente e ricostruito castello veneziano \u00e8 il pi\u00f9 famoso villaggio di Citera. Dovete visitarlo, camminare per i suoi vicoli, ammirare l\u2019architettura degli edifici antichi, ammirare dal \u201cBelvedere\u201d la vista su Kapsali.\u00a0 Se visitate Chora, vi consigliamo di lasciare la vostra macchina al parcheggio, che si trova nei dintorni del capoluogo, ma a poca distanza da esso. Se venite da Livadi, un po\u2019 prima dell\u2019entrata a Chora, dirigetevi a sinistra e prendete la strada per Kapsali. Dopo 300 metri, alla vostra sinistra vedrete il parcheggio.<\/p>\n<\/div>\n<p><\/p>","protected":false},"excerpt":{"rendered":"<p>Mitata, un villaggio particolarmente bello, quasi nel centro dell\u2019isola e in una posizione ben visibile, poich\u00e9 si trova nella parte&#8230;<\/p>\n","protected":false},"author":3,"featured_media":0,"parent":112,"menu_order":10,"comment_status":"closed","ping_status":"closed","template":"","meta":{"footnotes":""},"class_list":["post-120","page","type-page","status-publish","hentry"],"yoast_head":"<!-- This site is optimized with the Yoast SEO plugin v27.2 - https:\/\/yoast.com\/product\/yoast-seo-wordpress\/ -->\n<title>\u03a7\u03c9\u03c1\u03b9\u03acVillagesVillaggiD\u00f6rfer\u0414\u0435\u0440\u0435\u0432\u043d\u0438 - Filoxenes Katoikies | Kythera | Greece<\/title>\n<meta name=\"robots\" content=\"index, follow, max-snippet:-1, max-image-preview:large, max-video-preview:-1\" \/>\n<link rel=\"canonical\" href=\"https:\/\/filoxeneskatoikies.com\/it\/kythera\/villages\/\" \/>\n<meta property=\"og:locale\" content=\"it_IT\" \/>\n<meta property=\"og:type\" content=\"article\" \/>\n<meta property=\"og:title\" content=\"\u03a7\u03c9\u03c1\u03b9\u03acVillagesVillaggiD\u00f6rfer\u0414\u0435\u0440\u0435\u0432\u043d\u0438 - Filoxenes Katoikies | Kythera | Greece\" \/>\n<meta property=\"og:description\" content=\"Mitata, un villaggio particolarmente bello, quasi nel centro dell\u2019isola e in una posizione ben visibile, poich\u00e9 si trova nella parte...\" \/>\n<meta property=\"og:url\" content=\"https:\/\/filoxeneskatoikies.com\/it\/kythera\/villages\/\" \/>\n<meta property=\"og:site_name\" content=\"Filoxenes Katoikies | Kythera | Greece\" \/>\n<meta property=\"article:modified_time\" content=\"2017-06-18T10:05:53+00:00\" \/>\n<meta property=\"og:image\" content=\"https:\/\/www.filoxeneskatoikies.com\/wp-content\/uploads\/mitata-1024x512.jpg\" \/>\n<meta name=\"twitter:card\" content=\"summary_large_image\" \/>\n<meta name=\"twitter:label1\" content=\"Tempo di lettura stimato\" \/>\n\t<meta name=\"twitter:data1\" content=\"11 minuti\" \/>\n<script type=\"application\/ld+json\" class=\"yoast-schema-graph\">{\"@context\":\"https:\/\/schema.org\",\"@graph\":[{\"@type\":\"WebPage\",\"@id\":\"https:\/\/filoxeneskatoikies.com\/it\/kythera\/villages\/\",\"url\":\"https:\/\/filoxeneskatoikies.com\/it\/kythera\/villages\/\",\"name\":\"\u03a7\u03c9\u03c1\u03b9\u03acVillagesVillaggiD\u00f6rfer\u0414\u0435\u0440\u0435\u0432\u043d\u0438 - Filoxenes Katoikies | Kythera | Greece\",\"isPartOf\":{\"@id\":\"https:\/\/filoxeneskatoikies.com\/it\/#website\"},\"primaryImageOfPage\":{\"@id\":\"https:\/\/filoxeneskatoikies.com\/it\/kythera\/villages\/#primaryimage\"},\"image\":{\"@id\":\"https:\/\/filoxeneskatoikies.com\/it\/kythera\/villages\/#primaryimage\"},\"thumbnailUrl\":\"https:\/\/www.filoxeneskatoikies.com\/wp-content\/uploads\/mitata-1024x512.jpg\",\"datePublished\":\"2013-01-28T00:10:42+00:00\",\"dateModified\":\"2017-06-18T10:05:53+00:00\",\"breadcrumb\":{\"@id\":\"https:\/\/filoxeneskatoikies.com\/it\/kythera\/villages\/#breadcrumb\"},\"inLanguage\":\"it-IT\",\"potentialAction\":[{\"@type\":\"ReadAction\",\"target\":[[\"https:\/\/filoxeneskatoikies.com\/it\/kythera\/villages\/\"]]}]},{\"@type\":\"ImageObject\",\"inLanguage\":\"it-IT\",\"@id\":\"https:\/\/filoxeneskatoikies.com\/it\/kythera\/villages\/#primaryimage\",\"url\":\"https:\/\/www.filoxeneskatoikies.com\/wp-content\/uploads\/mitata-1024x512.jpg\",\"contentUrl\":\"https:\/\/www.filoxeneskatoikies.com\/wp-content\/uploads\/mitata-1024x512.jpg\"},{\"@type\":\"BreadcrumbList\",\"@id\":\"https:\/\/filoxeneskatoikies.com\/it\/kythera\/villages\/#breadcrumb\",\"itemListElement\":[{\"@type\":\"ListItem\",\"position\":1,\"name\":\"Home\",\"item\":\"https:\/\/filoxeneskatoikies.com\/it\/\"},{\"@type\":\"ListItem\",\"position\":2,\"name\":\"Villaggi\"}]},{\"@type\":\"WebSite\",\"@id\":\"https:\/\/filoxeneskatoikies.com\/it\/#website\",\"url\":\"https:\/\/filoxeneskatoikies.com\/it\/\",\"name\":\"Filoxenes Katoikies | Kythera | Greece\",\"description\":\"Voyage to Kythera\",\"potentialAction\":[{\"@type\":\"SearchAction\",\"target\":{\"@type\":\"EntryPoint\",\"urlTemplate\":\"https:\/\/filoxeneskatoikies.com\/it\/?s={search_term_string}\"},\"query-input\":{\"@type\":\"PropertyValueSpecification\",\"valueRequired\":true,\"valueName\":\"search_term_string\"}}],\"inLanguage\":\"it-IT\"}]}<\/script>\n<!-- \/ Yoast SEO plugin. -->","yoast_head_json":{"title":"\u03a7\u03c9\u03c1\u03b9\u03acVillagesVillaggiD\u00f6rfer\u0414\u0435\u0440\u0435\u0432\u043d\u0438 - Filoxenes Katoikies | Kythera | Greece","robots":{"index":"index","follow":"follow","max-snippet":"max-snippet:-1","max-image-preview":"max-image-preview:large","max-video-preview":"max-video-preview:-1"},"canonical":"https:\/\/filoxeneskatoikies.com\/it\/kythera\/villages\/","og_locale":"it_IT","og_type":"article","og_title":"\u03a7\u03c9\u03c1\u03b9\u03acVillagesVillaggiD\u00f6rfer\u0414\u0435\u0440\u0435\u0432\u043d\u0438 - Filoxenes Katoikies | Kythera | Greece","og_description":"Mitata, un villaggio particolarmente bello, quasi nel centro dell\u2019isola e in una posizione ben visibile, poich\u00e9 si trova nella parte...","og_url":"https:\/\/filoxeneskatoikies.com\/it\/kythera\/villages\/","og_site_name":"Filoxenes Katoikies | Kythera | Greece","article_modified_time":"2017-06-18T10:05:53+00:00","og_image":[{"url":"https:\/\/www.filoxeneskatoikies.com\/wp-content\/uploads\/mitata-1024x512.jpg","type":"","width":"","height":""}],"twitter_card":"summary_large_image","twitter_misc":{"Tempo di lettura stimato":"11 minuti"},"schema":{"@context":"https:\/\/schema.org","@graph":[{"@type":"WebPage","@id":"https:\/\/filoxeneskatoikies.com\/it\/kythera\/villages\/","url":"https:\/\/filoxeneskatoikies.com\/it\/kythera\/villages\/","name":"\u03a7\u03c9\u03c1\u03b9\u03acVillagesVillaggiD\u00f6rfer\u0414\u0435\u0440\u0435\u0432\u043d\u0438 - Filoxenes Katoikies | Kythera | Greece","isPartOf":{"@id":"https:\/\/filoxeneskatoikies.com\/it\/#website"},"primaryImageOfPage":{"@id":"https:\/\/filoxeneskatoikies.com\/it\/kythera\/villages\/#primaryimage"},"image":{"@id":"https:\/\/filoxeneskatoikies.com\/it\/kythera\/villages\/#primaryimage"},"thumbnailUrl":"https:\/\/www.filoxeneskatoikies.com\/wp-content\/uploads\/mitata-1024x512.jpg","datePublished":"2013-01-28T00:10:42+00:00","dateModified":"2017-06-18T10:05:53+00:00","breadcrumb":{"@id":"https:\/\/filoxeneskatoikies.com\/it\/kythera\/villages\/#breadcrumb"},"inLanguage":"it-IT","potentialAction":[{"@type":"ReadAction","target":[["https:\/\/filoxeneskatoikies.com\/it\/kythera\/villages\/"]]}]},{"@type":"ImageObject","inLanguage":"it-IT","@id":"https:\/\/filoxeneskatoikies.com\/it\/kythera\/villages\/#primaryimage","url":"https:\/\/www.filoxeneskatoikies.com\/wp-content\/uploads\/mitata-1024x512.jpg","contentUrl":"https:\/\/www.filoxeneskatoikies.com\/wp-content\/uploads\/mitata-1024x512.jpg"},{"@type":"BreadcrumbList","@id":"https:\/\/filoxeneskatoikies.com\/it\/kythera\/villages\/#breadcrumb","itemListElement":[{"@type":"ListItem","position":1,"name":"Home","item":"https:\/\/filoxeneskatoikies.com\/it\/"},{"@type":"ListItem","position":2,"name":"Villaggi"}]},{"@type":"WebSite","@id":"https:\/\/filoxeneskatoikies.com\/it\/#website","url":"https:\/\/filoxeneskatoikies.com\/it\/","name":"Filoxenes Katoikies | Kythera | Greece","description":"Voyage to Kythera","potentialAction":[{"@type":"SearchAction","target":{"@type":"EntryPoint","urlTemplate":"https:\/\/filoxeneskatoikies.com\/it\/?s={search_term_string}"},"query-input":{"@type":"PropertyValueSpecification","valueRequired":true,"valueName":"search_term_string"}}],"inLanguage":"it-IT"}]}},"jetpack_sharing_enabled":true,"_links":{"self":[{"href":"https:\/\/filoxeneskatoikies.com\/it\/wp-json\/wp\/v2\/pages\/120","targetHints":{"allow":["GET"]}}],"collection":[{"href":"https:\/\/filoxeneskatoikies.com\/it\/wp-json\/wp\/v2\/pages"}],"about":[{"href":"https:\/\/filoxeneskatoikies.com\/it\/wp-json\/wp\/v2\/types\/page"}],"author":[{"embeddable":true,"href":"https:\/\/filoxeneskatoikies.com\/it\/wp-json\/wp\/v2\/users\/3"}],"replies":[{"embeddable":true,"href":"https:\/\/filoxeneskatoikies.com\/it\/wp-json\/wp\/v2\/comments?post=120"}],"version-history":[{"count":35,"href":"https:\/\/filoxeneskatoikies.com\/it\/wp-json\/wp\/v2\/pages\/120\/revisions"}],"predecessor-version":[{"id":125,"href":"https:\/\/filoxeneskatoikies.com\/it\/wp-json\/wp\/v2\/pages\/120\/revisions\/125"}],"up":[{"embeddable":true,"href":"https:\/\/filoxeneskatoikies.com\/it\/wp-json\/wp\/v2\/pages\/112"}],"wp:attachment":[{"href":"https:\/\/filoxeneskatoikies.com\/it\/wp-json\/wp\/v2\/media?parent=120"}],"curies":[{"name":"wp","href":"https:\/\/api.w.org\/{rel}","templated":true}]}}