{"id":137,"date":"2013-01-28T02:21:09","date_gmt":"2013-01-28T00:21:09","guid":{"rendered":"https:\/\/filoxeneskatoikies.com\/?page_id=137"},"modified":"2021-04-15T20:36:27","modified_gmt":"2021-04-15T18:36:27","slug":"winter-kythira","status":"publish","type":"page","link":"https:\/\/filoxeneskatoikies.com\/it\/kythera\/winter-kythira\/","title":{"rendered":"Vacanze invernali"},"content":{"rendered":"<p><\/p>\n<p style=\"text-align: justify;\">\r\n\t\t\t\t<div class=\"promo_slider_wrapper random fancy_nav no_pause\">\r\n\t\t\t\t\t\r\n\t\t\t\t\t<div class=\"promo_slider_nav tabbed_ps_nav slider_selections\"><\/div>\r\n\r\n\t\t\t\t\t<div class=\"promo_slider auto_advance\" style=\"width:640px; height:430px;\">\r\n\t\t\t\t\t\t<span class=\"promo_slider_time_delay\" style=\"display:none;\">2<\/span>\r\n\t\t\t\t\t\t\r\n\t\t\t\t\t\t\t<div class=\"panel panel-1\">\r\n\t\t\t\t\t\t\t\t<span class=\"panel-title\" style=\"display:none;\">(\u0395\u03bb\u03bb\u03b7\u03bd\u03b9\u03ba\u03ac) 8<\/span>\r\n\t\t\t\t\t\t\t\t\t\t<div class=\"promo_slider_background_image\"><img loading=\"lazy\" decoding=\"async\" width=\"640\" height=\"480\" src=\"https:\/\/i0.wp.com\/filoxeneskatoikies.com\/wp-content\/uploads\/winter-kithira_001.jpg?fit=640%2C480&amp;ssl=1\" class=\"attachment-large size-large wp-post-image\" alt=\"\" srcset=\"https:\/\/i0.wp.com\/filoxeneskatoikies.com\/wp-content\/uploads\/winter-kithira_001.jpg?w=640&amp;ssl=1 640w, https:\/\/i0.wp.com\/filoxeneskatoikies.com\/wp-content\/uploads\/winter-kithira_001.jpg?resize=300%2C225&amp;ssl=1 300w\" sizes=\"auto, (max-width: 640px) 100vw, 640px\" \/>\t\t<\/div>\t\t\t\t\t\t\t<\/div>\r\n\r\n\t\t\t\t\t\t\t\t\t\t\t\t\t\r\n\t\t\t\t\t\t\t<div class=\"panel panel-2\">\r\n\t\t\t\t\t\t\t\t<span class=\"panel-title\" style=\"display:none;\">(\u0395\u03bb\u03bb\u03b7\u03bd\u03b9\u03ba\u03ac) 7<\/span>\r\n\t\t\t\t\t\t\t\t\t\t<div class=\"promo_slider_background_image\"><img loading=\"lazy\" decoding=\"async\" width=\"640\" height=\"480\" src=\"https:\/\/i0.wp.com\/filoxeneskatoikies.com\/wp-content\/uploads\/winter-kithira_002.jpg?fit=640%2C480&amp;ssl=1\" class=\"attachment-large size-large wp-post-image\" alt=\"\" srcset=\"https:\/\/i0.wp.com\/filoxeneskatoikies.com\/wp-content\/uploads\/winter-kithira_002.jpg?w=640&amp;ssl=1 640w, https:\/\/i0.wp.com\/filoxeneskatoikies.com\/wp-content\/uploads\/winter-kithira_002.jpg?resize=300%2C225&amp;ssl=1 300w\" sizes=\"auto, (max-width: 640px) 100vw, 640px\" \/>\t\t<\/div>\t\t\t\t\t\t\t<\/div>\r\n\r\n\t\t\t\t\t\t\t\t\t\t\t\t\t\r\n\t\t\t\t\t\t\t<div class=\"panel panel-3\">\r\n\t\t\t\t\t\t\t\t<span class=\"panel-title\" style=\"display:none;\">(\u0395\u03bb\u03bb\u03b7\u03bd\u03b9\u03ba\u03ac) 6<\/span>\r\n\t\t\t\t\t\t\t\t\t\t<div class=\"promo_slider_background_image\"><img loading=\"lazy\" decoding=\"async\" width=\"640\" height=\"480\" src=\"https:\/\/i0.wp.com\/filoxeneskatoikies.com\/wp-content\/uploads\/winter-kithira_003.jpg?fit=640%2C480&amp;ssl=1\" class=\"attachment-large size-large wp-post-image\" alt=\"\" srcset=\"https:\/\/i0.wp.com\/filoxeneskatoikies.com\/wp-content\/uploads\/winter-kithira_003.jpg?w=640&amp;ssl=1 640w, https:\/\/i0.wp.com\/filoxeneskatoikies.com\/wp-content\/uploads\/winter-kithira_003.jpg?resize=300%2C225&amp;ssl=1 300w\" sizes=\"auto, (max-width: 640px) 100vw, 640px\" \/>\t\t<\/div>\t\t\t\t\t\t\t<\/div>\r\n\r\n\t\t\t\t\t\t\t\t\t\t\t\t\t\r\n\t\t\t\t\t\t\t<div class=\"panel panel-4\">\r\n\t\t\t\t\t\t\t\t<span class=\"panel-title\" style=\"display:none;\">(\u0395\u03bb\u03bb\u03b7\u03bd\u03b9\u03ba\u03ac) 5<\/span>\r\n\t\t\t\t\t\t\t\t\t\t<div class=\"promo_slider_background_image\"><img loading=\"lazy\" decoding=\"async\" width=\"640\" height=\"480\" src=\"https:\/\/i0.wp.com\/filoxeneskatoikies.com\/wp-content\/uploads\/winter-kithira_005.jpg?fit=640%2C480&amp;ssl=1\" class=\"attachment-large size-large wp-post-image\" alt=\"\" srcset=\"https:\/\/i0.wp.com\/filoxeneskatoikies.com\/wp-content\/uploads\/winter-kithira_005.jpg?w=640&amp;ssl=1 640w, https:\/\/i0.wp.com\/filoxeneskatoikies.com\/wp-content\/uploads\/winter-kithira_005.jpg?resize=300%2C225&amp;ssl=1 300w\" sizes=\"auto, (max-width: 640px) 100vw, 640px\" \/>\t\t<\/div>\t\t\t\t\t\t\t<\/div>\r\n\r\n\t\t\t\t\t\t\t\t\t\t\t\t\t\r\n\t\t\t\t\t\t\t<div class=\"panel panel-5\">\r\n\t\t\t\t\t\t\t\t<span class=\"panel-title\" style=\"display:none;\">(\u0395\u03bb\u03bb\u03b7\u03bd\u03b9\u03ba\u03ac) 4<\/span>\r\n\t\t\t\t\t\t\t\t\t\t<div class=\"promo_slider_background_image\"><img loading=\"lazy\" decoding=\"async\" width=\"640\" height=\"480\" src=\"https:\/\/i0.wp.com\/filoxeneskatoikies.com\/wp-content\/uploads\/winter-kithira_004.jpg?fit=640%2C480&amp;ssl=1\" class=\"attachment-large size-large wp-post-image\" alt=\"\" srcset=\"https:\/\/i0.wp.com\/filoxeneskatoikies.com\/wp-content\/uploads\/winter-kithira_004.jpg?w=640&amp;ssl=1 640w, https:\/\/i0.wp.com\/filoxeneskatoikies.com\/wp-content\/uploads\/winter-kithira_004.jpg?resize=300%2C225&amp;ssl=1 300w\" sizes=\"auto, (max-width: 640px) 100vw, 640px\" \/>\t\t<\/div>\t\t\t\t\t\t\t<\/div>\r\n\r\n\t\t\t\t\t\t\t\t\t\t\t\t\t\r\n\t\t\t\t\t\t\t<div class=\"panel panel-6\">\r\n\t\t\t\t\t\t\t\t<span class=\"panel-title\" style=\"display:none;\">(\u0395\u03bb\u03bb\u03b7\u03bd\u03b9\u03ba\u03ac) 3<\/span>\r\n\t\t\t\t\t\t\t\t\t\t<div class=\"promo_slider_background_image\"><img loading=\"lazy\" decoding=\"async\" width=\"640\" height=\"480\" src=\"https:\/\/i0.wp.com\/filoxeneskatoikies.com\/wp-content\/uploads\/winter-kithira_006.jpg?fit=640%2C480&amp;ssl=1\" class=\"attachment-large size-large wp-post-image\" alt=\"\" srcset=\"https:\/\/i0.wp.com\/filoxeneskatoikies.com\/wp-content\/uploads\/winter-kithira_006.jpg?w=640&amp;ssl=1 640w, https:\/\/i0.wp.com\/filoxeneskatoikies.com\/wp-content\/uploads\/winter-kithira_006.jpg?resize=300%2C225&amp;ssl=1 300w\" sizes=\"auto, (max-width: 640px) 100vw, 640px\" \/>\t\t<\/div>\t\t\t\t\t\t\t<\/div>\r\n\r\n\t\t\t\t\t\t\t\t\t\t\t\t\t\r\n\t\t\t\t\t\t\t<div class=\"panel panel-7\">\r\n\t\t\t\t\t\t\t\t<span class=\"panel-title\" style=\"display:none;\">(\u0395\u03bb\u03bb\u03b7\u03bd\u03b9\u03ba\u03ac) 2<\/span>\r\n\t\t\t\t\t\t\t\t\t\t<div class=\"promo_slider_background_image\"><img loading=\"lazy\" decoding=\"async\" width=\"640\" height=\"480\" src=\"https:\/\/i0.wp.com\/filoxeneskatoikies.com\/wp-content\/uploads\/winter-kithira_007.jpg?fit=640%2C480&amp;ssl=1\" class=\"attachment-large size-large wp-post-image\" alt=\"\" srcset=\"https:\/\/i0.wp.com\/filoxeneskatoikies.com\/wp-content\/uploads\/winter-kithira_007.jpg?w=640&amp;ssl=1 640w, https:\/\/i0.wp.com\/filoxeneskatoikies.com\/wp-content\/uploads\/winter-kithira_007.jpg?resize=300%2C225&amp;ssl=1 300w\" sizes=\"auto, (max-width: 640px) 100vw, 640px\" \/>\t\t<\/div>\t\t\t\t\t\t\t<\/div>\r\n\r\n\t\t\t\t\t\t\t\t\t\t\t\t\t\r\n\t\t\t\t\t\t\t<div class=\"panel panel-8\">\r\n\t\t\t\t\t\t\t\t<span class=\"panel-title\" style=\"display:none;\">(\u0395\u03bb\u03bb\u03b7\u03bd\u03b9\u03ba\u03ac) 1<\/span>\r\n\t\t\t\t\t\t\t\t\t\t<div class=\"promo_slider_background_image\"><img loading=\"lazy\" decoding=\"async\" width=\"640\" height=\"480\" src=\"https:\/\/i0.wp.com\/filoxeneskatoikies.com\/wp-content\/uploads\/winter-kithira_008.jpg?fit=640%2C480&amp;ssl=1\" class=\"attachment-large size-large wp-post-image\" alt=\"\" srcset=\"https:\/\/i0.wp.com\/filoxeneskatoikies.com\/wp-content\/uploads\/winter-kithira_008.jpg?w=640&amp;ssl=1 640w, https:\/\/i0.wp.com\/filoxeneskatoikies.com\/wp-content\/uploads\/winter-kithira_008.jpg?resize=300%2C225&amp;ssl=1 300w\" sizes=\"auto, (max-width: 640px) 100vw, 640px\" \/>\t\t<\/div>\t\t\t\t\t\t\t<\/div>\r\n\r\n\t\t\t\t\t\t\t\t\t\t\t\t\t\t\t<div class=\"promo_slider_nav fancy_ps_nav\">\r\n\t\t\t<span class=\"move_backward pointer\" title=\"Move Backward\">&lt;&lt;<\/span>\r\n\t\t\t<span class=\"slider_selections pointer\"><\/span>\r\n\t\t\t<span class=\"move_forward pointer\" title=\"Move Forward\">&gt;&gt;<\/span>\r\n\t\t<\/div>\r\n\t\t\r\n\t\t\t\t\t\t<div class=\"clear\"><\/div>\r\n\r\n\t\t\t\t\t<\/div>\r\n\t\t\t\t<\/div><br \/>\nSvaghi invernali in una delle isole pi\u00f9 soleggiate, pu\u00f2 sembrare una contraddizione, ma non lo \u00e8. Citera \u00e8 un\u2019isola di ricche alternanze, densa vegetazione, forre e gole. E\u2019 molto probabile che il visitatore sia incantato dalla tranquillit\u00e0 del paesaggio. In Filoxenes Katikies abbiamo creato le strutture in modo tale da poter accogliere e soddisfare al massimo i nostri ospiti d\u2019inverno. Offriamo pacchetti allettanti con colazione casereccia, noleggio di un mezzo di trasporto e anche visite guidate alla Grotta di Agia (Santa) Sofia, ai Mulini ad acqua di Milopotamos e a Paleochora.<br \/>\nIniziando da Milos Suites, che sono dotate di caminetto, e dal restaurato mulino a vento a tre piani, insieme ai nostri \u201coff season\u201d prezzi, invitiamo gli amanti delle vacanze invernali di venire alle nostre abitazioni tradizionali, durante i giorni festivi d\u2019inverno.<br \/>\nPer gli amanti del lusso e per i nostalgici delle vacanze estive, proponiamo Astarti Villas, le nostre villette completamente attrezzate con magnifica vista sul mare e clima mite. Sole e Mare sono ancora una scelta per i vostri svaghi durante l\u2019inverno, ideali per le passeggiate invernali lungo mare.<\/p>\n<p><\/p>","protected":false},"excerpt":{"rendered":"<p>Svaghi invernali in una delle isole pi\u00f9 soleggiate, pu\u00f2 sembrare una contraddizione, ma non lo \u00e8. Citera \u00e8 un\u2019isola di&#8230;<\/p>\n","protected":false},"author":3,"featured_media":0,"parent":112,"menu_order":0,"comment_status":"closed","ping_status":"closed","template":"","meta":{"footnotes":""},"class_list":["post-137","page","type-page","status-publish","hentry"],"yoast_head":"<!-- This site is optimized with the Yoast SEO plugin v27.2 - https:\/\/yoast.com\/product\/yoast-seo-wordpress\/ -->\n<title>Vacanze invernali - Filoxenes Katoikies | Kythera | Greece<\/title>\n<meta name=\"robots\" content=\"index, follow, max-snippet:-1, max-image-preview:large, max-video-preview:-1\" \/>\n<link rel=\"canonical\" href=\"https:\/\/filoxeneskatoikies.com\/it\/kythera\/winter-kythira\/\" \/>\n<meta property=\"og:locale\" content=\"it_IT\" \/>\n<meta property=\"og:type\" content=\"article\" \/>\n<meta property=\"og:title\" content=\"Vacanze invernali - Filoxenes Katoikies | Kythera | Greece\" \/>\n<meta property=\"og:description\" content=\"Svaghi invernali in una delle isole pi\u00f9 soleggiate, pu\u00f2 sembrare una contraddizione, ma non lo \u00e8. Citera \u00e8 un\u2019isola di...\" \/>\n<meta property=\"og:url\" content=\"https:\/\/filoxeneskatoikies.com\/it\/kythera\/winter-kythira\/\" \/>\n<meta property=\"og:site_name\" content=\"Filoxenes Katoikies | Kythera | Greece\" \/>\n<meta property=\"article:modified_time\" content=\"2021-04-15T18:36:27+00:00\" \/>\n<meta name=\"twitter:card\" content=\"summary_large_image\" \/>\n<meta name=\"twitter:label1\" content=\"Tempo di lettura stimato\" \/>\n\t<meta name=\"twitter:data1\" content=\"2 minuti\" \/>\n<script type=\"application\/ld+json\" class=\"yoast-schema-graph\">{\"@context\":\"https:\/\/schema.org\",\"@graph\":[{\"@type\":\"WebPage\",\"@id\":\"https:\/\/filoxeneskatoikies.com\/it\/kythera\/winter-kythira\/\",\"url\":\"https:\/\/filoxeneskatoikies.com\/it\/kythera\/winter-kythira\/\",\"name\":\"Vacanze invernali - Filoxenes Katoikies | Kythera | Greece\",\"isPartOf\":{\"@id\":\"https:\/\/filoxeneskatoikies.com\/it\/#website\"},\"datePublished\":\"2013-01-28T00:21:09+00:00\",\"dateModified\":\"2021-04-15T18:36:27+00:00\",\"breadcrumb\":{\"@id\":\"https:\/\/filoxeneskatoikies.com\/it\/kythera\/winter-kythira\/#breadcrumb\"},\"inLanguage\":\"it-IT\",\"potentialAction\":[{\"@type\":\"ReadAction\",\"target\":[[\"https:\/\/filoxeneskatoikies.com\/it\/kythera\/winter-kythira\/\"]]}]},{\"@type\":\"BreadcrumbList\",\"@id\":\"https:\/\/filoxeneskatoikies.com\/it\/kythera\/winter-kythira\/#breadcrumb\",\"itemListElement\":[{\"@type\":\"ListItem\",\"position\":1,\"name\":\"Home\",\"item\":\"https:\/\/filoxeneskatoikies.com\/it\/\"},{\"@type\":\"ListItem\",\"position\":2,\"name\":\"Vacanze invernali\"}]},{\"@type\":\"WebSite\",\"@id\":\"https:\/\/filoxeneskatoikies.com\/it\/#website\",\"url\":\"https:\/\/filoxeneskatoikies.com\/it\/\",\"name\":\"Filoxenes Katoikies | Kythera | Greece\",\"description\":\"Voyage to Kythera\",\"potentialAction\":[{\"@type\":\"SearchAction\",\"target\":{\"@type\":\"EntryPoint\",\"urlTemplate\":\"https:\/\/filoxeneskatoikies.com\/it\/?s={search_term_string}\"},\"query-input\":{\"@type\":\"PropertyValueSpecification\",\"valueRequired\":true,\"valueName\":\"search_term_string\"}}],\"inLanguage\":\"it-IT\"}]}<\/script>\n<!-- \/ Yoast SEO plugin. -->","yoast_head_json":{"title":"Vacanze invernali - Filoxenes Katoikies | Kythera | Greece","robots":{"index":"index","follow":"follow","max-snippet":"max-snippet:-1","max-image-preview":"max-image-preview:large","max-video-preview":"max-video-preview:-1"},"canonical":"https:\/\/filoxeneskatoikies.com\/it\/kythera\/winter-kythira\/","og_locale":"it_IT","og_type":"article","og_title":"Vacanze invernali - Filoxenes Katoikies | Kythera | Greece","og_description":"Svaghi invernali in una delle isole pi\u00f9 soleggiate, pu\u00f2 sembrare una contraddizione, ma non lo \u00e8. Citera \u00e8 un\u2019isola di...","og_url":"https:\/\/filoxeneskatoikies.com\/it\/kythera\/winter-kythira\/","og_site_name":"Filoxenes Katoikies | Kythera | Greece","article_modified_time":"2021-04-15T18:36:27+00:00","twitter_card":"summary_large_image","twitter_misc":{"Tempo di lettura stimato":"2 minuti"},"schema":{"@context":"https:\/\/schema.org","@graph":[{"@type":"WebPage","@id":"https:\/\/filoxeneskatoikies.com\/it\/kythera\/winter-kythira\/","url":"https:\/\/filoxeneskatoikies.com\/it\/kythera\/winter-kythira\/","name":"Vacanze invernali - Filoxenes Katoikies | Kythera | Greece","isPartOf":{"@id":"https:\/\/filoxeneskatoikies.com\/it\/#website"},"datePublished":"2013-01-28T00:21:09+00:00","dateModified":"2021-04-15T18:36:27+00:00","breadcrumb":{"@id":"https:\/\/filoxeneskatoikies.com\/it\/kythera\/winter-kythira\/#breadcrumb"},"inLanguage":"it-IT","potentialAction":[{"@type":"ReadAction","target":[["https:\/\/filoxeneskatoikies.com\/it\/kythera\/winter-kythira\/"]]}]},{"@type":"BreadcrumbList","@id":"https:\/\/filoxeneskatoikies.com\/it\/kythera\/winter-kythira\/#breadcrumb","itemListElement":[{"@type":"ListItem","position":1,"name":"Home","item":"https:\/\/filoxeneskatoikies.com\/it\/"},{"@type":"ListItem","position":2,"name":"Vacanze invernali"}]},{"@type":"WebSite","@id":"https:\/\/filoxeneskatoikies.com\/it\/#website","url":"https:\/\/filoxeneskatoikies.com\/it\/","name":"Filoxenes Katoikies | Kythera | Greece","description":"Voyage to Kythera","potentialAction":[{"@type":"SearchAction","target":{"@type":"EntryPoint","urlTemplate":"https:\/\/filoxeneskatoikies.com\/it\/?s={search_term_string}"},"query-input":{"@type":"PropertyValueSpecification","valueRequired":true,"valueName":"search_term_string"}}],"inLanguage":"it-IT"}]}},"jetpack_sharing_enabled":true,"_links":{"self":[{"href":"https:\/\/filoxeneskatoikies.com\/it\/wp-json\/wp\/v2\/pages\/137","targetHints":{"allow":["GET"]}}],"collection":[{"href":"https:\/\/filoxeneskatoikies.com\/it\/wp-json\/wp\/v2\/pages"}],"about":[{"href":"https:\/\/filoxeneskatoikies.com\/it\/wp-json\/wp\/v2\/types\/page"}],"author":[{"embeddable":true,"href":"https:\/\/filoxeneskatoikies.com\/it\/wp-json\/wp\/v2\/users\/3"}],"replies":[{"embeddable":true,"href":"https:\/\/filoxeneskatoikies.com\/it\/wp-json\/wp\/v2\/comments?post=137"}],"version-history":[{"count":31,"href":"https:\/\/filoxeneskatoikies.com\/it\/wp-json\/wp\/v2\/pages\/137\/revisions"}],"predecessor-version":[{"id":3171,"href":"https:\/\/filoxeneskatoikies.com\/it\/wp-json\/wp\/v2\/pages\/137\/revisions\/3171"}],"up":[{"embeddable":true,"href":"https:\/\/filoxeneskatoikies.com\/it\/wp-json\/wp\/v2\/pages\/112"}],"wp:attachment":[{"href":"https:\/\/filoxeneskatoikies.com\/it\/wp-json\/wp\/v2\/media?parent=137"}],"curies":[{"name":"wp","href":"https:\/\/api.w.org\/{rel}","templated":true}]}}