{"id":951,"date":"2013-03-13T22:05:01","date_gmt":"2013-03-13T20:05:01","guid":{"rendered":"https:\/\/filoxeneskatoikies.com\/?page_id=951"},"modified":"2018-01-29T22:57:19","modified_gmt":"2018-01-29T20:57:19","slug":"voyagetocythera","status":"publish","type":"page","link":"https:\/\/filoxeneskatoikies.com\/it\/kythera\/voyagetocythera\/","title":{"rendered":"Trasporti &#8211; Orari"},"content":{"rendered":"<p><\/p>\n<h2>Auto\/Bus\/Traghetti<\/h2>\n<p>Per raggiungere Citera con l&#8217;auto \u00e8 necessario guidare ai porti di Neapolis o Gythio, situate sulla terraferma. Da Neapolis partono regolarmente traghetti per Citera. Da Gythio c&#8217;\u00e8 un traghetto settimanale ogni gioved\u00ec Dal Pireo partono il mercoled\u00ec e il venerd\u00ec, da Creta tre volte a settimana.<\/p>\n<h2>Aerei<\/h2>\n<p>Per raggiungere l&#8217;isola con l&#8217;aereo ci sono voli quotidiani da Atene a Citera. Il volo ci mette circa 50 min. e la sola compagnia che serve la tratta \u00e8 la Olympic Airlines.<\/p>\n<h2>Orari<\/h2>\n<p>Scarica qui il piano orario di traghetti, aeroplani, ecc., per Citera.<\/p>\n<p><a title=\"Rotte e Orari\" href=\"https:\/\/www.visitkythera.com\/schedules\/\" target=\"_blank\" rel=\"noopener\">&gt;&gt;Orari<\/a><\/p>\n<h2>Useful phones<\/h2>\n<p>KTEL Inter City Bus (Athens to Neapoli): +30 210 5124913<br \/>\nAirport of Kythira: +30 27360 33292<br \/>\nPort of Gythion: +30 27330 22262<br \/>\nPort\u00a0of Naples: +30 27340 22228<br \/>\nPort\u00a0of Agia Pelagia Kythira: +30 27360 33280<br \/>\nPort of Diakofti Kythira: +30 27360 34222<\/p>","protected":false},"excerpt":{"rendered":"<p>Auto\/Bus\/Traghetti Per raggiungere Citera con l&#8217;auto \u00e8 necessario guidare ai porti di Neapolis o Gythio, situate sulla terraferma. Da Neapolis&#8230;<\/p>\n","protected":false},"author":3,"featured_media":0,"parent":112,"menu_order":0,"comment_status":"closed","ping_status":"closed","template":"","meta":{"footnotes":""},"class_list":["post-951","page","type-page","status-publish","hentry"],"yoast_head":"<!-- This site is optimized with the Yoast SEO plugin v27.2 - https:\/\/yoast.com\/product\/yoast-seo-wordpress\/ -->\n<title>Trasporti - Orari - Filoxenes Katoikies | Kythera | Greece<\/title>\n<meta name=\"robots\" content=\"index, follow, max-snippet:-1, max-image-preview:large, max-video-preview:-1\" \/>\n<link rel=\"canonical\" href=\"https:\/\/filoxeneskatoikies.com\/it\/kythera\/voyagetocythera\/\" \/>\n<meta property=\"og:locale\" content=\"it_IT\" \/>\n<meta property=\"og:type\" content=\"article\" \/>\n<meta property=\"og:title\" content=\"Trasporti - Orari - Filoxenes Katoikies | Kythera | Greece\" \/>\n<meta property=\"og:description\" content=\"Auto\/Bus\/Traghetti Per raggiungere Citera con l&#8217;auto \u00e8 necessario guidare ai porti di Neapolis o Gythio, situate sulla terraferma. Da Neapolis...\" \/>\n<meta property=\"og:url\" content=\"https:\/\/filoxeneskatoikies.com\/it\/kythera\/voyagetocythera\/\" \/>\n<meta property=\"og:site_name\" content=\"Filoxenes Katoikies | Kythera | Greece\" \/>\n<meta property=\"article:modified_time\" content=\"2018-01-29T20:57:19+00:00\" \/>\n<meta name=\"twitter:card\" content=\"summary_large_image\" \/>\n<meta name=\"twitter:label1\" content=\"Tempo di lettura stimato\" \/>\n\t<meta name=\"twitter:data1\" content=\"2 minuti\" \/>\n<script type=\"application\/ld+json\" class=\"yoast-schema-graph\">{\"@context\":\"https:\/\/schema.org\",\"@graph\":[{\"@type\":\"WebPage\",\"@id\":\"https:\/\/filoxeneskatoikies.com\/it\/kythera\/voyagetocythera\/\",\"url\":\"https:\/\/filoxeneskatoikies.com\/it\/kythera\/voyagetocythera\/\",\"name\":\"Trasporti - Orari - Filoxenes Katoikies | Kythera | Greece\",\"isPartOf\":{\"@id\":\"https:\/\/filoxeneskatoikies.com\/it\/#website\"},\"datePublished\":\"2013-03-13T20:05:01+00:00\",\"dateModified\":\"2018-01-29T20:57:19+00:00\",\"breadcrumb\":{\"@id\":\"https:\/\/filoxeneskatoikies.com\/it\/kythera\/voyagetocythera\/#breadcrumb\"},\"inLanguage\":\"it-IT\",\"potentialAction\":[{\"@type\":\"ReadAction\",\"target\":[[\"https:\/\/filoxeneskatoikies.com\/it\/kythera\/voyagetocythera\/\"]]}]},{\"@type\":\"BreadcrumbList\",\"@id\":\"https:\/\/filoxeneskatoikies.com\/it\/kythera\/voyagetocythera\/#breadcrumb\",\"itemListElement\":[{\"@type\":\"ListItem\",\"position\":1,\"name\":\"Home\",\"item\":\"https:\/\/filoxeneskatoikies.com\/it\/\"},{\"@type\":\"ListItem\",\"position\":2,\"name\":\"Trasporti &#8211; Orari\"}]},{\"@type\":\"WebSite\",\"@id\":\"https:\/\/filoxeneskatoikies.com\/it\/#website\",\"url\":\"https:\/\/filoxeneskatoikies.com\/it\/\",\"name\":\"Filoxenes Katoikies | Kythera | Greece\",\"description\":\"Voyage to Kythera\",\"potentialAction\":[{\"@type\":\"SearchAction\",\"target\":{\"@type\":\"EntryPoint\",\"urlTemplate\":\"https:\/\/filoxeneskatoikies.com\/it\/?s={search_term_string}\"},\"query-input\":{\"@type\":\"PropertyValueSpecification\",\"valueRequired\":true,\"valueName\":\"search_term_string\"}}],\"inLanguage\":\"it-IT\"}]}<\/script>\n<!-- \/ Yoast SEO plugin. -->","yoast_head_json":{"title":"Trasporti - Orari - Filoxenes Katoikies | Kythera | Greece","robots":{"index":"index","follow":"follow","max-snippet":"max-snippet:-1","max-image-preview":"max-image-preview:large","max-video-preview":"max-video-preview:-1"},"canonical":"https:\/\/filoxeneskatoikies.com\/it\/kythera\/voyagetocythera\/","og_locale":"it_IT","og_type":"article","og_title":"Trasporti - Orari - Filoxenes Katoikies | Kythera | Greece","og_description":"Auto\/Bus\/Traghetti Per raggiungere Citera con l&#8217;auto \u00e8 necessario guidare ai porti di Neapolis o Gythio, situate sulla terraferma. Da Neapolis...","og_url":"https:\/\/filoxeneskatoikies.com\/it\/kythera\/voyagetocythera\/","og_site_name":"Filoxenes Katoikies | Kythera | Greece","article_modified_time":"2018-01-29T20:57:19+00:00","twitter_card":"summary_large_image","twitter_misc":{"Tempo di lettura stimato":"2 minuti"},"schema":{"@context":"https:\/\/schema.org","@graph":[{"@type":"WebPage","@id":"https:\/\/filoxeneskatoikies.com\/it\/kythera\/voyagetocythera\/","url":"https:\/\/filoxeneskatoikies.com\/it\/kythera\/voyagetocythera\/","name":"Trasporti - Orari - Filoxenes Katoikies | Kythera | Greece","isPartOf":{"@id":"https:\/\/filoxeneskatoikies.com\/it\/#website"},"datePublished":"2013-03-13T20:05:01+00:00","dateModified":"2018-01-29T20:57:19+00:00","breadcrumb":{"@id":"https:\/\/filoxeneskatoikies.com\/it\/kythera\/voyagetocythera\/#breadcrumb"},"inLanguage":"it-IT","potentialAction":[{"@type":"ReadAction","target":[["https:\/\/filoxeneskatoikies.com\/it\/kythera\/voyagetocythera\/"]]}]},{"@type":"BreadcrumbList","@id":"https:\/\/filoxeneskatoikies.com\/it\/kythera\/voyagetocythera\/#breadcrumb","itemListElement":[{"@type":"ListItem","position":1,"name":"Home","item":"https:\/\/filoxeneskatoikies.com\/it\/"},{"@type":"ListItem","position":2,"name":"Trasporti &#8211; Orari"}]},{"@type":"WebSite","@id":"https:\/\/filoxeneskatoikies.com\/it\/#website","url":"https:\/\/filoxeneskatoikies.com\/it\/","name":"Filoxenes Katoikies | Kythera | Greece","description":"Voyage to Kythera","potentialAction":[{"@type":"SearchAction","target":{"@type":"EntryPoint","urlTemplate":"https:\/\/filoxeneskatoikies.com\/it\/?s={search_term_string}"},"query-input":{"@type":"PropertyValueSpecification","valueRequired":true,"valueName":"search_term_string"}}],"inLanguage":"it-IT"}]}},"jetpack_sharing_enabled":true,"_links":{"self":[{"href":"https:\/\/filoxeneskatoikies.com\/it\/wp-json\/wp\/v2\/pages\/951","targetHints":{"allow":["GET"]}}],"collection":[{"href":"https:\/\/filoxeneskatoikies.com\/it\/wp-json\/wp\/v2\/pages"}],"about":[{"href":"https:\/\/filoxeneskatoikies.com\/it\/wp-json\/wp\/v2\/types\/page"}],"author":[{"embeddable":true,"href":"https:\/\/filoxeneskatoikies.com\/it\/wp-json\/wp\/v2\/users\/3"}],"replies":[{"embeddable":true,"href":"https:\/\/filoxeneskatoikies.com\/it\/wp-json\/wp\/v2\/comments?post=951"}],"version-history":[{"count":32,"href":"https:\/\/filoxeneskatoikies.com\/it\/wp-json\/wp\/v2\/pages\/951\/revisions"}],"predecessor-version":[{"id":2826,"href":"https:\/\/filoxeneskatoikies.com\/it\/wp-json\/wp\/v2\/pages\/951\/revisions\/2826"}],"up":[{"embeddable":true,"href":"https:\/\/filoxeneskatoikies.com\/it\/wp-json\/wp\/v2\/pages\/112"}],"wp:attachment":[{"href":"https:\/\/filoxeneskatoikies.com\/it\/wp-json\/wp\/v2\/media?parent=951"}],"curies":[{"name":"wp","href":"https:\/\/api.w.org\/{rel}","templated":true}]}}