{"id":957,"date":"2013-03-13T22:16:36","date_gmt":"2013-03-13T20:16:36","guid":{"rendered":"https:\/\/filoxeneskatoikies.com\/?page_id=957"},"modified":"2017-06-18T12:06:40","modified_gmt":"2017-06-18T10:06:40","slug":"taste","status":"publish","type":"page","link":"https:\/\/filoxeneskatoikies.com\/it\/kythera\/taste\/","title":{"rendered":"Gastronomia"},"content":{"rendered":"<p>Il miele di Citera \u00e8 tra gli orgogli gastronomici della Grecia. I visitatori di Citera di solito partono con almeno un vasetto di questo miele nel loro bagaglio. Si ritiene che a introdurre a Citera l&#8217;arte del miele siano stati i Minoici.<\/p>\n<p>Anche il vino di Citera \u00e8 considerato un prodotto top del territorio. All&#8217;antico torchio del signor Manolis a Tsikalar\u00eca avrete la possibilit\u00e0 di degustare vini locali e di fare una visita guidata del posto, imparando i segreti dell&#8217;arte della vinificazione. Gli amanti del vino avranno una maggior motivazione a fare un tour del vino a Citera e diversi vini in bottiglia. In questo modo, durante il vostro soggiorno sull&#8217;isola, una cosa sar\u00e0 certa: il buon cibo e il vino avranno un ruolo di primo piano!<\/p>\n<p>Fatourada, il delizioso liquore dell&#8217;isola tratto da acquavite, cannella e chiodo di garofano o aromatizzato con frutta come arancia, mandarino, albicocca, mediante la lunga macerazione della buccia o dei semi (fatourade essiccate al sole).<\/p>\n<p>L&#8217;olio di Citera \u00e8 tra i prodotti pi\u00f9 preziosi dell&#8217;isola. Alimento importante per Citera \u00e8 il biscotto secco di grano duro, il paxim\u00e0di, che si gusta in larga misura con olio puro. La gente del posto durante l&#8217;autunno e l&#8217;inverno raccoglie le olive e produce il proprio olio.<\/p>\n<p>In diverse localit\u00e0 di Citera si possono poi acquistare i dolci della tradizione locale. I pi\u00f9 tipici sono i seguenti:<\/p>\n<p>Rozedes, i tradizionali dolci di miele, farina di mandorle, zucchero, cannella e chiodi di garofano, conservati per molti mesi senza perdere il loro gusto meraviglioso.<\/p>\n<p>Pastitseto, dolce di origini &#8220;nobili&#8221;, che richiede i migliori ingredienti: tanta vaniglia, burro e marmellata di mele cotogne.<\/p>\n<p>Xerot\u00ecgana con una lavorazione talmente delicata che assomigliano a ninfee anche per gli ingredienti puri: sottile pasta fillo croccante, miele di timo, sesamo e cannella.<\/p>\n<p>Pasta Mylou, la delizia degli appassionati della frutta secca, basato sulla macinazione fine in un mulino a mano delle mandorle sbucciate, da cui viene il nome. Si mescola alla poltiglia la &#8216;giusta&#8217; dose di sciroppo, che le conferisce le sue prerogative.<\/p>\n<p>Koumara, dolcetto della dimensione di un boccone, che parla direttamente alla vostra bocca e a tutti i vostri sensi del gusto.<\/p>\n<p>Boutino, il &#8220;pandispagna&#8221; di Citera. Viene fatto con latte fresco, burro puro, uova di paese, semolino, zucchero, uva passa,, mandorla tostata e cannella in polvere. Gustatelo col gelato.<\/p>\n<p>Melounia, squisiti dolcetti imbevuti di miele fatti coi migliori ingredienti: miele di timo, mandorle, farina, olio extra vergine.<\/p>\n<p>Vi invitiamo ad assaggiare i prodotti locali e le ricette tipiche della cucina di Citera. Forse vi imbatterete in cibi per voi nuovi, anche se l&#8217;influenza veneziana \u00e8 stata forte, tuttavia nel corso degli anni si \u00e8 indebolita almeno per quanto riguarda l&#8217;alimentazione. Le taverne di Citera vi ripagheranno. Se dovessimo darvi un consiglio, vi diremmo di evitare le ore di punta nel mese di agosto, in modo da non avere lunghi tempi di attesa.<\/p>","protected":false},"excerpt":{"rendered":"<p>Il miele di Citera \u00e8 tra gli orgogli gastronomici della Grecia. I visitatori di Citera di solito partono con almeno&#8230;<\/p>\n","protected":false},"author":3,"featured_media":0,"parent":112,"menu_order":0,"comment_status":"closed","ping_status":"closed","template":"","meta":{"footnotes":""},"class_list":["post-957","page","type-page","status-publish","hentry"],"yoast_head":"<!-- This site is optimized with the Yoast SEO plugin v27.2 - https:\/\/yoast.com\/product\/yoast-seo-wordpress\/ -->\n<title>\u0393\u03b5\u03cd\u03c3\u03b5\u03b9\u03c2TasteGastronomiaAromen\u0427\u0442\u043e \u0441\u0442\u043e\u0438\u0442 \u043f\u043e\u043f\u0440\u043e\u0431\u043e\u0432\u0430\u0442\u044c - Filoxenes Katoikies | Kythera | Greece<\/title>\n<meta name=\"robots\" content=\"index, follow, max-snippet:-1, max-image-preview:large, max-video-preview:-1\" \/>\n<link rel=\"canonical\" href=\"https:\/\/filoxeneskatoikies.com\/it\/kythera\/taste\/\" \/>\n<meta property=\"og:locale\" content=\"it_IT\" \/>\n<meta property=\"og:type\" content=\"article\" \/>\n<meta property=\"og:title\" content=\"\u0393\u03b5\u03cd\u03c3\u03b5\u03b9\u03c2TasteGastronomiaAromen\u0427\u0442\u043e \u0441\u0442\u043e\u0438\u0442 \u043f\u043e\u043f\u0440\u043e\u0431\u043e\u0432\u0430\u0442\u044c - Filoxenes Katoikies | Kythera | Greece\" \/>\n<meta property=\"og:description\" content=\"Il miele di Citera \u00e8 tra gli orgogli gastronomici della Grecia. I visitatori di Citera di solito partono con almeno...\" \/>\n<meta property=\"og:url\" content=\"https:\/\/filoxeneskatoikies.com\/it\/kythera\/taste\/\" \/>\n<meta property=\"og:site_name\" content=\"Filoxenes Katoikies | Kythera | Greece\" \/>\n<meta property=\"article:modified_time\" content=\"2017-06-18T10:06:40+00:00\" \/>\n<meta name=\"twitter:card\" content=\"summary_large_image\" \/>\n<meta name=\"twitter:label1\" content=\"Tempo di lettura stimato\" \/>\n\t<meta name=\"twitter:data1\" content=\"4 minuti\" \/>\n<script type=\"application\/ld+json\" class=\"yoast-schema-graph\">{\"@context\":\"https:\/\/schema.org\",\"@graph\":[{\"@type\":\"WebPage\",\"@id\":\"https:\/\/filoxeneskatoikies.com\/it\/kythera\/taste\/\",\"url\":\"https:\/\/filoxeneskatoikies.com\/it\/kythera\/taste\/\",\"name\":\"\u0393\u03b5\u03cd\u03c3\u03b5\u03b9\u03c2TasteGastronomiaAromen\u0427\u0442\u043e \u0441\u0442\u043e\u0438\u0442 \u043f\u043e\u043f\u0440\u043e\u0431\u043e\u0432\u0430\u0442\u044c - Filoxenes Katoikies | Kythera | Greece\",\"isPartOf\":{\"@id\":\"https:\/\/filoxeneskatoikies.com\/it\/#website\"},\"datePublished\":\"2013-03-13T20:16:36+00:00\",\"dateModified\":\"2017-06-18T10:06:40+00:00\",\"breadcrumb\":{\"@id\":\"https:\/\/filoxeneskatoikies.com\/it\/kythera\/taste\/#breadcrumb\"},\"inLanguage\":\"it-IT\",\"potentialAction\":[{\"@type\":\"ReadAction\",\"target\":[[\"https:\/\/filoxeneskatoikies.com\/it\/kythera\/taste\/\"]]}]},{\"@type\":\"BreadcrumbList\",\"@id\":\"https:\/\/filoxeneskatoikies.com\/it\/kythera\/taste\/#breadcrumb\",\"itemListElement\":[{\"@type\":\"ListItem\",\"position\":1,\"name\":\"Home\",\"item\":\"https:\/\/filoxeneskatoikies.com\/it\/\"},{\"@type\":\"ListItem\",\"position\":2,\"name\":\"Gastronomia\"}]},{\"@type\":\"WebSite\",\"@id\":\"https:\/\/filoxeneskatoikies.com\/it\/#website\",\"url\":\"https:\/\/filoxeneskatoikies.com\/it\/\",\"name\":\"Filoxenes Katoikies | Kythera | Greece\",\"description\":\"Voyage to Kythera\",\"potentialAction\":[{\"@type\":\"SearchAction\",\"target\":{\"@type\":\"EntryPoint\",\"urlTemplate\":\"https:\/\/filoxeneskatoikies.com\/it\/?s={search_term_string}\"},\"query-input\":{\"@type\":\"PropertyValueSpecification\",\"valueRequired\":true,\"valueName\":\"search_term_string\"}}],\"inLanguage\":\"it-IT\"}]}<\/script>\n<!-- \/ Yoast SEO plugin. -->","yoast_head_json":{"title":"\u0393\u03b5\u03cd\u03c3\u03b5\u03b9\u03c2TasteGastronomiaAromen\u0427\u0442\u043e \u0441\u0442\u043e\u0438\u0442 \u043f\u043e\u043f\u0440\u043e\u0431\u043e\u0432\u0430\u0442\u044c - Filoxenes Katoikies | Kythera | Greece","robots":{"index":"index","follow":"follow","max-snippet":"max-snippet:-1","max-image-preview":"max-image-preview:large","max-video-preview":"max-video-preview:-1"},"canonical":"https:\/\/filoxeneskatoikies.com\/it\/kythera\/taste\/","og_locale":"it_IT","og_type":"article","og_title":"\u0393\u03b5\u03cd\u03c3\u03b5\u03b9\u03c2TasteGastronomiaAromen\u0427\u0442\u043e \u0441\u0442\u043e\u0438\u0442 \u043f\u043e\u043f\u0440\u043e\u0431\u043e\u0432\u0430\u0442\u044c - Filoxenes Katoikies | Kythera | Greece","og_description":"Il miele di Citera \u00e8 tra gli orgogli gastronomici della Grecia. I visitatori di Citera di solito partono con almeno...","og_url":"https:\/\/filoxeneskatoikies.com\/it\/kythera\/taste\/","og_site_name":"Filoxenes Katoikies | Kythera | Greece","article_modified_time":"2017-06-18T10:06:40+00:00","twitter_card":"summary_large_image","twitter_misc":{"Tempo di lettura stimato":"4 minuti"},"schema":{"@context":"https:\/\/schema.org","@graph":[{"@type":"WebPage","@id":"https:\/\/filoxeneskatoikies.com\/it\/kythera\/taste\/","url":"https:\/\/filoxeneskatoikies.com\/it\/kythera\/taste\/","name":"\u0393\u03b5\u03cd\u03c3\u03b5\u03b9\u03c2TasteGastronomiaAromen\u0427\u0442\u043e \u0441\u0442\u043e\u0438\u0442 \u043f\u043e\u043f\u0440\u043e\u0431\u043e\u0432\u0430\u0442\u044c - Filoxenes Katoikies | Kythera | Greece","isPartOf":{"@id":"https:\/\/filoxeneskatoikies.com\/it\/#website"},"datePublished":"2013-03-13T20:16:36+00:00","dateModified":"2017-06-18T10:06:40+00:00","breadcrumb":{"@id":"https:\/\/filoxeneskatoikies.com\/it\/kythera\/taste\/#breadcrumb"},"inLanguage":"it-IT","potentialAction":[{"@type":"ReadAction","target":[["https:\/\/filoxeneskatoikies.com\/it\/kythera\/taste\/"]]}]},{"@type":"BreadcrumbList","@id":"https:\/\/filoxeneskatoikies.com\/it\/kythera\/taste\/#breadcrumb","itemListElement":[{"@type":"ListItem","position":1,"name":"Home","item":"https:\/\/filoxeneskatoikies.com\/it\/"},{"@type":"ListItem","position":2,"name":"Gastronomia"}]},{"@type":"WebSite","@id":"https:\/\/filoxeneskatoikies.com\/it\/#website","url":"https:\/\/filoxeneskatoikies.com\/it\/","name":"Filoxenes Katoikies | Kythera | Greece","description":"Voyage to Kythera","potentialAction":[{"@type":"SearchAction","target":{"@type":"EntryPoint","urlTemplate":"https:\/\/filoxeneskatoikies.com\/it\/?s={search_term_string}"},"query-input":{"@type":"PropertyValueSpecification","valueRequired":true,"valueName":"search_term_string"}}],"inLanguage":"it-IT"}]}},"jetpack_sharing_enabled":true,"_links":{"self":[{"href":"https:\/\/filoxeneskatoikies.com\/it\/wp-json\/wp\/v2\/pages\/957","targetHints":{"allow":["GET"]}}],"collection":[{"href":"https:\/\/filoxeneskatoikies.com\/it\/wp-json\/wp\/v2\/pages"}],"about":[{"href":"https:\/\/filoxeneskatoikies.com\/it\/wp-json\/wp\/v2\/types\/page"}],"author":[{"embeddable":true,"href":"https:\/\/filoxeneskatoikies.com\/it\/wp-json\/wp\/v2\/users\/3"}],"replies":[{"embeddable":true,"href":"https:\/\/filoxeneskatoikies.com\/it\/wp-json\/wp\/v2\/comments?post=957"}],"version-history":[{"count":6,"href":"https:\/\/filoxeneskatoikies.com\/it\/wp-json\/wp\/v2\/pages\/957\/revisions"}],"predecessor-version":[{"id":1028,"href":"https:\/\/filoxeneskatoikies.com\/it\/wp-json\/wp\/v2\/pages\/957\/revisions\/1028"}],"up":[{"embeddable":true,"href":"https:\/\/filoxeneskatoikies.com\/it\/wp-json\/wp\/v2\/pages\/112"}],"wp:attachment":[{"href":"https:\/\/filoxeneskatoikies.com\/it\/wp-json\/wp\/v2\/media?parent=957"}],"curies":[{"name":"wp","href":"https:\/\/api.w.org\/{rel}","templated":true}]}}